{"id":41836,"date":"2021-12-30T09:41:27","date_gmt":"2021-12-30T07:41:27","guid":{"rendered":"https:\/\/totalblue.ro\/?post_type=product&#038;p=41836"},"modified":"2025-08-01T11:45:43","modified_gmt":"2025-08-01T08:45:43","slug":"knorr-food-couscous-marocain-pour-2-3-personnes","status":"publish","type":"product","link":"https:\/\/totalblue.ro\/fr\/produs\/knorr-mancare-couscous-marocan-pentru-2-3-persoane\/","title":{"rendered":"Couscous marocain Knorr Food, pour 2-3 personnes"},"content":{"rendered":"<p>Couscous marocain Knorr Food, pour 2-3 personnes<\/p>\n<p><strong>Ingr\u00e9dient<\/strong>Couscous aux raisins secs : couscous (grains de bl\u00e9 dur) 83%, raisins secs 17%, huile de tournesol. Peut contenir du lait, de l'\u0153uf, du soja, du c\u00e9leri, de la moutarde. Ingr\u00e9dients du m\u00e9lange pour sauce : farine de bl\u00e9, sucre, ar\u00f4me, poudre de tomate 13,5%, sel, prot\u00e9ines v\u00e9g\u00e9tales hydrolys\u00e9es, graisse de palme, poudre d'oignon 1,9%, poudre d'ail 1,6%, f\u00e9cule de pomme de terre, sel min\u00e9ral (potassium), poivre, poudre de paprika, poudre de paprika, acide : acide citrique, \u00e9pices (thym, laurier), cumin, sirop de sucre br\u00fbl\u00e9, curcuma, gingembre, maltodextrine, cardamome, geni\u00e8vre. Peut contenir du lait, des \u0153ufs, du soja, du c\u00e9leri, de la moutarde. Ingr\u00e9dients du m\u00e9lange d'\u00e9pices : paprika en poudre, sel, sucre, ail en poudre 9%, cannelle, cumin, gingembre, coriandre, f\u00e9cule de pomme de terre, graisse de palme, poivre. Peut contenir du gluten, du lait, des \u0153ufs, du soja, du c\u00e9leri et de la moutarde.<\/p>\n<div id=\"tab-description\" class=\"woocommerce-Tabs-panel woocommerce-Tabs-panel--description panel entry-content active\" role=\"tabpanel\" aria-labelledby=\"tab-title-description\">\n<p>Fabricant Unilever Nederland, Knorr Postbus 160 3000 AD Rotterdam, Pays-Bas<br \/>\nImportateur et distributeur Total Blue Impex SRL<\/p>\n<\/div>\n<div id=\"tab-additional_information\" class=\"woocommerce-Tabs-panel woocommerce-Tabs-panel--additional_information panel entry-content\" role=\"tabpanel\" aria-labelledby=\"tab-title-additional_information\"><\/div>","protected":false},"excerpt":{"rendered":"<p>Knorr Mancare Couscous Marocan, pentru 2-3 persoane Ingrediente: cuscus cu stafide: cuscus (boabe de grau tare) 83%, stafide 17%, ulei de floarea soarelui. Poate contine lapte, ou, soia, telina, mustar. Ingrediente pentru amestecul de sos: faina de grau, zahar, aroma, pudra de rosii 13,5%, sare, proteine \u200b\u200bvegetale hidrolizate, grasime de palmier, praf de ceapa 1,9%, [&#8230;]\n","protected":false},"featured_media":41838,"comment_status":"open","ping_status":"closed","template":"","meta":{"_acf_changed":false,"_seopress_robots_primary_cat":"none","_seopress_titles_title":"","_seopress_titles_desc":"","_seopress_robots_index":""},"product_brand":[1870],"product_cat":[1555,1463,3328,1362,1767],"giftcard-category":[],"class_list":{"0":"post-41836","1":"product","2":"type-product","3":"status-publish","4":"has-post-thumbnail","6":"product_brand-knorr","7":"product_cat-bacanie","8":"product_cat-orez","9":"product_cat-paste-orez-ulei-otet","10":"product_cat-ulei-orez-faina-zahar","11":"product_cat-produse-olanda","13":"first","14":"outofstock","15":"taxable","16":"shipping-taxable","17":"purchasable","18":"product-type-simple"},"acf":[],"_links":{"self":[{"href":"https:\/\/totalblue.ro\/fr\/wp-json\/wp\/v2\/product\/41836","targetHints":{"allow":["GET"]}}],"collection":[{"href":"https:\/\/totalblue.ro\/fr\/wp-json\/wp\/v2\/product"}],"about":[{"href":"https:\/\/totalblue.ro\/fr\/wp-json\/wp\/v2\/types\/product"}],"replies":[{"embeddable":true,"href":"https:\/\/totalblue.ro\/fr\/wp-json\/wp\/v2\/comments?post=41836"}],"wp:featuredmedia":[{"embeddable":true,"href":"https:\/\/totalblue.ro\/fr\/wp-json\/wp\/v2\/media\/41838"}],"wp:attachment":[{"href":"https:\/\/totalblue.ro\/fr\/wp-json\/wp\/v2\/media?parent=41836"}],"wp:term":[{"taxonomy":"product_brand","embeddable":true,"href":"https:\/\/totalblue.ro\/fr\/wp-json\/wp\/v2\/product_brand?post=41836"},{"taxonomy":"product_cat","embeddable":true,"href":"https:\/\/totalblue.ro\/fr\/wp-json\/wp\/v2\/product_cat?post=41836"},{"taxonomy":"giftcard-category","embeddable":true,"href":"https:\/\/totalblue.ro\/fr\/wp-json\/wp\/v2\/giftcard-category?post=41836"}],"curies":[{"name":"wp","href":"https:\/\/api.w.org\/{rel}","templated":true}]}}