{"id":41849,"date":"2021-12-30T13:50:50","date_gmt":"2021-12-30T11:50:50","guid":{"rendered":"https:\/\/totalblue.ro\/?post_type=product&#038;p=41849"},"modified":"2026-03-02T13:29:14","modified_gmt":"2026-03-02T11:29:14","slug":"conimex-ketjap-manis-gold-premium-quality-250-ml","status":"publish","type":"product","link":"https:\/\/totalblue.ro\/fr\/produs\/conimex-ketjap-manis-gold-premium-quality-250-ml\/","title":{"rendered":"Conimex Ketjap Manis Gold Premium Quality 250 ml"},"content":{"rendered":"<p>Conimex Ketjap Manis Gold Premium Quality 250 ml<br \/>\n<strong>Ingr\u00e9dient :<\/strong> Sauce soja doublement ferment\u00e9e 30% (eau, m\u00e9lasse, sel, soja, farine de bl\u00e9, acidifiant E260, conservateur E202), eau, sucre, m\u00e9lasse, sel, conservateur E202<br \/>\n<strong>Allerg\u00e8nes :<\/strong> soja, degr\u00e9<br \/>\nAgiter le flacon avant utilisation.<br \/>\n<strong>Conditions de stockage<\/strong>Conserver au frais et \u00e0 l'abri de la lumi\u00e8re. Consommer avant : voir sur l'emballage.<br \/>\n<strong>Valeurs nutritionnelles :<\/strong><br \/>\n\u00c9nergie 922 kJ (220 kcal)<br \/>\nGraisses &lt; 0,5 g dont graisses satur\u00e9es &lt; 0,1 g<br \/>\nGlucides 51 g dont sucres 47 g<br \/>\nFibres alimentaires &lt; 0,5 g<br \/>\nProt\u00e9ines 2,3 g<br \/>\nSel 9,6 g<br \/>\nConditionnement : bouteille<br \/>\nFabriqu\u00e9 en Hollande Unilever Nederland, Conimex, Postbus 160, 3000 AD Rotterdam<br \/>\nImportateur et distributeur Total Blue Impex SRL<\/p>\n<p><a href=\"https:\/\/totalblue.ro\/wp-content\/uploads\/2021\/02\/vegetarian.jpeg\"><img loading=\"lazy\" decoding=\"async\" class=\"alignnone wp-image-27413\" src=\"https:\/\/totalblue.ro\/wp-content\/uploads\/2021\/02\/vegetarian.jpeg\" alt=\"\" width=\"81\" height=\"81\" srcset=\"https:\/\/totalblue.ro\/wp-content\/uploads\/2021\/02\/vegetarian.jpeg 225w, https:\/\/totalblue.ro\/wp-content\/uploads\/2021\/02\/vegetarian-100x100.jpeg 100w\" sizes=\"auto, (max-width: 81px) 100vw, 81px\" \/><\/a><\/p>\n<p>&nbsp;<\/p>","protected":false},"excerpt":{"rendered":"<p>Conimex Ketjap Manis goud 250 ml<\/p>","protected":false},"featured_media":165676,"comment_status":"open","ping_status":"closed","template":"","meta":{"_acf_changed":false,"_seopress_robots_primary_cat":"none","_seopress_titles_title":"","_seopress_titles_desc":"","_seopress_robots_index":""},"product_brand":[1949],"product_cat":[1555,3280,17494,1767],"giftcard-category":[],"class_list":{"0":"post-41849","1":"product","2":"type-product","3":"status-publish","4":"has-post-thumbnail","6":"product_brand-conimex","7":"product_cat-bacanie","8":"product_cat-condimente-sosuri","9":"product_cat-influente-asiatice","10":"product_cat-produse-olanda","12":"first","13":"outofstock","14":"taxable","15":"shipping-taxable","16":"purchasable","17":"product-type-simple"},"acf":[],"_links":{"self":[{"href":"https:\/\/totalblue.ro\/fr\/wp-json\/wp\/v2\/product\/41849","targetHints":{"allow":["GET"]}}],"collection":[{"href":"https:\/\/totalblue.ro\/fr\/wp-json\/wp\/v2\/product"}],"about":[{"href":"https:\/\/totalblue.ro\/fr\/wp-json\/wp\/v2\/types\/product"}],"replies":[{"embeddable":true,"href":"https:\/\/totalblue.ro\/fr\/wp-json\/wp\/v2\/comments?post=41849"}],"wp:featuredmedia":[{"embeddable":true,"href":"https:\/\/totalblue.ro\/fr\/wp-json\/wp\/v2\/media\/165676"}],"wp:attachment":[{"href":"https:\/\/totalblue.ro\/fr\/wp-json\/wp\/v2\/media?parent=41849"}],"wp:term":[{"taxonomy":"product_brand","embeddable":true,"href":"https:\/\/totalblue.ro\/fr\/wp-json\/wp\/v2\/product_brand?post=41849"},{"taxonomy":"product_cat","embeddable":true,"href":"https:\/\/totalblue.ro\/fr\/wp-json\/wp\/v2\/product_cat?post=41849"},{"taxonomy":"giftcard-category","embeddable":true,"href":"https:\/\/totalblue.ro\/fr\/wp-json\/wp\/v2\/giftcard-category?post=41849"}],"curies":[{"name":"wp","href":"https:\/\/api.w.org\/{rel}","templated":true}]}}