{"id":42372,"date":"2022-01-07T15:34:41","date_gmt":"2022-01-07T13:34:41","guid":{"rendered":"https:\/\/totalblue.ro\/?post_type=product&#038;p=42372"},"modified":"2025-12-15T02:22:44","modified_gmt":"2025-12-15T00:22:44","slug":"knorr-sos-de-ciuperci-37-g","status":"publish","type":"product","link":"https:\/\/totalblue.ro\/fr\/produs\/knorr-sos-de-ciuperci-37-g\/","title":{"rendered":"Knorr Sauce champignon 37 g"},"content":{"rendered":"<div id=\"content_tab_description\" class=\"tab-content tab-description\">\n<div class=\"tab-content-inner\">\n<div class=\"tab-content-scroll\">\n<p>Ciupercile fine si crema blanda dau acestui sos cremos o nota speciala<br \/>\nSosul de ciuperci Knorr Feinschmecker este ideal pentru preparate consistente din carne<br \/>\nUn sos cremos, maro deschis, desigur, fara aditivi si coloranti care sporesc aroma.<br \/>\nSos de ciuperci fara conservanti.<br \/>\nPreparare rapida si usoara a sosului<br \/>\n<strong>Ingr\u00e9dient :\u00a0 <\/strong>ulei de palmier, faina de grau, amidon, 6% ciuperci, sirop de glucoza uscat, sare de masa, proteine de lapte, arome, condimente, zahar, suc concentrat de ciuperci, sare de masa iodata, praf de ceapa, sirop de caramel, extract de drojdie, extract de patrunjel, radacina de orz, condimente, dextroza. Poate contine urme de ou, soia, telina si mustar.<br \/>\nA se pastra intr-un loc racoros si uscat.<br \/>\n<strong>Pr\u00e9paration :<br \/>\n<\/strong>M\u00e9langer le contenu du sac dans 250 ml d'eau froide \u00e0 l'aide d'un chiffon. Porter \u00e0 \u00e9bullition en remuant. Laisser mijoter pendant 1 minute en remuant de temps en temps.<br \/>\n<strong>Valori nutritionale la 100 ml produs:<\/strong><br \/>\nEnergie 271 kj \/ Energie 65 kcal<br \/>\nGrasimi 4,3 g din care acizi grasi saturati 2,5 g<br \/>\nGlucide 5,2 g din care zaharuri 0,5 g<br \/>\nAlbus de ou 1,3g<br \/>\nSare 0,80 g<\/p>\n<p>Fabriqu\u00e9 par Unilever Deutschland GmbH, AM Strandkai 1, 20457 Hamburg Deutschland (Allemagne).<br \/>\nImportateur et distributeur Total Blue Impex SRL<\/p>\n<\/div>\n<\/div>\n<\/div>","protected":false},"excerpt":{"rendered":"<p>Ciupercile fine si crema blanda dau acestui sos cremos o nota speciala Sosul de ciuperci Knorr Feinschmecker este ideal pentru preparate consistente din carne Un sos cremos, maro deschis, desigur, fara aditivi si coloranti care sporesc aroma. Sos de ciuperci fara conservanti. Preparare rapida si usoara a sosului Ingrediente:\u00a0 ulei de palmier, faina de grau, [&#8230;]\n","protected":false},"featured_media":139173,"comment_status":"open","ping_status":"closed","template":"","meta":{"_acf_changed":false,"_seopress_robots_primary_cat":"none","_seopress_titles_title":"","_seopress_titles_desc":"","_seopress_robots_index":""},"product_brand":[1870],"product_cat":[1555,3280,3380,1950,1767,1954],"giftcard-category":[],"class_list":{"0":"post-42372","1":"product","2":"type-product","3":"status-publish","4":"has-post-thumbnail","6":"product_brand-knorr","7":"product_cat-bacanie","8":"product_cat-condimente-sosuri","9":"product_cat-condimente-sosuri-produse-germania","10":"product_cat-produse-germania","11":"product_cat-produse-olanda","12":"product_cat-semipreparate","14":"first","15":"outofstock","16":"taxable","17":"shipping-taxable","18":"purchasable","19":"product-type-simple"},"acf":[],"_links":{"self":[{"href":"https:\/\/totalblue.ro\/fr\/wp-json\/wp\/v2\/product\/42372","targetHints":{"allow":["GET"]}}],"collection":[{"href":"https:\/\/totalblue.ro\/fr\/wp-json\/wp\/v2\/product"}],"about":[{"href":"https:\/\/totalblue.ro\/fr\/wp-json\/wp\/v2\/types\/product"}],"replies":[{"embeddable":true,"href":"https:\/\/totalblue.ro\/fr\/wp-json\/wp\/v2\/comments?post=42372"}],"wp:featuredmedia":[{"embeddable":true,"href":"https:\/\/totalblue.ro\/fr\/wp-json\/wp\/v2\/media\/139173"}],"wp:attachment":[{"href":"https:\/\/totalblue.ro\/fr\/wp-json\/wp\/v2\/media?parent=42372"}],"wp:term":[{"taxonomy":"product_brand","embeddable":true,"href":"https:\/\/totalblue.ro\/fr\/wp-json\/wp\/v2\/product_brand?post=42372"},{"taxonomy":"product_cat","embeddable":true,"href":"https:\/\/totalblue.ro\/fr\/wp-json\/wp\/v2\/product_cat?post=42372"},{"taxonomy":"giftcard-category","embeddable":true,"href":"https:\/\/totalblue.ro\/fr\/wp-json\/wp\/v2\/giftcard-category?post=42372"}],"curies":[{"name":"wp","href":"https:\/\/api.w.org\/{rel}","templated":true}]}}