{"id":43515,"date":"2022-01-27T15:35:57","date_gmt":"2022-01-27T13:35:57","guid":{"rendered":"https:\/\/totalblue.ro\/?post_type=product&#038;p=43515"},"modified":"2023-04-10T16:22:02","modified_gmt":"2023-04-10T13:22:02","slug":"marque-biere-pilsener-50-bouteille-300-ml-bouteille-import-hollande","status":"publish","type":"product","link":"https:\/\/totalblue.ro\/fr\/produs\/brand-pilsener-bere-50-sticla-300-ml-import-olanda\/","title":{"rendered":"Marque Pilsener Bi\u00e8re Pilsener 5,0%, bouteille 300 ml import Hollande"},"content":{"rendered":"<p>Produit disponible en ligne<br \/>\nIngr\u00e9dients : eau min\u00e9rale, malt d'orge, bl\u00e9, houblon, extrait de houblon.<br \/>\nAllerg\u00e8nes : contient de l'orge, c\u00e9r\u00e9ales contenant du gluten.<br \/>\nDescription.<br \/>\nAlcool : 5,0 % vol.<br \/>\nContenu et poids : bouteille avec bouchon 300 ml<br \/>\nStocker en position verticale, au frais. Recommand\u00e9 dans un endroit sombre. Conserver \u00e0 l'abri des temp\u00e9ratures \u00e9lev\u00e9es et du gel.<br \/>\nValeurs nutritionnelles :<br \/>\n\u00c9nergie 181 kJ (43 kcal)<br \/>\nGraisses 0,1 g dont graisses satur\u00e9es 0 g<br \/>\nGlucides 3,1g dont sucres &lt; 0,4g<br \/>\nProt\u00e9ines 0,5 g<br \/>\nSel &lt;0,1 g<\/p>\n<p>Mensonges l\u00e9gaux : L'alcool nuit gravement \u00e0 la sant\u00e9. \u00c0 consommer avec mod\u00e9ration. La vente aux moins de 18 ans est interdite. www.desprealcool.ro<br \/>\nFabricant : Brand Consumentenservice<br \/>\nAntwoordnummer 30900, 6320 XV Wijlre, Pays-Bas<br \/>\nImportateur et distributeur Total Blue Impex SRL<br \/>\n<a href=\"https:\/\/totalblue.ro\/wp-content\/uploads\/2021\/04\/under-18.jpg\"><img loading=\"lazy\" decoding=\"async\" class=\"alignnone wp-image-30757\" src=\"https:\/\/totalblue.ro\/wp-content\/uploads\/2021\/04\/under-18-400x400.jpg\" alt=\"\" width=\"108\" height=\"108\" srcset=\"https:\/\/totalblue.ro\/wp-content\/uploads\/2021\/04\/under-18-400x400.jpg 400w, https:\/\/totalblue.ro\/wp-content\/uploads\/2021\/04\/under-18-100x100.jpg 100w, https:\/\/totalblue.ro\/wp-content\/uploads\/2021\/04\/under-18-510x510.jpg 510w, https:\/\/totalblue.ro\/wp-content\/uploads\/2021\/04\/under-18-280x280.jpg 280w, https:\/\/totalblue.ro\/wp-content\/uploads\/2021\/04\/under-18.jpg 600w\" sizes=\"auto, (max-width: 108px) 100vw, 108px\" \/><\/a><a href=\"https:\/\/totalblue.ro\/wp-content\/uploads\/2021\/06\/drink-drive.jpg\"><img loading=\"lazy\" decoding=\"async\" class=\"alignnone wp-image-30761\" src=\"https:\/\/totalblue.ro\/wp-content\/uploads\/2021\/06\/drink-drive.jpg\" alt=\"\" width=\"110\" height=\"107\" srcset=\"https:\/\/totalblue.ro\/wp-content\/uploads\/2021\/06\/drink-drive.jpg 344w, https:\/\/totalblue.ro\/wp-content\/uploads\/2021\/06\/drink-drive-100x98.jpg 100w\" sizes=\"auto, (max-width: 110px) 100vw, 110px\" \/><\/a><a href=\"https:\/\/totalblue.ro\/wp-content\/uploads\/2021\/06\/bere-gravide02.jpg\"><img loading=\"lazy\" decoding=\"async\" class=\"alignnone wp-image-30771\" src=\"https:\/\/totalblue.ro\/wp-content\/uploads\/2021\/06\/bere-gravide02-403x400.jpg\" alt=\"\" width=\"109\" height=\"108\" srcset=\"https:\/\/totalblue.ro\/wp-content\/uploads\/2021\/06\/bere-gravide02-403x400.jpg 403w, https:\/\/totalblue.ro\/wp-content\/uploads\/2021\/06\/bere-gravide02-100x99.jpg 100w, https:\/\/totalblue.ro\/wp-content\/uploads\/2021\/06\/bere-gravide02-510x507.jpg 510w, https:\/\/totalblue.ro\/wp-content\/uploads\/2021\/06\/bere-gravide02-805x800.jpg 805w, https:\/\/totalblue.ro\/wp-content\/uploads\/2021\/06\/bere-gravide02-280x280.jpg 280w, https:\/\/totalblue.ro\/wp-content\/uploads\/2021\/06\/bere-gravide02-768x763.jpg 768w, https:\/\/totalblue.ro\/wp-content\/uploads\/2021\/06\/bere-gravide02-600x596.jpg 600w, https:\/\/totalblue.ro\/wp-content\/uploads\/2021\/06\/bere-gravide02.jpg 895w\" sizes=\"auto, (max-width: 109px) 100vw, 109px\" \/><\/a><\/p>","protected":false},"excerpt":{"rendered":"<p>Ce prix est valable pour les commandes en ligne uniquement.<\/p>","protected":false},"featured_media":43518,"comment_status":"open","ping_status":"closed","template":"","meta":{"_acf_changed":false,"_seopress_robots_primary_cat":"none","_seopress_titles_title":"","_seopress_titles_desc":"","_seopress_robots_index":""},"product_brand":[4758],"product_cat":[1519,1767,3312],"giftcard-category":[],"class_list":{"0":"post-43515","1":"product","2":"type-product","3":"status-publish","4":"has-post-thumbnail","6":"product_brand-brand","7":"product_cat-bauturi-alcoolice-bere","8":"product_cat-produse-olanda","9":"product_cat-bauturi-racoritoare-produse-olanda","11":"first","12":"outofstock","13":"taxable","14":"shipping-taxable","15":"purchasable","16":"product-type-simple"},"acf":[],"_links":{"self":[{"href":"https:\/\/totalblue.ro\/fr\/wp-json\/wp\/v2\/product\/43515","targetHints":{"allow":["GET"]}}],"collection":[{"href":"https:\/\/totalblue.ro\/fr\/wp-json\/wp\/v2\/product"}],"about":[{"href":"https:\/\/totalblue.ro\/fr\/wp-json\/wp\/v2\/types\/product"}],"replies":[{"embeddable":true,"href":"https:\/\/totalblue.ro\/fr\/wp-json\/wp\/v2\/comments?post=43515"}],"wp:featuredmedia":[{"embeddable":true,"href":"https:\/\/totalblue.ro\/fr\/wp-json\/wp\/v2\/media\/43518"}],"wp:attachment":[{"href":"https:\/\/totalblue.ro\/fr\/wp-json\/wp\/v2\/media?parent=43515"}],"wp:term":[{"taxonomy":"product_brand","embeddable":true,"href":"https:\/\/totalblue.ro\/fr\/wp-json\/wp\/v2\/product_brand?post=43515"},{"taxonomy":"product_cat","embeddable":true,"href":"https:\/\/totalblue.ro\/fr\/wp-json\/wp\/v2\/product_cat?post=43515"},{"taxonomy":"giftcard-category","embeddable":true,"href":"https:\/\/totalblue.ro\/fr\/wp-json\/wp\/v2\/giftcard-category?post=43515"}],"curies":[{"name":"wp","href":"https:\/\/api.w.org\/{rel}","templated":true}]}}