{"id":43536,"date":"2022-01-27T16:36:20","date_gmt":"2022-01-27T14:36:20","guid":{"rendered":"https:\/\/totalblue.ro\/?post_type=product&#038;p=43536"},"modified":"2026-04-03T16:22:21","modified_gmt":"2026-04-03T13:22:21","slug":"unox-cup-a-soup-supa-indiase-kerrie-3-x-17-g","status":"publish","type":"product","link":"https:\/\/totalblue.ro\/fr\/produs\/unox-cup-a-soup-supa-indiase-kerrie-3-x-17-g\/","title":{"rendered":"Unox Cup-a-soup Supa Indiase kerrie 3 x 17 g"},"content":{"rendered":"<p>Pr\u00e9paration :<br \/>\n1. Verser le contenu d'un sachet de Cup-a-Soup dans une tasse.<br \/>\n2. Ajouter 175 ml d'eau bouillie \u00e0 100\u00b0C et laisser reposer pendant 1 minute.<br \/>\n3) Pr\u00eat \u00e0 boire !<\/p>\n<p>Remarque : la tasse peut \u00eatre chaude ! La soupe peut \u00eatre chaude !<\/p>\n<p>Ingrediente: Amidon de cartofi, grasime de palmier, crutoane 9,5% (paine alba (faina de grau, sare, drojdie, ulei de rapita), ulei de palmier, antioxidant: extract de rozmarin), dextroza, pudra de mere, legume (morcov 3,4%, rosii 1,2). %, ceapa), sare iodata, paste 4,8% (gris tare, sare), curry 4,4% (piper, coriandru, turmeric, seminte de chimen, seminte de schinduf, seminte de marar, radacina de leustean, piper cayenne, leustean, boia de ardei, usturoi, seminte de mustar, chimen, nucsoara, ceapa), zahar, extract de drojdie, sirop de glucoza, arome (contine ou), sare minerala (potasiu), sare, proteine din lapte, grasime de pui (grasime de pui, antioxidant: extract de rozmarin), condimente (usturoi). pudra, cuisoare, nucsoara ), arpagic 0 ,2%, cultivat sustenabil.<\/p>\n<p>Alergeni: Contine: oua, alune, nuci, lapte, mustar, grau, cereale care contin gluten.<br \/>\nPoate contine: telina, soia.<\/p>\n<p>Conserver dans un endroit sec, \u00e0 l'abri de la lumi\u00e8re et \u00e0 temp\u00e9rature ambiante.<\/p>\n<p>Valeurs nutritionnelles pour 100 ml :<br \/>\nEnergie 171 kJ (41 kcal)<br \/>\nGrasimi 1,8 g din care grasimi saturate 1 g<br \/>\nGlucide 5,2 g din care zaharuri 1,6 g<br \/>\nFibres alimentaires &lt; 0,5 g<br \/>\nProteine \u200b\u200b0,7 g<br \/>\nSare 0,69 g<\/p>\n<p>Fabriqu\u00e9 par Unilever Nederland \/ Cup-a-Soup, Postbus 160, 3000 AD Rotterdam, 0800-2358669<br \/>\nImportateur et distributeur Total Blue Impex SRL<\/p>","protected":false},"excerpt":{"rendered":"<p>Mod de preparare: 1. Turnati continutul unui plic de Cup-a-Soup intr-o cana. 2. Se adauga 175 ml apa fiarta la 100\u00b0C si se lasa sa stea 1 minut. 3. Gata de baut ! Nota: cana \/ ceasca poate fi fierbinte! Supa poate fi fierbinte ! Ingrediente: Amidon de cartofi, grasime de palmier, crutoane 9,5% (paine [&#8230;]\n","protected":false},"featured_media":43538,"comment_status":"open","ping_status":"closed","template":"","meta":{"_acf_changed":false,"_seopress_robots_primary_cat":"none","_seopress_titles_title":"","_seopress_titles_desc":"Cumpara online supa de legume, supe legume, ciorbe legume, supe olandeze legume. Magazin online supe si produse olandeze cu livrare rapida.","_seopress_robots_index":""},"product_brand":[1925],"product_cat":[1555,1683,3272,1362,1767],"giftcard-category":[],"class_list":{"0":"post-43536","1":"product","2":"type-product","3":"status-publish","4":"has-post-thumbnail","6":"product_brand-unox","7":"product_cat-bacanie","8":"product_cat-conserve-mancare-gatita","9":"product_cat-conserve","10":"product_cat-ulei-orez-faina-zahar","11":"product_cat-produse-olanda","13":"first","14":"instock","15":"taxable","16":"shipping-taxable","17":"purchasable","18":"product-type-simple"},"acf":[],"_links":{"self":[{"href":"https:\/\/totalblue.ro\/fr\/wp-json\/wp\/v2\/product\/43536","targetHints":{"allow":["GET"]}}],"collection":[{"href":"https:\/\/totalblue.ro\/fr\/wp-json\/wp\/v2\/product"}],"about":[{"href":"https:\/\/totalblue.ro\/fr\/wp-json\/wp\/v2\/types\/product"}],"replies":[{"embeddable":true,"href":"https:\/\/totalblue.ro\/fr\/wp-json\/wp\/v2\/comments?post=43536"}],"wp:featuredmedia":[{"embeddable":true,"href":"https:\/\/totalblue.ro\/fr\/wp-json\/wp\/v2\/media\/43538"}],"wp:attachment":[{"href":"https:\/\/totalblue.ro\/fr\/wp-json\/wp\/v2\/media?parent=43536"}],"wp:term":[{"taxonomy":"product_brand","embeddable":true,"href":"https:\/\/totalblue.ro\/fr\/wp-json\/wp\/v2\/product_brand?post=43536"},{"taxonomy":"product_cat","embeddable":true,"href":"https:\/\/totalblue.ro\/fr\/wp-json\/wp\/v2\/product_cat?post=43536"},{"taxonomy":"giftcard-category","embeddable":true,"href":"https:\/\/totalblue.ro\/fr\/wp-json\/wp\/v2\/giftcard-category?post=43536"}],"curies":[{"name":"wp","href":"https:\/\/api.w.org\/{rel}","templated":true}]}}