{"id":43839,"date":"2022-02-01T11:56:01","date_gmt":"2022-02-01T09:56:01","guid":{"rendered":"https:\/\/totalblue.ro\/?post_type=product&#038;p=43839"},"modified":"2026-01-14T10:02:15","modified_gmt":"2026-01-14T08:02:15","slug":"unox-cup-a-soup-chicken-soup-3-x-12-g","status":"publish","type":"product","link":"https:\/\/totalblue.ro\/fr\/produs\/unox-cup-a-soup-supa-de-pui-3-x-12-g\/","title":{"rendered":"Unox Cup-a-Soup Soupe de poulet 3 x 12 g"},"content":{"rendered":"<p>Pr\u00e9paration :<br \/>\n1. Verser le contenu d'un sachet de Cup-a-Soup dans une tasse.<br \/>\n2. Ajouter 175 ml d'eau bouillie \u00e0 100\u00b0C et laisser reposer pendant 1 minute.<br \/>\n3) Pr\u00eat \u00e0 boire !<\/p>\n<p>Remarque : la tasse peut \u00eatre chaude ! La soupe peut \u00eatre chaude !<br \/>\nContenu et poids : 1 paquet contient 3 sachets de soupe<br \/>\n3 sachets pour 3 tasses de soupe<br \/>\n1 portion = 175 ml par tasse<\/p>\n<p>Ingr\u00e9dients :P\u00e2tes 24% (farine de bl\u00e9 dur, sel), dextrose, f\u00e9cule de pomme de terre, ar\u00f4me, carotte 4,8%, sel, extrait de levure, sucre, graisse de palme, morceaux de poulet 2,3% (viande de poulet, huile de palme, sel, antioxydant (E304i , E307), sel iod\u00e9, sel min\u00e9ral (potassium), graisse de poulet 0,9% (graisse de poulet, antioxydant E392), poireau^1, \u00e9pices (curcuma, persil racine), oignon en poudre c\u00e9leri 0,2%, sur culture durable.Peut contenir de l'\u0153uf, du soja, du lait, de la moutarde.<br \/>\nAllerg\u00e8nes : Contient : c\u00e9leri, bl\u00e9, c\u00e9r\u00e9ales contenant du gluten.<br \/>\nPeut contenir : \u0152uf, lait, moutarde, soja.<\/p>\n<p>Conserver dans un endroit sec, \u00e0 l'abri de la lumi\u00e8re et \u00e0 temp\u00e9rature ambiante.<br \/>\nValeurs nutritionnelles pour 100 ml :<br \/>\n\u00c9nergie 99 kJ (24 kcal)<br \/>\nGraisses &lt; 0,5 g dont graisses satur\u00e9es 0,1 g<br \/>\nGlucides 4,4 g dont sucres 1,7 g<br \/>\nFibres alimentaires &lt; 0,5 g<br \/>\nProt\u00e9ines 0,6 g<br \/>\nSel 0,76 g<\/p>\n<p>Fabriqu\u00e9 par Unilever Nederland \/ Cup-a-Soup, Postbus 160, 3000 AD Rotterdam, 0800-2358669<br \/>\nImportateur et distributeur Total Blue Impex SRL<\/p>","protected":false},"excerpt":{"rendered":"<p>Mod de preparare: 1. Turnati continutul unui plic de Cup-a-Soup intr-o cana. 2. Se adauga 175 ml apa fiarta la 100\u00b0C si se lasa sa stea 1 minut. 3. Gata de baut ! Nota: cana \/ ceasca poate fi fierbinte! Supa poate fi fierbinte ! Continut si greutate: 1 pachet contine 3 plicuri de supa [&#8230;]\n","protected":false},"featured_media":43841,"comment_status":"open","ping_status":"closed","template":"","meta":{"_acf_changed":false,"_seopress_robots_primary_cat":"none","_seopress_titles_title":"","_seopress_titles_desc":"Cumpara online supa de legume, supe legume, ciorbe legume, supe olandeze legume. Magazin online supe si produse olandeze cu livrare rapida.","_seopress_robots_index":""},"product_brand":[1925],"product_cat":[1555,1683,3272,1362,1767],"giftcard-category":[],"class_list":{"0":"post-43839","1":"product","2":"type-product","3":"status-publish","4":"has-post-thumbnail","6":"product_brand-unox","7":"product_cat-bacanie","8":"product_cat-conserve-mancare-gatita","9":"product_cat-conserve","10":"product_cat-ulei-orez-faina-zahar","11":"product_cat-produse-olanda","13":"first","14":"outofstock","15":"taxable","16":"shipping-taxable","17":"purchasable","18":"product-type-simple"},"acf":[],"_links":{"self":[{"href":"https:\/\/totalblue.ro\/fr\/wp-json\/wp\/v2\/product\/43839","targetHints":{"allow":["GET"]}}],"collection":[{"href":"https:\/\/totalblue.ro\/fr\/wp-json\/wp\/v2\/product"}],"about":[{"href":"https:\/\/totalblue.ro\/fr\/wp-json\/wp\/v2\/types\/product"}],"replies":[{"embeddable":true,"href":"https:\/\/totalblue.ro\/fr\/wp-json\/wp\/v2\/comments?post=43839"}],"wp:featuredmedia":[{"embeddable":true,"href":"https:\/\/totalblue.ro\/fr\/wp-json\/wp\/v2\/media\/43841"}],"wp:attachment":[{"href":"https:\/\/totalblue.ro\/fr\/wp-json\/wp\/v2\/media?parent=43839"}],"wp:term":[{"taxonomy":"product_brand","embeddable":true,"href":"https:\/\/totalblue.ro\/fr\/wp-json\/wp\/v2\/product_brand?post=43839"},{"taxonomy":"product_cat","embeddable":true,"href":"https:\/\/totalblue.ro\/fr\/wp-json\/wp\/v2\/product_cat?post=43839"},{"taxonomy":"giftcard-category","embeddable":true,"href":"https:\/\/totalblue.ro\/fr\/wp-json\/wp\/v2\/giftcard-category?post=43839"}],"curies":[{"name":"wp","href":"https:\/\/api.w.org\/{rel}","templated":true}]}}