{"id":43844,"date":"2022-02-01T12:05:25","date_gmt":"2022-02-01T10:05:25","guid":{"rendered":"https:\/\/totalblue.ro\/?post_type=product&#038;p=43844"},"modified":"2026-02-16T14:20:56","modified_gmt":"2026-02-16T12:20:56","slug":"unox-cup-a-soup-supa-frantuzeasca-de-ceapa-3-x-13-g","status":"publish","type":"product","link":"https:\/\/totalblue.ro\/fr\/produs\/unox-cup-a-soup-supa-frantuzeasca-de-ceapa-3-x-13-g\/","title":{"rendered":"Unox Cup-a-Soup Soupe \u00e0 l'oignon 3 x 13 g"},"content":{"rendered":"<p>Pr\u00e9paration :<br \/>\n1. Verser le contenu d'un sachet de Cup-a-Soup dans une tasse.<br \/>\n2. Ajouter 175 ml d'eau bouillie \u00e0 100\u00b0C et laisser reposer pendant 1 minute.<br \/>\n3) Pr\u00eat \u00e0 boire !<\/p>\n<p>Remarque : la tasse peut \u00eatre chaude ! La soupe peut \u00eatre chaude !<\/p>\n<p>Contenu et poids : 1 paquet contient 3 sachets de soupe<br \/>\n3 sachets pour 3 tasses de soupe<br \/>\n1 portion = 175 ml par tasse<\/p>\n<p>Ingrediente: Amidon de cartofi, ceapa16%, fasii taietei 15% (faina de grau, ou, amidon, sare, lapte degresat, lapte, aroma), crutoane 11% (paine alba (faina de grau, sare, drojdie), grasime de palmier , hidrolizat de drojdie, zahar de lapte, sare, lapte, condimente (contine mustar), extract de drojdie, branza (Emmental), ceapa, aroma, antioxidant: extract de rozmarin), extract de drojdie, sare, sirop de glucoza, zahar, sare iodata, praf de branza 2,7% (branza, lapte), aroma (contine telina), maltodextrina, arpagic1,4%, sirop de zahar caramelizat, usturoi, suc concentrat de ceapa, extract de vin alb, ulei de floarea soarelui cultivat sustenabil.<br \/>\nPoate contine soia.<br \/>\nAlergeni: Contine: telina, oua, lapte, mustar, grau, cereale care contin gluten.<br \/>\nPoate contine: Soia.<\/p>\n<p>Conserver dans un endroit sec, \u00e0 l'abri de la lumi\u00e8re et \u00e0 temp\u00e9rature ambiante.<br \/>\nValeurs nutritionnelles pour 100 ml :<br \/>\nEnergie 111 kJ (26 kcal)<br \/>\nGrasimi 0,5 g din care grasimi saturate 0,3 g<br \/>\nGlucide 4,3 g din care zaharuri 0,8 g<br \/>\nFibres alimentaires &lt; 0,5 g<br \/>\nProt\u00e9ines 1 g<br \/>\nSare 0,79 g<\/p>\n<p>Fabriqu\u00e9 par Unilever Nederland \/ Cup-a-Soup, Postbus 160, 3000 AD Rotterdam, 0800-2358669<br \/>\nImportateur et distributeur Total Blue Impex SRL<\/p>","protected":false},"excerpt":{"rendered":"<p>Mod de preparare: 1. Turnati continutul unui plic de Cup-a-Soup intr-o cana. 2. Se adauga 175 ml apa fiarta la 100\u00b0C si se lasa sa stea 1 minut. 3. Gata de baut ! Nota: cana \/ ceasca poate fi fierbinte! Supa poate fi fierbinte ! Continut si greutate: 1 pachet contine 3 plicuri de supa [&#8230;]\n","protected":false},"featured_media":43846,"comment_status":"open","ping_status":"closed","template":"","meta":{"_acf_changed":false,"_seopress_robots_primary_cat":"none","_seopress_titles_title":"","_seopress_titles_desc":"Cumpara online supa de legume, supe legume, ciorbe legume, supe olandeze legume. Magazin online supe si produse olandeze cu livrare rapida.","_seopress_robots_index":""},"product_brand":[1925],"product_cat":[1555,1683,3272,1362,1767],"giftcard-category":[],"class_list":{"0":"post-43844","1":"product","2":"type-product","3":"status-publish","4":"has-post-thumbnail","6":"product_brand-unox","7":"product_cat-bacanie","8":"product_cat-conserve-mancare-gatita","9":"product_cat-conserve","10":"product_cat-ulei-orez-faina-zahar","11":"product_cat-produse-olanda","13":"first","14":"outofstock","15":"taxable","16":"shipping-taxable","17":"purchasable","18":"product-type-simple"},"acf":[],"_links":{"self":[{"href":"https:\/\/totalblue.ro\/fr\/wp-json\/wp\/v2\/product\/43844","targetHints":{"allow":["GET"]}}],"collection":[{"href":"https:\/\/totalblue.ro\/fr\/wp-json\/wp\/v2\/product"}],"about":[{"href":"https:\/\/totalblue.ro\/fr\/wp-json\/wp\/v2\/types\/product"}],"replies":[{"embeddable":true,"href":"https:\/\/totalblue.ro\/fr\/wp-json\/wp\/v2\/comments?post=43844"}],"wp:featuredmedia":[{"embeddable":true,"href":"https:\/\/totalblue.ro\/fr\/wp-json\/wp\/v2\/media\/43846"}],"wp:attachment":[{"href":"https:\/\/totalblue.ro\/fr\/wp-json\/wp\/v2\/media?parent=43844"}],"wp:term":[{"taxonomy":"product_brand","embeddable":true,"href":"https:\/\/totalblue.ro\/fr\/wp-json\/wp\/v2\/product_brand?post=43844"},{"taxonomy":"product_cat","embeddable":true,"href":"https:\/\/totalblue.ro\/fr\/wp-json\/wp\/v2\/product_cat?post=43844"},{"taxonomy":"giftcard-category","embeddable":true,"href":"https:\/\/totalblue.ro\/fr\/wp-json\/wp\/v2\/giftcard-category?post=43844"}],"curies":[{"name":"wp","href":"https:\/\/api.w.org\/{rel}","templated":true}]}}