{"id":43862,"date":"2022-02-01T13:00:18","date_gmt":"2022-02-01T11:00:18","guid":{"rendered":"https:\/\/totalblue.ro\/?post_type=product&#038;p=43862"},"modified":"2026-02-26T13:43:10","modified_gmt":"2026-02-26T11:43:10","slug":"unox-cup-a-soup-supa-de-rosii-picante-3-x-16-g","status":"publish","type":"product","link":"https:\/\/totalblue.ro\/fr\/produs\/unox-cup-a-soup-supa-de-rosii-picante-3-x-16-g\/","title":{"rendered":"Unox Cup-a-soup Soupe de tomates \u00e9pic\u00e9e 3 x 16 g"},"content":{"rendered":"<p>Pr\u00e9paration :<br \/>\n1. Verser le contenu d'un sachet de Cup-a-Soup dans une tasse.<br \/>\n2. Ajouter 175 ml d'eau bouillie \u00e0 100\u00b0C et laisser reposer pendant 1 minute.<br \/>\n3) Pr\u00eat \u00e0 boire !<\/p>\n<p>Remarque : la tasse peut \u00eatre chaude ! La soupe peut \u00eatre chaude !<\/p>\n<p>Ingrediente: rosii 36%, amidon de cartofi, dextroza, extract de drojdie, zahar, sare, sare iodata, aroma, sare minerala (potasiu), ceapa, suc de lamaie pudra (suc de lamaie, maltodextrina), condimente (piper cayenne 0,5%, pudra de usturoi piper), ulei de porumb, pudra de sos de soia (maltodextrina, sare, sos de soia (soia, grau), suc concentrat de legume (telina, morcov, ceapa, praz), fructoza, sustenabil crescut.<\/p>\n<p>Poate contine ou, lapte, mustar.<br \/>\nAlergeni: contine telina, soia, grau, cereale care contin gluten.<br \/>\nPeut contenir : des \u0153ufs, du lait, de la moutarde.<\/p>\n<p>Conserver dans un endroit sec, \u00e0 l'abri de la lumi\u00e8re et \u00e0 temp\u00e9rature ambiante.<\/p>\n<p>Valeurs nutritionnelles pour 100 ml :<br \/>\nEnergie 119 kJ (28 kcal)<br \/>\nGraisses &lt; 0,5 g dont graisses satur\u00e9es &lt; 0,1 g<br \/>\nGlucide 5,4 g din care zaharuri 3 g<br \/>\nFibres alimentaires 0,6 g<br \/>\nProt\u00e9ines 1,1 g<br \/>\nSare 0,7 g<\/p>\n<p>Fabriqu\u00e9 par Unilever Nederland \/ Cup-a-Soup, Postbus 160, 3000 AD Rotterdam, 0800-2358669<br \/>\nImportateur et distributeur Total Blue Impex SRL<br \/>\n<a href=\"https:\/\/totalblue.ro\/wp-content\/uploads\/2021\/02\/vegetarian.jpeg\"><img loading=\"lazy\" decoding=\"async\" class=\"alignnone wp-image-27413\" src=\"https:\/\/totalblue.ro\/wp-content\/uploads\/2021\/02\/vegetarian.jpeg\" alt=\"\" width=\"100\" height=\"100\" srcset=\"https:\/\/totalblue.ro\/wp-content\/uploads\/2021\/02\/vegetarian.jpeg 225w, https:\/\/totalblue.ro\/wp-content\/uploads\/2021\/02\/vegetarian-100x100.jpeg 100w\" sizes=\"auto, (max-width: 100px) 100vw, 100px\" \/><\/a><\/p>","protected":false},"excerpt":{"rendered":"<p>Mod de preparare: 1. Turnati continutul unui plic de Cup-a-Soup intr-o cana. 2. Se adauga 175 ml apa fiarta la 100\u00b0C si se lasa sa stea 1 minut. 3. Gata de baut ! Nota: cana \/ ceasca poate fi fierbinte! Supa poate fi fierbinte ! Ingrediente: rosii 36%, amidon de cartofi, dextroza, extract de drojdie, [&#8230;]\n","protected":false},"featured_media":43864,"comment_status":"open","ping_status":"closed","template":"","meta":{"_acf_changed":false,"_seopress_robots_primary_cat":"none","_seopress_titles_title":"","_seopress_titles_desc":"Cumpara online supa de legume, supe legume, ciorbe legume, supe olandeze legume. Magazin online supe si produse olandeze cu livrare rapida.","_seopress_robots_index":""},"product_brand":[1925],"product_cat":[1555,1683,3272,1362,1767],"giftcard-category":[],"class_list":{"0":"post-43862","1":"product","2":"type-product","3":"status-publish","4":"has-post-thumbnail","6":"product_brand-unox","7":"product_cat-bacanie","8":"product_cat-conserve-mancare-gatita","9":"product_cat-conserve","10":"product_cat-ulei-orez-faina-zahar","11":"product_cat-produse-olanda","13":"first","14":"instock","15":"taxable","16":"shipping-taxable","17":"purchasable","18":"product-type-simple"},"acf":[],"_links":{"self":[{"href":"https:\/\/totalblue.ro\/fr\/wp-json\/wp\/v2\/product\/43862","targetHints":{"allow":["GET"]}}],"collection":[{"href":"https:\/\/totalblue.ro\/fr\/wp-json\/wp\/v2\/product"}],"about":[{"href":"https:\/\/totalblue.ro\/fr\/wp-json\/wp\/v2\/types\/product"}],"replies":[{"embeddable":true,"href":"https:\/\/totalblue.ro\/fr\/wp-json\/wp\/v2\/comments?post=43862"}],"wp:featuredmedia":[{"embeddable":true,"href":"https:\/\/totalblue.ro\/fr\/wp-json\/wp\/v2\/media\/43864"}],"wp:attachment":[{"href":"https:\/\/totalblue.ro\/fr\/wp-json\/wp\/v2\/media?parent=43862"}],"wp:term":[{"taxonomy":"product_brand","embeddable":true,"href":"https:\/\/totalblue.ro\/fr\/wp-json\/wp\/v2\/product_brand?post=43862"},{"taxonomy":"product_cat","embeddable":true,"href":"https:\/\/totalblue.ro\/fr\/wp-json\/wp\/v2\/product_cat?post=43862"},{"taxonomy":"giftcard-category","embeddable":true,"href":"https:\/\/totalblue.ro\/fr\/wp-json\/wp\/v2\/giftcard-category?post=43862"}],"curies":[{"name":"wp","href":"https:\/\/api.w.org\/{rel}","templated":true}]}}