{"id":43867,"date":"2022-02-01T13:38:00","date_gmt":"2022-02-01T11:38:00","guid":{"rendered":"https:\/\/totalblue.ro\/?post_type=product&#038;p=43867"},"modified":"2026-03-16T10:28:41","modified_gmt":"2026-03-16T08:28:41","slug":"unox-cup-a-soup-supa-de-vita-3-x-14-g","status":"publish","type":"product","link":"https:\/\/totalblue.ro\/fr\/produs\/unox-cup-a-soup-supa-de-vita-3-x-14-g\/","title":{"rendered":"Unox Cup-a-soup Supa de Vita 3 x 14 g"},"content":{"rendered":"<p>Pr\u00e9paration :<br \/>\n1. Verser le contenu d'un sachet de Cup-a-Soup dans une tasse.<br \/>\n2. Ajouter 175 ml d'eau bouillie \u00e0 100\u00b0C et laisser reposer pendant 1 minute.<br \/>\n3) Pr\u00eat \u00e0 boire !<\/p>\n<p>Remarque : la tasse peut \u00eatre chaude ! La soupe peut \u00eatre chaude !<\/p>\n<p>Ingrediente: Dextroza, amidon de cartofi, paste paste 15% ( faina de grau tare, sare), crutoane 11% (paine alba (faina de grau, sare, drojdie, ulei de rapita), ulei de palmier, antioxidant: extract de rozmarin), arome (contine lapte) , sare iodata, grasime de palmier, sare , morcov1 2%, zahar, sare minerala (potasiu), extract de drojdie, extract de vita 1,2%, praf de ceapa 0,9%, concentrat de suc de ceapa prajita (concentrat de suc de ceapa, floarea soarelui) ulei), patrunjel0,5%, usturoi, piper, nuc\u0219oar\u0103, radacina de patrunjel, ulei de porumb cultivat in mod durabil.<\/p>\n<p>Poate contine telina, ou, mustar, soia.<br \/>\nAlergeni: contine lapte, grau, cereale care contin gluten.<br \/>\nPoate contine: telina, oua, mustar, soia.<\/p>\n<p>Conserver dans un endroit sec, \u00e0 l'abri de la lumi\u00e8re et \u00e0 temp\u00e9rature ambiante.<\/p>\n<p>Valeurs nutritionnelles pour 100 ml :<br \/>\nEnergie 128 kJ (31 kcal)<br \/>\nGraisses 0,6 g dont graisses satur\u00e9es 0,3 g<br \/>\nGlucide 5,5 g din care zaharuri 2,4 g<br \/>\nFibres alimentaires &lt; 0,5 g<br \/>\nProt\u00e9ines 0,6 g<br \/>\nSel 0,83 g<\/p>\n<p>Fabriqu\u00e9 par Unilever Nederland \/ Cup-a-Soup, Postbus 160, 3000 AD Rotterdam, 0800-2358669<br \/>\nImportateur et distributeur Total Blue Impex SRL<\/p>","protected":false},"excerpt":{"rendered":"<p>Mod de preparare: 1. Turnati continutul unui plic de Cup-a-Soup intr-o cana. 2. Se adauga 175 ml apa fiarta la 100\u00b0C si se lasa sa stea 1 minut. 3. Gata de baut ! Nota: cana \/ ceasca poate fi fierbinte! Supa poate fi fierbinte ! Ingrediente: Dextroza, amidon de cartofi, paste paste 15% ( faina [&#8230;]\n","protected":false},"featured_media":43870,"comment_status":"open","ping_status":"closed","template":"","meta":{"_acf_changed":false,"_seopress_robots_primary_cat":"none","_seopress_titles_title":"","_seopress_titles_desc":"Cumpara online supa de legume, supe legume, ciorbe legume, supe olandeze legume. Magazin online supe si produse olandeze cu livrare rapida.","_seopress_robots_index":""},"product_brand":[1925],"product_cat":[1555,1683,3272,1362,1767],"giftcard-category":[],"class_list":{"0":"post-43867","1":"product","2":"type-product","3":"status-publish","4":"has-post-thumbnail","6":"product_brand-unox","7":"product_cat-bacanie","8":"product_cat-conserve-mancare-gatita","9":"product_cat-conserve","10":"product_cat-ulei-orez-faina-zahar","11":"product_cat-produse-olanda","13":"first","14":"outofstock","15":"taxable","16":"shipping-taxable","17":"purchasable","18":"product-type-simple"},"acf":[],"_links":{"self":[{"href":"https:\/\/totalblue.ro\/fr\/wp-json\/wp\/v2\/product\/43867","targetHints":{"allow":["GET"]}}],"collection":[{"href":"https:\/\/totalblue.ro\/fr\/wp-json\/wp\/v2\/product"}],"about":[{"href":"https:\/\/totalblue.ro\/fr\/wp-json\/wp\/v2\/types\/product"}],"replies":[{"embeddable":true,"href":"https:\/\/totalblue.ro\/fr\/wp-json\/wp\/v2\/comments?post=43867"}],"wp:featuredmedia":[{"embeddable":true,"href":"https:\/\/totalblue.ro\/fr\/wp-json\/wp\/v2\/media\/43870"}],"wp:attachment":[{"href":"https:\/\/totalblue.ro\/fr\/wp-json\/wp\/v2\/media?parent=43867"}],"wp:term":[{"taxonomy":"product_brand","embeddable":true,"href":"https:\/\/totalblue.ro\/fr\/wp-json\/wp\/v2\/product_brand?post=43867"},{"taxonomy":"product_cat","embeddable":true,"href":"https:\/\/totalblue.ro\/fr\/wp-json\/wp\/v2\/product_cat?post=43867"},{"taxonomy":"giftcard-category","embeddable":true,"href":"https:\/\/totalblue.ro\/fr\/wp-json\/wp\/v2\/giftcard-category?post=43867"}],"curies":[{"name":"wp","href":"https:\/\/api.w.org\/{rel}","templated":true}]}}