{"id":43876,"date":"2022-02-01T14:06:16","date_gmt":"2022-02-01T12:06:16","guid":{"rendered":"https:\/\/totalblue.ro\/?post_type=product&#038;p=43876"},"modified":"2025-12-21T12:59:27","modified_gmt":"2025-12-21T10:59:27","slug":"diamant-grasime-ulei-de-prajit-pentru-cartofi-extra-crocanti-3-l","status":"publish","type":"product","link":"https:\/\/totalblue.ro\/fr\/produs\/diamant-grasime-ulei-de-prajit-pentru-cartofi-extra-crocanti-3-l\/","title":{"rendered":"Diamant Huile de friture de pommes de terre extra croustillante 3 L"},"content":{"rendered":"<p>Diamant coace galben auriu \u0219i foarte crocant.<br \/>\nAmestec special de uleiuri: amestec 100% vegetal cu ulei de floarea soarelui cu con\u021binut ridicat de oleic.<br \/>\nStabil la incalzire si bogat in acizi grasi nesaturati.<br \/>\nId\u00e9al pour les v\u00e9g\u00e9tariens.<br \/>\n<strong>Ingr\u00e9dient<\/strong>: Uleiuri si grasimi vegetale (floarea soarelui cu continut ridicat de oleic; floarea soarelui; palmier; in proportii variate); aroma naturala; arome; antispumant: E900. Continut total de grasimi: 100%.<br \/>\n<strong>Valeurs nutritionnelles pour 100g<\/strong>:<br \/>\n\u00c9nergie 3404 kJ (828 kcal)<br \/>\nGrasimi 92 g din care grasimi saturate 16 g<br \/>\ndin care grasimi mononesaturate 53 g<br \/>\ndin care grasimi polinesaturate 23 g<br \/>\nGlucides 0 g dont sucres 0 g<br \/>\nProt\u00e9ines 0 g<br \/>\nSel &lt; 0,01 g<\/p>\n<p>La temp\u00e9rature optimale se situe entre 160\u00b0C et 175\u00b0C maximum. Faire frire jusqu'\u00e0 ce que le produit soit jaune dor\u00e9 et \u00e9viter de trop le faire dorer.<br \/>\nConvient \u00e0 toutes les friteuses.<br \/>\nCaracteristici: Sustainable Palm Oil RSPO Certified, Vegan.<br \/>\nPotrivit pentru friteuza si tigaie. Ideal pentru chipsuri, cartofi si gustari congelate. Cu deschidere de retur foarte mare.<br \/>\nSfat de reimprosp\u0103tare: dup\u0103 12-14 ori.<br \/>\nContinut si greutate 3 litri.<br \/>\nConserver \u00e0 temp\u00e9rature ambiante.<\/p>\n<p>Fabricant : Vandemoortele Europe NV Nederlandse branche<br \/>\nAntwoordnummer 3030, 3860 VZ Zeewolde (NL)<br \/>\nImportateur et distributeur Total Blue Impex SRL<br \/>\n<a href=\"https:\/\/totalblue.ro\/wp-content\/uploads\/2021\/02\/vegetarian.jpeg\"><img loading=\"lazy\" decoding=\"async\" class=\"alignnone wp-image-27413\" src=\"https:\/\/totalblue.ro\/wp-content\/uploads\/2021\/02\/vegetarian.jpeg\" alt=\"\" width=\"98\" height=\"98\" srcset=\"https:\/\/totalblue.ro\/wp-content\/uploads\/2021\/02\/vegetarian.jpeg 225w, https:\/\/totalblue.ro\/wp-content\/uploads\/2021\/02\/vegetarian-100x100.jpeg 100w\" sizes=\"auto, (max-width: 98px) 100vw, 98px\" \/><\/a><a href=\"https:\/\/totalblue.ro\/wp-content\/uploads\/2022\/02\/rspo.jpg\"><img loading=\"lazy\" decoding=\"async\" class=\"alignnone wp-image-43874\" src=\"https:\/\/totalblue.ro\/wp-content\/uploads\/2022\/02\/rspo.jpg\" alt=\"\" width=\"105\" height=\"105\" srcset=\"https:\/\/totalblue.ro\/wp-content\/uploads\/2022\/02\/rspo.jpg 200w, https:\/\/totalblue.ro\/wp-content\/uploads\/2022\/02\/rspo-100x100.jpg 100w\" sizes=\"auto, (max-width: 105px) 100vw, 105px\" \/><\/a><\/p>","protected":false},"excerpt":{"rendered":"<p>Diamant coace galben auriu \u0219i foarte crocant. Amestec special de uleiuri: amestec 100% vegetal cu ulei de floarea soarelui cu con\u021binut ridicat de oleic. Stabil la incalzire si bogat in acizi grasi nesaturati. Ideal pentru vegetarieni. Ingrediente: Uleiuri si grasimi vegetale (floarea soarelui cu continut ridicat de oleic; floarea soarelui; palmier; in proportii variate); aroma [&#8230;]\n","protected":false},"featured_media":43878,"comment_status":"open","ping_status":"closed","template":"","meta":{"_acf_changed":false,"_seopress_robots_primary_cat":"none","_seopress_titles_title":"","_seopress_titles_desc":"","_seopress_robots_index":""},"product_brand":[5406],"product_cat":[1555,3328,1362,1767],"giftcard-category":[],"class_list":{"0":"post-43876","1":"product","2":"type-product","3":"status-publish","4":"has-post-thumbnail","6":"product_brand-diamant","7":"product_cat-bacanie","8":"product_cat-paste-orez-ulei-otet","9":"product_cat-ulei-orez-faina-zahar","10":"product_cat-produse-olanda","12":"first","13":"outofstock","14":"taxable","15":"shipping-taxable","16":"purchasable","17":"product-type-simple"},"acf":[],"_links":{"self":[{"href":"https:\/\/totalblue.ro\/fr\/wp-json\/wp\/v2\/product\/43876","targetHints":{"allow":["GET"]}}],"collection":[{"href":"https:\/\/totalblue.ro\/fr\/wp-json\/wp\/v2\/product"}],"about":[{"href":"https:\/\/totalblue.ro\/fr\/wp-json\/wp\/v2\/types\/product"}],"replies":[{"embeddable":true,"href":"https:\/\/totalblue.ro\/fr\/wp-json\/wp\/v2\/comments?post=43876"}],"wp:featuredmedia":[{"embeddable":true,"href":"https:\/\/totalblue.ro\/fr\/wp-json\/wp\/v2\/media\/43878"}],"wp:attachment":[{"href":"https:\/\/totalblue.ro\/fr\/wp-json\/wp\/v2\/media?parent=43876"}],"wp:term":[{"taxonomy":"product_brand","embeddable":true,"href":"https:\/\/totalblue.ro\/fr\/wp-json\/wp\/v2\/product_brand?post=43876"},{"taxonomy":"product_cat","embeddable":true,"href":"https:\/\/totalblue.ro\/fr\/wp-json\/wp\/v2\/product_cat?post=43876"},{"taxonomy":"giftcard-category","embeddable":true,"href":"https:\/\/totalblue.ro\/fr\/wp-json\/wp\/v2\/giftcard-category?post=43876"}],"curies":[{"name":"wp","href":"https:\/\/api.w.org\/{rel}","templated":true}]}}