{"id":43880,"date":"2022-02-01T14:16:29","date_gmt":"2022-02-01T12:16:29","guid":{"rendered":"https:\/\/totalblue.ro\/?post_type=product&#038;p=43880"},"modified":"2025-08-11T19:17:15","modified_gmt":"2025-08-11T16:17:15","slug":"diament-ulei-pentru-prajit-cartofi-si-gustari-3l","status":"publish","type":"product","link":"https:\/\/totalblue.ro\/fr\/produs\/diament-ulei-pentru-prajit-cartofi-si-gustari-3l\/","title":{"rendered":"Diamant ulei pentru prajit cartofi si gustari 3L"},"content":{"rendered":"<p>La temp\u00e9rature optimale se situe entre 160\u00b0C et 175\u00b0C maximum. Faire frire jusqu'\u00e0 ce que le produit soit jaune dor\u00e9 et \u00e9viter de trop le faire dorer.<br \/>\nConvient \u00e0 toutes les friteuses.<br \/>\n<strong>Ingr\u00e9dient<\/strong>Huiles et graisses v\u00e9g\u00e9tales (tournesol ; palme* ; colza ; tournesol \u00e0 haute teneur en acide ol\u00e9ique ; en proportions variables) ; Antioxydant : E307 ; Ar\u00f4me naturel ; Ar\u00f4mes ; Ar\u00f4mes ; Antimoussant : E900. Teneur totale en mati\u00e8res grasses : 100%. *Diamant utilise uniquement de l'huile de palme certifi\u00e9e durable.<br \/>\n<strong>Valeurs nutritionnelles pour 100g<\/strong>:<br \/>\nEnergie: 3404 kJ \/ 828 kcal<br \/>\nGrasimi: 92 g din care acizi grasi saturati: 17 g<br \/>\nCarbohidrati 0 g sau care zaharuri 0 g<br \/>\nFibre: 0 g<br \/>\nProteine: 0 g<br \/>\nSare: &lt; 0.01 g<\/p>\n<p>Conserver \u00e0 temp\u00e9rature ambiante.<br \/>\nConvient \u00e0 la friteuse et \u00e0 la po\u00eale \u00e0 frire. Id\u00e9al pour les chips, les pommes de terre et les snacks surgel\u00e9s. Accompagn\u00e9 de quelques crudit\u00e9s, le d\u00eener est pr\u00eat.<br \/>\nCuire au four jaune dor\u00e9 et croustillant.<br \/>\n100% graisse v\u00e9g\u00e9tale pour friture.<br \/>\nIl contient moins d'acides gras satur\u00e9s.<br \/>\nId\u00e9al pour les v\u00e9g\u00e9tariens.<br \/>\nContinut si greutate : Bidon cu maner, 3 L.<\/p>\n<p>Fabricant : Vandemoortele Europe NV Nederlandse branche<br \/>\nAntwoordnummer 3030, 3860 VZ Zeewolde (NL)<br \/>\nImportateur et distributeur Total Blue Impex SRL<br \/>\n<a href=\"https:\/\/totalblue.ro\/wp-content\/uploads\/2021\/02\/vegetarian.jpeg\"><img loading=\"lazy\" decoding=\"async\" class=\"alignnone wp-image-27413\" src=\"https:\/\/totalblue.ro\/wp-content\/uploads\/2021\/02\/vegetarian.jpeg\" alt=\"\" width=\"98\" height=\"98\" srcset=\"https:\/\/totalblue.ro\/wp-content\/uploads\/2021\/02\/vegetarian.jpeg 225w, https:\/\/totalblue.ro\/wp-content\/uploads\/2021\/02\/vegetarian-100x100.jpeg 100w\" sizes=\"auto, (max-width: 98px) 100vw, 98px\" \/><\/a><a href=\"https:\/\/totalblue.ro\/wp-content\/uploads\/2022\/02\/rspo.jpg\"><img loading=\"lazy\" decoding=\"async\" class=\"alignnone wp-image-43874\" src=\"https:\/\/totalblue.ro\/wp-content\/uploads\/2022\/02\/rspo.jpg\" alt=\"\" width=\"105\" height=\"105\" srcset=\"https:\/\/totalblue.ro\/wp-content\/uploads\/2022\/02\/rspo.jpg 200w, https:\/\/totalblue.ro\/wp-content\/uploads\/2022\/02\/rspo-100x100.jpg 100w\" sizes=\"auto, (max-width: 105px) 100vw, 105px\" \/><\/a><\/p>","protected":false},"excerpt":{"rendered":"<p>Temperatura optima este intre 160\u00b0C si maxim 175\u00b0C. Prajiti pana la un rezultat galben auriu si evitati culoarea prea maro. Potrivit pentru toate tipurile de friteuze. Ingrediente: Uleiuri si grasimi vegetale (floarea soarelui; palmier*; rapita; floarea soarelui cu continut ridicat de oleic; in propor\u021bii variate); Antioxidant: E307; Aroma naturala; arome; antispumant: E900. Continut total de [&#8230;]\n","protected":false},"featured_media":43882,"comment_status":"open","ping_status":"closed","template":"","meta":{"_acf_changed":false,"_seopress_robots_primary_cat":"none","_seopress_titles_title":"","_seopress_titles_desc":"","_seopress_robots_index":""},"product_brand":[5406],"product_cat":[1555,3328,1362,1767],"giftcard-category":[],"class_list":{"0":"post-43880","1":"product","2":"type-product","3":"status-publish","4":"has-post-thumbnail","6":"product_brand-diamant","7":"product_cat-bacanie","8":"product_cat-paste-orez-ulei-otet","9":"product_cat-ulei-orez-faina-zahar","10":"product_cat-produse-olanda","12":"first","13":"outofstock","14":"taxable","15":"shipping-taxable","16":"purchasable","17":"product-type-simple"},"acf":[],"_links":{"self":[{"href":"https:\/\/totalblue.ro\/fr\/wp-json\/wp\/v2\/product\/43880","targetHints":{"allow":["GET"]}}],"collection":[{"href":"https:\/\/totalblue.ro\/fr\/wp-json\/wp\/v2\/product"}],"about":[{"href":"https:\/\/totalblue.ro\/fr\/wp-json\/wp\/v2\/types\/product"}],"replies":[{"embeddable":true,"href":"https:\/\/totalblue.ro\/fr\/wp-json\/wp\/v2\/comments?post=43880"}],"wp:featuredmedia":[{"embeddable":true,"href":"https:\/\/totalblue.ro\/fr\/wp-json\/wp\/v2\/media\/43882"}],"wp:attachment":[{"href":"https:\/\/totalblue.ro\/fr\/wp-json\/wp\/v2\/media?parent=43880"}],"wp:term":[{"taxonomy":"product_brand","embeddable":true,"href":"https:\/\/totalblue.ro\/fr\/wp-json\/wp\/v2\/product_brand?post=43880"},{"taxonomy":"product_cat","embeddable":true,"href":"https:\/\/totalblue.ro\/fr\/wp-json\/wp\/v2\/product_cat?post=43880"},{"taxonomy":"giftcard-category","embeddable":true,"href":"https:\/\/totalblue.ro\/fr\/wp-json\/wp\/v2\/giftcard-category?post=43880"}],"curies":[{"name":"wp","href":"https:\/\/api.w.org\/{rel}","templated":true}]}}