{"id":43957,"date":"2022-02-02T11:57:51","date_gmt":"2022-02-02T09:57:51","guid":{"rendered":"https:\/\/totalblue.ro\/?post_type=product&#038;p=43957"},"modified":"2026-03-02T14:57:01","modified_gmt":"2026-03-02T12:57:01","slug":"conimex-kroepoek-crevettes-naturelles-73-g","status":"publish","type":"product","link":"https:\/\/totalblue.ro\/fr\/produs\/conimex-kroepoek-naturel-creveti-73-g\/","title":{"rendered":"Conimex Kroepoek crevettes naturelles 73 g"},"content":{"rendered":"<p>Ingr\u00e9dients farine de tapioca, huile de tournesol, crevettes 16%, sucre de canne, sel, amidon de ma\u00efs, poudre \u00e0 lever (E451, E450), extrait de levure. Peut contenir du gluten, des oeufs, du poisson, du soja, du lait.<\/p>\n<p>Allerg\u00e8nes : contient des crustac\u00e9s, des crevettes.<br \/>\nPeut contenir : soja, lait, oeufs, c\u00e9r\u00e9ales contenant du gluten, poisson.<br \/>\nValeurs nutritionnelles \/ 100 g :<br \/>\n\u00c9nergie 2064 kJ (493 kcal)<br \/>\nGraisses 25 g dont 2 g de graisses satur\u00e9es<br \/>\nGlucides 64 g dont sucres 9,4 g<br \/>\nFibres alimentaires 3,1 g<br \/>\nProt\u00e9ines 1,8 g<br \/>\nsel 3,5 g<\/p>\n<p>Contenu et poids : 73 grammes, sac.<br \/>\nStockage : \u00e0 conserver dans un endroit sec. Consommer avant : voir sur l'emballage.<\/p>\n<div>Fabricant : Unilever Nederland, Conimex<br \/>\nPostbus 160, 3000 AD Rotterdam<br \/>\nImportateur et distributeur : Total Blue Impex SRL, Bucarest, Roumanie.<\/div>","protected":false},"excerpt":{"rendered":"<p>Ingrediente faina de tapioca, ulei de floarea soarelui, creveti 16%, zahar din trestie, sare, amidon de porumb, agent de crestere (E451, E450), extract de drojdie. Poate contine gluten, ou, peste, soia, lapte. Alergeni: contine crustacee, creveti. Poate contine: soia, lapte, oua, cereale care contin gluten, peste. Valori nutritionale \/ 100 g: Energie 2064 kJ (493 [&#8230;]\n","protected":false},"featured_media":87782,"comment_status":"open","ping_status":"closed","template":"","meta":{"_acf_changed":false,"_seopress_robots_primary_cat":"none","_seopress_titles_title":"","_seopress_titles_desc":"","_seopress_robots_index":""},"product_brand":[1949],"product_cat":[1555,3338,17494,1767],"giftcard-category":[],"class_list":{"0":"post-43957","1":"product","2":"type-product","3":"status-publish","4":"has-post-thumbnail","6":"product_brand-conimex","7":"product_cat-bacanie","8":"product_cat-dulciuri-snacksuri","9":"product_cat-influente-asiatice","10":"product_cat-produse-olanda","12":"first","13":"outofstock","14":"taxable","15":"shipping-taxable","16":"purchasable","17":"product-type-simple"},"acf":[],"_links":{"self":[{"href":"https:\/\/totalblue.ro\/fr\/wp-json\/wp\/v2\/product\/43957","targetHints":{"allow":["GET"]}}],"collection":[{"href":"https:\/\/totalblue.ro\/fr\/wp-json\/wp\/v2\/product"}],"about":[{"href":"https:\/\/totalblue.ro\/fr\/wp-json\/wp\/v2\/types\/product"}],"replies":[{"embeddable":true,"href":"https:\/\/totalblue.ro\/fr\/wp-json\/wp\/v2\/comments?post=43957"}],"wp:featuredmedia":[{"embeddable":true,"href":"https:\/\/totalblue.ro\/fr\/wp-json\/wp\/v2\/media\/87782"}],"wp:attachment":[{"href":"https:\/\/totalblue.ro\/fr\/wp-json\/wp\/v2\/media?parent=43957"}],"wp:term":[{"taxonomy":"product_brand","embeddable":true,"href":"https:\/\/totalblue.ro\/fr\/wp-json\/wp\/v2\/product_brand?post=43957"},{"taxonomy":"product_cat","embeddable":true,"href":"https:\/\/totalblue.ro\/fr\/wp-json\/wp\/v2\/product_cat?post=43957"},{"taxonomy":"giftcard-category","embeddable":true,"href":"https:\/\/totalblue.ro\/fr\/wp-json\/wp\/v2\/giftcard-category?post=43957"}],"curies":[{"name":"wp","href":"https:\/\/api.w.org\/{rel}","templated":true}]}}