{"id":43982,"date":"2022-02-02T13:27:59","date_gmt":"2022-02-02T11:27:59","guid":{"rendered":"https:\/\/totalblue.ro\/?post_type=product&#038;p=43982"},"modified":"2025-08-07T11:03:52","modified_gmt":"2025-08-07T08:03:52","slug":"cereales-a-base-de-riz-olvarit-pour-les-bebes-de-4-mois","status":"publish","type":"product","link":"https:\/\/totalblue.ro\/fr\/produs\/olvarit-cereale-pe-baza-de-orez-pentru-bebelusi-4-luni\/","title":{"rendered":"Olvarit C\u00e9r\u00e9ales \u00e0 base de riz pour b\u00e9b\u00e9s +4 mois, 200g"},"content":{"rendered":"<p>La farine de riz Olvarit est naturellement sans gluten et ne contient pas de sucres ajout\u00e9s. Cette bouillie convient donc parfaitement au passage \u00e0 l'alimentation solide.<br \/>\nNe contient pas de sucres ajout\u00e9s, mais uniquement des sucres naturels.<br \/>\nPlein d'ingr\u00e9dients purs et naturels.<br \/>\nRecommand\u00e9 pour l'alimentation au biberon ou pour commencer la diversification avec les premiers go\u00fbters.<br \/>\nDescription : aliments pour b\u00e9b\u00e9s sans sucres ajout\u00e9s. Emball\u00e9 dans une atmosph\u00e8re prot\u00e9g\u00e9e.<br \/>\nContenu et poids : 1 sachet, 200 grammes<br \/>\nPortion : 20 grammes.<br \/>\nCaract\u00e9ristiques :<br \/>\nSans lactose<br \/>\nPas de prot\u00e9ines de lait<br \/>\nStockage : \u00e0 conserver dans un endroit sec. Consommer avant : voir sur l'emballage.<br \/>\nA noter ! Apr\u00e8s ouverture, le contenu peut \u00eatre conserv\u00e9 pendant 4 semaines au maximum.<\/p>\n<p>Pr\u00e9paration :<br \/>\n1. Chauffer 200 ml de lait\/bouteille \u00e0 une temp\u00e9rature ti\u00e8de.<br \/>\n2. Verser le lait dans le biberon ou dans un bol\/une assiette.<br \/>\n3. Ajouter 2 \u00e0 3 cuill\u00e8res \u00e0 soupe (+\/- 10 g) de farine de riz dans le biberon ou 6 cuill\u00e8res \u00e0 soupe (+\/- 20 g) par assiette.<br \/>\n4. Agiter la bouteille ou bien remuer dans le bol pour obtenir une bouillie sans grumeaux.<br \/>\nProfitez d'un repas copieux !<\/p>\n<p>Ingr\u00e9dients : 99,999% farine de riz, mononitrate de thiamine.<br \/>\nValeurs nutritionnelles pour 100 g :<br \/>\n\u00c9nergie 1634 kJ (385 kcal)<br \/>\nGraisses 1,2 g dont graisses satur\u00e9es 0,2 g<br \/>\nGlucides 85,6 g dont sucres 0,4 g<br \/>\nFibres alimentaires 0,5 g<br \/>\nProt\u00e9ines 7,7 g<br \/>\nSel 0,02 g<br \/>\nVitamine B1 \/ Thiamine 0,9 mg<\/p>\n<p><a href=\"https:\/\/totalblue.ro\/wp-content\/uploads\/2022\/02\/lactose-free.jpg\"><img loading=\"lazy\" decoding=\"async\" class=\"alignnone wp-image-43984\" src=\"https:\/\/totalblue.ro\/wp-content\/uploads\/2022\/02\/lactose-free.jpg\" alt=\"\" width=\"116\" height=\"114\" srcset=\"https:\/\/totalblue.ro\/wp-content\/uploads\/2022\/02\/lactose-free.jpg 232w, https:\/\/totalblue.ro\/wp-content\/uploads\/2022\/02\/lactose-free-100x98.jpg 100w\" sizes=\"auto, (max-width: 116px) 100vw, 116px\" \/><\/a><\/p>\n<p>Fabricant : Nutricia Nederland B.V.<br \/>\nantwoordnummer 10061 2700 VB Zoetermeer<br \/>\nImportateur et distributeur Total Blue Impex SRL<\/p>","protected":false},"excerpt":{"rendered":"<p>Faina de orez Olvarit in mod naturaleste fara gluten si nu contine zaharuri adaugate. Prin urmare, acest terci de cereale este extrem de potrivit pentru trecerea la alimente solide. Nu contine zaharuri adaugate, doar zaharuri naturale. Plin de ingrediente pure si naturale. Recomandat pentru biberon sau pentru a incepe diversificarea cu primele gustari. Descriere: mancare [&#8230;]\n","protected":false},"featured_media":43987,"comment_status":"open","ping_status":"closed","template":"","meta":{"_acf_changed":false,"_seopress_robots_primary_cat":"1767","_seopress_titles_title":"","_seopress_titles_desc":"","_seopress_robots_index":""},"product_brand":[6175],"product_cat":[1984,1520,5677,1767],"giftcard-category":[],"class_list":{"0":"post-43982","1":"product","2":"type-product","3":"status-publish","4":"has-post-thumbnail","6":"product_brand-olvarit","7":"product_cat-hrana-bebelusi","8":"product_cat-mama-copilul","9":"product_cat-mancare-si-accesorii-bebe","10":"product_cat-produse-olanda","12":"first","13":"outofstock","14":"taxable","15":"shipping-taxable","16":"purchasable","17":"product-type-simple"},"acf":[],"_links":{"self":[{"href":"https:\/\/totalblue.ro\/fr\/wp-json\/wp\/v2\/product\/43982","targetHints":{"allow":["GET"]}}],"collection":[{"href":"https:\/\/totalblue.ro\/fr\/wp-json\/wp\/v2\/product"}],"about":[{"href":"https:\/\/totalblue.ro\/fr\/wp-json\/wp\/v2\/types\/product"}],"replies":[{"embeddable":true,"href":"https:\/\/totalblue.ro\/fr\/wp-json\/wp\/v2\/comments?post=43982"}],"wp:featuredmedia":[{"embeddable":true,"href":"https:\/\/totalblue.ro\/fr\/wp-json\/wp\/v2\/media\/43987"}],"wp:attachment":[{"href":"https:\/\/totalblue.ro\/fr\/wp-json\/wp\/v2\/media?parent=43982"}],"wp:term":[{"taxonomy":"product_brand","embeddable":true,"href":"https:\/\/totalblue.ro\/fr\/wp-json\/wp\/v2\/product_brand?post=43982"},{"taxonomy":"product_cat","embeddable":true,"href":"https:\/\/totalblue.ro\/fr\/wp-json\/wp\/v2\/product_cat?post=43982"},{"taxonomy":"giftcard-category","embeddable":true,"href":"https:\/\/totalblue.ro\/fr\/wp-json\/wp\/v2\/giftcard-category?post=43982"}],"curies":[{"name":"wp","href":"https:\/\/api.w.org\/{rel}","templated":true}]}}