{"id":43997,"date":"2022-02-02T14:02:17","date_gmt":"2022-02-02T12:02:17","guid":{"rendered":"https:\/\/totalblue.ro\/?post_type=product&#038;p=43997"},"modified":"2025-08-01T10:30:13","modified_gmt":"2025-08-01T07:30:13","slug":"olvarit-cereale-integrale-cu-miere-pentru-bebelusi-8-luni-200g","status":"publish","type":"product","link":"https:\/\/totalblue.ro\/fr\/produs\/olvarit-cereale-integrale-cu-miere-pentru-bebelusi-8-luni-200g\/","title":{"rendered":"Olvarit Cereale integrale cu miere pentru bebelusi +8 luni, 200g"},"content":{"rendered":"<p>Olvarit cereale de grau integral sunt bogate in fibre si au o structura mai grosiera, astfel \u00eencat acest terci de cereale este exact potrivit varstei copilului tau. Un \u00eenceput de zi ideal !<br \/>\nBogat in fibre.<br \/>\nPlein d'ingr\u00e9dients purs et naturels.<br \/>\nDelicios la micul dejun pentru bebelusul tau.<br \/>\nNu contine zaharuri adaugate.<br \/>\nDescription : aliments pour b\u00e9b\u00e9s sans sucres ajout\u00e9s. Emball\u00e9 dans une atmosph\u00e8re prot\u00e9g\u00e9e.<br \/>\nContenu et poids : 1 sachet, 200 grammes<br \/>\nPortion : 20 grammes.<br \/>\nCaract\u00e9ristiques :<br \/>\nSans lactose<br \/>\nFara proteine \u200b\u200bdin lapte<br \/>\nStockage : \u00e0 conserver dans un endroit sec. Consommer avant : voir sur l'emballage.<br \/>\nA noter ! Apr\u00e8s ouverture, le contenu peut \u00eatre conserv\u00e9 pendant 4 semaines au maximum.<\/p>\n<p>Pr\u00e9paration :<br \/>\n1. Chauffer 200 ml de lait\/bouteille \u00e0 une temp\u00e9rature ti\u00e8de.<br \/>\n2. Verser le lait dans le biberon ou dans un bol\/une assiette.<br \/>\n3. Ajouter 2 \u00e0 3 cuill\u00e8res \u00e0 soupe (+\/- 10 g) de farine de riz dans le biberon ou 6 cuill\u00e8res \u00e0 soupe (+\/- 20 g) par assiette.<br \/>\n4. Agiter la bouteille ou bien remuer dans le bol pour obtenir une bouillie sans grumeaux.<br \/>\nProfitez d'un repas copieux !<\/p>\n<p>Ingrediente: 94,999% fulgi (55% faina integrala de grau, 20% faina integrala de secara, 19,999% faina de grau), 5% miere, mononitrat de tiamina.<br \/>\nValeurs nutritionnelles pour 100 g :<br \/>\nEnergie 1587 kJ (375 kcal)<br \/>\nGrasimi 2,1 g din care grasimi saturate 0,3 g<br \/>\nCarbohidra\u021bi 72 g din care zaharuri 5,4 g<br \/>\nFibre alimentare 11,1 g<br \/>\nProteine \u200b\u200b11,6 g<br \/>\nSel 0,01 g<br \/>\nVitamina B1 \/ Tiamina 0,91 mg<\/p>\n<p><a href=\"https:\/\/totalblue.ro\/wp-content\/uploads\/2022\/02\/lactose-free.jpg\"><img loading=\"lazy\" decoding=\"async\" class=\"alignnone wp-image-43984\" src=\"https:\/\/totalblue.ro\/wp-content\/uploads\/2022\/02\/lactose-free.jpg\" alt=\"\" width=\"116\" height=\"114\" srcset=\"https:\/\/totalblue.ro\/wp-content\/uploads\/2022\/02\/lactose-free.jpg 232w, https:\/\/totalblue.ro\/wp-content\/uploads\/2022\/02\/lactose-free-100x98.jpg 100w\" sizes=\"auto, (max-width: 116px) 100vw, 116px\" \/><\/a><\/p>\n<p>Fabricant : Nutricia Nederland B.V.<br \/>\nantwoordnummer 10061 2700 VB Zoetermeer<br \/>\nImportateur et distributeur Total Blue Impex SRL<\/p>","protected":false},"excerpt":{"rendered":"<p>Olvarit cereale de grau integral sunt bogate in fibre si au o structura mai grosiera, astfel \u00eencat acest terci de cereale este exact potrivit varstei copilului tau. Un \u00eenceput de zi ideal ! Bogat in fibre. Plin de ingrediente pure si naturale. Delicios la micul dejun pentru bebelusul tau. Nu contine zaharuri adaugate. Descriere: mancare [&#8230;]\n","protected":false},"featured_media":44003,"comment_status":"open","ping_status":"closed","template":"","meta":{"_acf_changed":false,"_seopress_robots_primary_cat":"1767","_seopress_titles_title":"","_seopress_titles_desc":"","_seopress_robots_index":""},"product_brand":[6175],"product_cat":[1984,1520,5677,1767],"giftcard-category":[],"class_list":{"0":"post-43997","1":"product","2":"type-product","3":"status-publish","4":"has-post-thumbnail","6":"product_brand-olvarit","7":"product_cat-hrana-bebelusi","8":"product_cat-mama-copilul","9":"product_cat-mancare-si-accesorii-bebe","10":"product_cat-produse-olanda","12":"first","13":"outofstock","14":"taxable","15":"shipping-taxable","16":"purchasable","17":"product-type-simple"},"acf":[],"_links":{"self":[{"href":"https:\/\/totalblue.ro\/fr\/wp-json\/wp\/v2\/product\/43997","targetHints":{"allow":["GET"]}}],"collection":[{"href":"https:\/\/totalblue.ro\/fr\/wp-json\/wp\/v2\/product"}],"about":[{"href":"https:\/\/totalblue.ro\/fr\/wp-json\/wp\/v2\/types\/product"}],"replies":[{"embeddable":true,"href":"https:\/\/totalblue.ro\/fr\/wp-json\/wp\/v2\/comments?post=43997"}],"wp:featuredmedia":[{"embeddable":true,"href":"https:\/\/totalblue.ro\/fr\/wp-json\/wp\/v2\/media\/44003"}],"wp:attachment":[{"href":"https:\/\/totalblue.ro\/fr\/wp-json\/wp\/v2\/media?parent=43997"}],"wp:term":[{"taxonomy":"product_brand","embeddable":true,"href":"https:\/\/totalblue.ro\/fr\/wp-json\/wp\/v2\/product_brand?post=43997"},{"taxonomy":"product_cat","embeddable":true,"href":"https:\/\/totalblue.ro\/fr\/wp-json\/wp\/v2\/product_cat?post=43997"},{"taxonomy":"giftcard-category","embeddable":true,"href":"https:\/\/totalblue.ro\/fr\/wp-json\/wp\/v2\/giftcard-category?post=43997"}],"curies":[{"name":"wp","href":"https:\/\/api.w.org\/{rel}","templated":true}]}}