{"id":44122,"date":"2022-02-03T11:53:49","date_gmt":"2022-02-03T09:53:49","guid":{"rendered":"https:\/\/totalblue.ro\/?post_type=product&#038;p=44122"},"modified":"2025-07-28T21:13:35","modified_gmt":"2025-07-28T18:13:35","slug":"klene-zoute-salmiak-mix-drop-bomboane-270-g","status":"publish","type":"product","link":"https:\/\/totalblue.ro\/fr\/produs\/klene-zoute-salmiak-mix-drop-bomboane-270-g\/","title":{"rendered":"Klene Zoute &amp; salmiak mix Drop Bomboane 270 g"},"content":{"rendered":"<p>Klene Zoute &amp; salmiak mix &#8211; drop sarat, cu salmiak si aroma de lemn dulce!<br \/>\nIngrediente: zahar, sirop de glucoza, amidon modificat, gelatina, melasa de zahar din trestie, extract de radacina de lemn dulce, clorura de amoniu, f\u0103in\u0103 de grau, ulei de cocos, arome naturale, colorant (carbon vegetal), agent de glazurare (ceara de albine).<br \/>\nAlergeni: contine : cereale care contin gluten, grau.<br \/>\nValeurs nutritionnelles pour 100 g :<br \/>\nEnergie 1428 kJ (336 kcal)<br \/>\nGrasimi 0,2 g din care grasimi saturate 0,1 g<br \/>\nGlucide 78 g din care zaharuri 51 g<br \/>\nProt\u00e9ines 5,4 g<br \/>\nSel 0,11 g<br \/>\nConservez les produits au sec. Un sachet entam\u00e9 se conserve mieux dans une bo\u00eete l\u00e9g\u00e8re et herm\u00e9tique. Consommer avant : voir sur l'emballage.<\/p>\n<p>Fabricant Perfetti Van Melle Benelux B.V.<br \/>\nP.O. Box 3000 4800 DA Breda Hollande<br \/>\nImportateur et distributeur Total Blue Impex SRL<strong><br \/>\n<\/strong><\/p>","protected":false},"excerpt":{"rendered":"<p>Klene Zoute &amp; salmiak mix &#8211; drop sarat, cu salmiak si aroma de lemn dulce! Ingrediente: zahar, sirop de glucoza, amidon modificat, gelatina, melasa de zahar din trestie, extract de radacina de lemn dulce, clorura de amoniu, f\u0103in\u0103 de grau, ulei de cocos, arome naturale, colorant (carbon vegetal), agent de glazurare (ceara de albine). Alergeni: [&#8230;]\n","protected":false},"featured_media":100825,"comment_status":"open","ping_status":"closed","template":"","meta":{"_acf_changed":false,"_seopress_robots_primary_cat":"none","_seopress_titles_title":"","_seopress_titles_desc":"","_seopress_robots_index":""},"product_brand":[2039],"product_cat":[1555,3338,7021,1767],"giftcard-category":[],"class_list":{"0":"post-44122","1":"product","2":"type-product","3":"status-publish","4":"has-post-thumbnail","6":"product_brand-klene","7":"product_cat-bacanie","8":"product_cat-dulciuri-snacksuri","9":"product_cat-dulciuri-snacks","10":"product_cat-produse-olanda","12":"first","13":"outofstock","14":"taxable","15":"shipping-taxable","16":"purchasable","17":"product-type-simple"},"acf":[],"_links":{"self":[{"href":"https:\/\/totalblue.ro\/fr\/wp-json\/wp\/v2\/product\/44122","targetHints":{"allow":["GET"]}}],"collection":[{"href":"https:\/\/totalblue.ro\/fr\/wp-json\/wp\/v2\/product"}],"about":[{"href":"https:\/\/totalblue.ro\/fr\/wp-json\/wp\/v2\/types\/product"}],"replies":[{"embeddable":true,"href":"https:\/\/totalblue.ro\/fr\/wp-json\/wp\/v2\/comments?post=44122"}],"wp:featuredmedia":[{"embeddable":true,"href":"https:\/\/totalblue.ro\/fr\/wp-json\/wp\/v2\/media\/100825"}],"wp:attachment":[{"href":"https:\/\/totalblue.ro\/fr\/wp-json\/wp\/v2\/media?parent=44122"}],"wp:term":[{"taxonomy":"product_brand","embeddable":true,"href":"https:\/\/totalblue.ro\/fr\/wp-json\/wp\/v2\/product_brand?post=44122"},{"taxonomy":"product_cat","embeddable":true,"href":"https:\/\/totalblue.ro\/fr\/wp-json\/wp\/v2\/product_cat?post=44122"},{"taxonomy":"giftcard-category","embeddable":true,"href":"https:\/\/totalblue.ro\/fr\/wp-json\/wp\/v2\/giftcard-category?post=44122"}],"curies":[{"name":"wp","href":"https:\/\/api.w.org\/{rel}","templated":true}]}}