{"id":44201,"date":"2022-02-03T15:22:41","date_gmt":"2022-02-03T13:22:41","guid":{"rendered":"https:\/\/totalblue.ro\/?post_type=product&#038;p=44201"},"modified":"2025-08-01T10:30:01","modified_gmt":"2025-08-01T07:30:01","slug":"olvarit-desert-cu-fructe-pentru-bebelusi-mar-afine-si-iaurt-12-luni-200g","status":"publish","type":"product","link":"https:\/\/totalblue.ro\/fr\/produs\/olvarit-desert-cu-fructe-pentru-bebelusi-mar-afine-si-iaurt-12-luni-200g\/","title":{"rendered":"Olvarit desert cu fructe pentru bebelusi Mar, Afine si Iaurt 12+ luni, 200g"},"content":{"rendered":"<p id=\"tw-target-text\" class=\"tw-data-text tw-text-large tw-ta\" dir=\"ltr\" data-placeholder=\"Traducere\">Olvarit desert cu fructe pentru bebelusi cu ingrediente pure \u0219i naturale pentru bebelusii cu varsta peste 12 luni.<br \/>\nUn d\u00e9licieux go\u00fbter pour b\u00e9b\u00e9 avec des ingr\u00e9dients purs et naturels.<br \/>\nContenu et poids : 200 grammes.<br \/>\n<strong>Ingr\u00e9dient : <\/strong>59,16% mere, 20% iaurt (LAPTE), 9% afine, 8% banane, 3,2% faina de orez, suc concentrat de aronia, acid L-ascorbic.<br \/>\n<strong>Allerg\u00e8nes<\/strong>contient du lait.<br \/>\nEmball\u00e9 dans un bocal en verre avec couvercle \u00e0 cliquer.<br \/>\n<strong>Avant de l'ouvrir, appuyez sur le couvercle. S'il n'y a pas de d\u00e9clic, n'utilisez pas le contenu !<\/strong><br \/>\n<strong>Pr\u00e9paration<\/strong>M\u00e9langer le contenu et d\u00e9poser la quantit\u00e9 souhait\u00e9e sur une assiette. Utilisez une cuill\u00e8re en plastique pour cette op\u00e9ration.<br \/>\nConserver le reste du contenu scell\u00e9 au r\u00e9frig\u00e9rateur et l'utiliser dans les 24 heures.<br \/>\nNe pas r\u00e9utiliser les restes.<br \/>\n<strong>Valeurs nutritionnelles\/100g :<br \/>\n<\/strong>Energie 269 kJ (64 kcal)<br \/>\nGrasimi 0.9 g din care grasimi saturate 0.4 g<br \/>\nGlucide 12.3 g din care zaharuri 8.4 g<br \/>\nFibres alimentaires 1,3 g<br \/>\nProteine 1\u200b\u200b g<br \/>\nSel 0,03 g<br \/>\nFabriqu\u00e9 aux Pays-Bas par Nutricia, Antwoordnummer 10061 2700 VB Zoetermeer<br \/>\nImportateur et distributeur Total Blue Impex SRL<br \/>\n<a href=\"https:\/\/totalblue.ro\/wp-content\/uploads\/2021\/03\/bcorporation.jpg\"><img loading=\"lazy\" decoding=\"async\" class=\"alignnone wp-image-43908\" src=\"https:\/\/totalblue.ro\/wp-content\/uploads\/2021\/03\/bcorporation-269x400.jpg\" alt=\"\" width=\"59\" height=\"88\" srcset=\"https:\/\/totalblue.ro\/wp-content\/uploads\/2021\/03\/bcorporation-269x400.jpg 269w, https:\/\/totalblue.ro\/wp-content\/uploads\/2021\/03\/bcorporation-100x149.jpg 100w, https:\/\/totalblue.ro\/wp-content\/uploads\/2021\/03\/bcorporation.jpg 320w\" sizes=\"auto, (max-width: 59px) 100vw, 59px\" \/><\/a><\/p>","protected":false},"excerpt":{"rendered":"<p>Olvarit desert cu fructe pentru bebelusi cu ingrediente pure \u0219i naturale pentru bebelusii cu varsta peste 12 luni. O gustare delicioasa pentru bebelusi cu ingrediente pure si naturale. Con\u021binut si greutate: 200 grame. Ingrediente: 59,16% mere, 20% iaurt (LAPTE), 9% afine, 8% banane, 3,2% faina de orez, suc concentrat de aronia, acid L-ascorbic. Alergeni: contine [&#8230;]\n","protected":false},"featured_media":44211,"comment_status":"open","ping_status":"closed","template":"","meta":{"_acf_changed":false,"_seopress_robots_primary_cat":"1767","_seopress_titles_title":"","_seopress_titles_desc":" ","_seopress_robots_index":""},"product_brand":[6175],"product_cat":[1984,1520,5677,1767],"giftcard-category":[],"class_list":{"0":"post-44201","1":"product","2":"type-product","3":"status-publish","4":"has-post-thumbnail","6":"product_brand-olvarit","7":"product_cat-hrana-bebelusi","8":"product_cat-mama-copilul","9":"product_cat-mancare-si-accesorii-bebe","10":"product_cat-produse-olanda","12":"first","13":"outofstock","14":"taxable","15":"shipping-taxable","16":"purchasable","17":"product-type-simple"},"acf":[],"_links":{"self":[{"href":"https:\/\/totalblue.ro\/fr\/wp-json\/wp\/v2\/product\/44201","targetHints":{"allow":["GET"]}}],"collection":[{"href":"https:\/\/totalblue.ro\/fr\/wp-json\/wp\/v2\/product"}],"about":[{"href":"https:\/\/totalblue.ro\/fr\/wp-json\/wp\/v2\/types\/product"}],"replies":[{"embeddable":true,"href":"https:\/\/totalblue.ro\/fr\/wp-json\/wp\/v2\/comments?post=44201"}],"wp:featuredmedia":[{"embeddable":true,"href":"https:\/\/totalblue.ro\/fr\/wp-json\/wp\/v2\/media\/44211"}],"wp:attachment":[{"href":"https:\/\/totalblue.ro\/fr\/wp-json\/wp\/v2\/media?parent=44201"}],"wp:term":[{"taxonomy":"product_brand","embeddable":true,"href":"https:\/\/totalblue.ro\/fr\/wp-json\/wp\/v2\/product_brand?post=44201"},{"taxonomy":"product_cat","embeddable":true,"href":"https:\/\/totalblue.ro\/fr\/wp-json\/wp\/v2\/product_cat?post=44201"},{"taxonomy":"giftcard-category","embeddable":true,"href":"https:\/\/totalblue.ro\/fr\/wp-json\/wp\/v2\/giftcard-category?post=44201"}],"curies":[{"name":"wp","href":"https:\/\/api.w.org\/{rel}","templated":true}]}}