{"id":44284,"date":"2022-02-04T14:00:43","date_gmt":"2022-02-04T12:00:43","guid":{"rendered":"https:\/\/totalblue.ro\/?post_type=product&#038;p=44284"},"modified":"2025-08-01T15:43:10","modified_gmt":"2025-08-01T12:43:10","slug":"noodles-chili-picanti-unox-olanda-65g","status":"publish","type":"product","link":"https:\/\/totalblue.ro\/fr\/produs\/noodles-chili-picanti-unox-olanda-65g\/","title":{"rendered":"Nouilles au piment \u00e9pic\u00e9 Unox Holland 65g"},"content":{"rendered":"<p>Recommand\u00e9 : portion pour 1 personne<br \/>\nNoodles cu gust de chili Unox 65 g \u2013 gata in 3 minute!<br \/>\nGata in 3 minute ! Usor de pregatit ! Noodles picanti cu chili.<br \/>\nAdauga o lingura de ulei de floarea soarelui pentru a face Noodlesul cu gust de chili Unox mai cremos.<br \/>\n<strong>Ingr\u00e9dient : <\/strong>Paste (taitei) 82% (faina de grau imbogatita (faina de grau, carbonat de calciu), ulei de palmier, sare, amidon de cartofi modificat, zahar, agent de crestere (E501i, E500i), extract de turmeric), bulion cu aroma de chili (maltodextrina, arome ( contine telina), faina de grau, sare minerala (potasiu), condimente (ardei iute 0,7%, usturoi, turmeric), morcov 1,3%, shiitake 1,1%, zahar, extract de drojdie, boia de ardei 0,7%, ceapa primavara 0,4%, zahar caramelizat, sare, antioxidant E300, ulei de rapi\u021b\u0103). Poate contine crustacee, lapte, mustar, soia.<br \/>\nNu contine coloranti artificiali.<br \/>\n<strong>Allerg\u00e8nes : <\/strong>Contine: grau, cereale care contin gluten, telina.<br \/>\nPoate contine: Lapte, Crustacee, Mustar, Soia.<br \/>\n<strong>Pr\u00e9paration :<\/strong> Nu introduce\u021bi ambalajul in cuptorul cu microunde! Desfaceti capacul pe jumatate. Se toarna apa clocotita direct in pahar pana la linia punctata. Se inchide capacul. Lasati noodlesul cu aroma de chili sa stea 5 minute. Amestecati bine ! Gata ! Va dorim pofta buna ! Nota: paharul poate fi fierbinte !<br \/>\n<strong>Mod de depozitare:<\/strong> a se pastra la loc uscat, la temperatura camerei.<br \/>\nFabriqu\u00e9 aux Pays-Bas par Unilever Nederland Unox, Postbus 160 3000 AD AD Rotterdam<br \/>\nImportateur et distributeur Total Blue Impex SRL<\/p>\n<p><strong>Valeurs nutritionnelles \/ 100g :<br \/>\n<\/strong>Energie 342 kJ (82 kcal)<br \/>\nGrasimi 3,5 g din care grasimi saturate 1,7 g<br \/>\nGlucide 10 g din care zaharuri 1,6 g<br \/>\nFibre alimentare 1 g<br \/>\nProteine \u200b\u200b1,6 g<br \/>\nSare 0,5 g<\/p>\n<p><a href=\"https:\/\/totalblue.ro\/wp-content\/uploads\/2021\/02\/vegetarian.jpeg\"><img loading=\"lazy\" decoding=\"async\" class=\"alignnone wp-image-27413\" src=\"https:\/\/totalblue.ro\/wp-content\/uploads\/2021\/02\/vegetarian.jpeg\" alt=\"\" width=\"119\" height=\"119\" srcset=\"https:\/\/totalblue.ro\/wp-content\/uploads\/2021\/02\/vegetarian.jpeg 225w, https:\/\/totalblue.ro\/wp-content\/uploads\/2021\/02\/vegetarian-100x100.jpeg 100w\" sizes=\"auto, (max-width: 119px) 100vw, 119px\" \/><\/a><\/p>\n<div class=\"wrapper-table-responsive m-t-3\">Fabriqu\u00e9 aux Pays-Bas par Unilever Nederland Unox, Postbus 160 3000 AD AD Rotterdam<br \/>\nImportateur et distributeur Total Blue Impex SRL<\/div>","protected":false},"excerpt":{"rendered":"<p>Recomandat : portie pentru 1 persoana Noodles cu gust de chili Unox 65 g \u2013 gata in 3 minute! Gata in 3 minute ! Usor de pregatit ! Noodles picanti cu chili. Adauga o lingura de ulei de floarea soarelui pentru a face Noodlesul cu gust de chili Unox mai cremos. Ingrediente: Paste (taitei) 82% [&#8230;]\n","protected":false},"featured_media":44286,"comment_status":"open","ping_status":"closed","template":"","meta":{"_acf_changed":false,"_seopress_robots_primary_cat":"none","_seopress_titles_title":"","_seopress_titles_desc":" ","_seopress_robots_index":""},"product_brand":[1925],"product_cat":[1555,3272,17494,21594,1463,3328,1767],"giftcard-category":[],"class_list":{"0":"post-44284","1":"product","2":"type-product","3":"status-publish","4":"has-post-thumbnail","6":"product_brand-unox","7":"product_cat-bacanie","8":"product_cat-conserve","9":"product_cat-influente-asiatice","10":"product_cat-noodles-supe-instant","11":"product_cat-orez","12":"product_cat-paste-orez-ulei-otet","13":"product_cat-produse-olanda","15":"first","16":"outofstock","17":"taxable","18":"shipping-taxable","19":"purchasable","20":"product-type-simple"},"acf":[],"_links":{"self":[{"href":"https:\/\/totalblue.ro\/fr\/wp-json\/wp\/v2\/product\/44284","targetHints":{"allow":["GET"]}}],"collection":[{"href":"https:\/\/totalblue.ro\/fr\/wp-json\/wp\/v2\/product"}],"about":[{"href":"https:\/\/totalblue.ro\/fr\/wp-json\/wp\/v2\/types\/product"}],"replies":[{"embeddable":true,"href":"https:\/\/totalblue.ro\/fr\/wp-json\/wp\/v2\/comments?post=44284"}],"wp:featuredmedia":[{"embeddable":true,"href":"https:\/\/totalblue.ro\/fr\/wp-json\/wp\/v2\/media\/44286"}],"wp:attachment":[{"href":"https:\/\/totalblue.ro\/fr\/wp-json\/wp\/v2\/media?parent=44284"}],"wp:term":[{"taxonomy":"product_brand","embeddable":true,"href":"https:\/\/totalblue.ro\/fr\/wp-json\/wp\/v2\/product_brand?post=44284"},{"taxonomy":"product_cat","embeddable":true,"href":"https:\/\/totalblue.ro\/fr\/wp-json\/wp\/v2\/product_cat?post=44284"},{"taxonomy":"giftcard-category","embeddable":true,"href":"https:\/\/totalblue.ro\/fr\/wp-json\/wp\/v2\/giftcard-category?post=44284"}],"curies":[{"name":"wp","href":"https:\/\/api.w.org\/{rel}","templated":true}]}}