{"id":44308,"date":"2022-02-04T15:29:29","date_gmt":"2022-02-04T13:29:29","guid":{"rendered":"https:\/\/totalblue.ro\/?post_type=product&#038;p=44308"},"modified":"2026-02-27T14:48:50","modified_gmt":"2026-02-27T12:48:50","slug":"soupe-de-queue-de-boeuf-570-ml-unox-hollandaise","status":"publish","type":"product","link":"https:\/\/totalblue.ro\/fr\/produs\/supa-din-cozi-de-vita-570-ml-unox-olanda\/","title":{"rendered":"Soupe de queue de b\u0153uf 570 ml, Unox Pays-Bas"},"content":{"rendered":"<p>Quantit\u00e9 id\u00e9ale pour 2 portions de soupe.<br \/>\n<strong>Ingr\u00e9dient<\/strong>: Eau, l\u00e9gumes 18,4% (tomates 11,3%, c\u00e9leri 5,2%, oignon 1,9%), cubes de b\u0153uf 4,1% (b\u0153uf 3,3%, eau, sel, stabilisateur E451), farine de bl\u00e9, porto 1,8%, amidon de ma\u00efs modifi\u00e9, sauce soja 0,7% (sucre, m\u00e9lasse, soja, sel, bl\u00e9, eau, vinaigre, amidon de bl\u00e9 modifi\u00e9, ar\u00f4me), extrait de levure (contient de l'orge), sel, ar\u00f4me, sel min\u00e9ral (potassium), viande de queue de b\u0153uf 0,2%, fructose, vinaigre, raifort, sucre, maltodextrine, sucre br\u00fbl\u00e9, jus de l\u00e9gumes concentr\u00e9 (c\u00e9leri, carotte, poireau, oignon), noix de muscade, vinaigre balsamique (vinaigre de vin, mo\u00fbt de raisin), extrait de vin blanc, marque de qualit\u00e9 Beter Leven 2 \u00e9toiles.<br \/>\nPeut contenir des \u0153ufs, du lait et de la moutarde.<br \/>\n<strong>Allerg\u00e8nes<\/strong>Les c\u00e9r\u00e9ales contenant du gluten, le c\u00e9leri, le soja, le bl\u00e9, l'orge, le soja.<br \/>\nPeut contenir : des \u0153ufs, du lait, de la moutarde.<br \/>\n<strong>Valeurs nutritionnelles pour 100 ml :<\/strong><br \/>\n\u00c9nergie 133 kJ (32 kcal)<br \/>\nGraisses &lt; 0,5 g dont graisses satur\u00e9es 0,2 g<br \/>\nGlucides 4,5 g dont sucres 1,2 g<br \/>\nFibres alimentaires &lt; 0,5 g<br \/>\nProt\u00e9ines 1,8 g<br \/>\nSel 0,58 g<br \/>\n<strong>Pr\u00e9paration<\/strong>Ne pas mettre l'emballage au micro-ondes ! Mettre la soupe dans un bol et la faire chauffer au micro-ondes pendant 2,5 minutes \u00e0 environ 750 watts ou la faire chauffer directement dans une casserole en remuant d\u00e9licatement. Apr\u00e8s avoir \u00e9t\u00e9 r\u00e9chauff\u00e9e, la soupe est pr\u00eate \u00e0 \u00eatre d\u00e9gust\u00e9e !<br \/>\n<strong>Stockage<\/strong>Apr\u00e8s ouverture du sachet, cette soupe peut \u00eatre conserv\u00e9e au r\u00e9frig\u00e9rateur jusqu'\u00e0 2 jours. Fermer le sachet.<br \/>\nContenu et poids : 570 ml, sac.<br \/>\nFabriqu\u00e9 aux Pays-Bas par Unilever Nederland Unox, Postbus 160 3000 AD AD Rotterdam<br \/>\nImportateur et distributeur Total Blue Impex SRL<\/p>","protected":false},"excerpt":{"rendered":"<p>Cantitatea ideala pentru 2 portii de supa. Ingrediente: Apa, legume 18,4% (rosii 11,3%, telina 5,2%, ceapa 1,9%), cuburi de vita 4,1% (vita 3,3%, apa, sare, stabilizator E451), faina de grau, porto 1,8%, amidon de porumb modificat, soia sos 0,7% (zahar, melasa, soia, sare, grau, apa, otet, amidon de grau modificat, aroma), extract de drojdie (contine [&#8230;]\n","protected":false},"featured_media":217781,"comment_status":"open","ping_status":"closed","template":"","meta":{"_acf_changed":false,"_seopress_robots_primary_cat":"none","_seopress_titles_title":"","_seopress_titles_desc":"","_seopress_robots_index":""},"product_brand":[1925],"product_cat":[1555,1683,3272,1767],"giftcard-category":[],"class_list":{"0":"post-44308","1":"product","2":"type-product","3":"status-publish","4":"has-post-thumbnail","6":"product_brand-unox","7":"product_cat-bacanie","8":"product_cat-conserve-mancare-gatita","9":"product_cat-conserve","10":"product_cat-produse-olanda","12":"first","13":"outofstock","14":"taxable","15":"shipping-taxable","16":"purchasable","17":"product-type-simple"},"acf":[],"_links":{"self":[{"href":"https:\/\/totalblue.ro\/fr\/wp-json\/wp\/v2\/product\/44308","targetHints":{"allow":["GET"]}}],"collection":[{"href":"https:\/\/totalblue.ro\/fr\/wp-json\/wp\/v2\/product"}],"about":[{"href":"https:\/\/totalblue.ro\/fr\/wp-json\/wp\/v2\/types\/product"}],"replies":[{"embeddable":true,"href":"https:\/\/totalblue.ro\/fr\/wp-json\/wp\/v2\/comments?post=44308"}],"wp:featuredmedia":[{"embeddable":true,"href":"https:\/\/totalblue.ro\/fr\/wp-json\/wp\/v2\/media\/217781"}],"wp:attachment":[{"href":"https:\/\/totalblue.ro\/fr\/wp-json\/wp\/v2\/media?parent=44308"}],"wp:term":[{"taxonomy":"product_brand","embeddable":true,"href":"https:\/\/totalblue.ro\/fr\/wp-json\/wp\/v2\/product_brand?post=44308"},{"taxonomy":"product_cat","embeddable":true,"href":"https:\/\/totalblue.ro\/fr\/wp-json\/wp\/v2\/product_cat?post=44308"},{"taxonomy":"giftcard-category","embeddable":true,"href":"https:\/\/totalblue.ro\/fr\/wp-json\/wp\/v2\/giftcard-category?post=44308"}],"curies":[{"name":"wp","href":"https:\/\/api.w.org\/{rel}","templated":true}]}}