{"id":44332,"date":"2022-02-04T15:58:39","date_gmt":"2022-02-04T13:58:39","guid":{"rendered":"https:\/\/totalblue.ro\/?post_type=product&#038;p=44332"},"modified":"2026-01-30T09:18:48","modified_gmt":"2026-01-30T07:18:48","slug":"supa-cu-fasole-boabe-bruna-si-carnati-afumati-570-ml-unox-olanda","status":"publish","type":"product","link":"https:\/\/totalblue.ro\/fr\/produs\/supa-cu-fasole-boabe-bruna-si-carnati-afumati-570-ml-unox-olanda\/","title":{"rendered":"Supa cu fasole boabe bruna si carnati afumati 570 ml, Unox Olanda"},"content":{"rendered":"<p><strong>Ingr\u00e9dient<\/strong>: Apa, fasole 19,8%, legume (rosii 11%, ceap\u0103 2,6%, morcov 2,6%, telina), cartofi 2,6%, carnati afumati 2,2% (carne de porc 9%, carne de porc separata 11%, grasime de porc, sare, colagen de porc, sare, , stabilizator (E451, E452), aroma, conservant E250, fum de lemne), slanina 2% (carne de porc 93%, sare, stabilizator (E450, E451), aroma de fum, antioxidant E301, conservant E250), amidon de porumb modificat, extract de drojdie (contine orz), sare iodata, condimente (usturoi, cuisoare), sare, arome (contine lapte), concentrat de suc de legume (telina, morcov, ceapa, praz), cimbru, aroma de fum, extract de vin alb, otet balsamic (otet de vin). , must de struguri). Poate contine ou, soia, mustar. Crescut intr-un mod durabil. Marca de calitate Beter Leven 1 stea.<\/p>\n<p><strong>Allerg\u00e8nes<\/strong>: Contine: telina, orz, lapte, cereale care contin gluten.<br \/>\nPoate contine: oua, soia, mustar.<br \/>\n<strong>Valeurs nutritionnelles pour 100 ml :<\/strong><br \/>\nValeurs nutritionnelles pour 100 ml :<br \/>\nEnergie 202 kJ (49 kcal)<br \/>\nGr\u0103simi 1.4 g din care satura\u021bi 0,5 g<br \/>\nCarbohidra\u021bi 5.2 g din care zaharuri 0.7 g<br \/>\nFibre dietetice 2.8 g<br \/>\nProt\u00e9ines 3,4 g<br \/>\nSel 0,66 g<\/p>\n<p><strong>Pr\u00e9paration<\/strong>Ne pas mettre l'emballage au micro-ondes ! Mettre la soupe dans un bol et la faire chauffer au micro-ondes pendant 2,5 minutes \u00e0 environ 750 watts ou la faire chauffer directement dans une casserole en remuant d\u00e9licatement. Apr\u00e8s avoir \u00e9t\u00e9 r\u00e9chauff\u00e9e, la soupe est pr\u00eate \u00e0 \u00eatre d\u00e9gust\u00e9e !<br \/>\nMod pastrare: Dupa deschiderea pungii, aceasta sup\u0103 poate fi pastrata maxim 2 zile la frigider. Inchideti punga.<br \/>\nContenu et poids : 570 ml, sac.<\/p>\n<p>Fabriqu\u00e9 aux Pays-Bas par Unilever Nederland Unox, Postbus 160 3000 AD AD Rotterdam<br \/>\nImportateur et distributeur Total Blue Impex SRL<\/p>","protected":false},"excerpt":{"rendered":"<p>Unox Proeverij romige tomatensoep.<br \/>\nSupa-crema de rosii cu chili afumat si busuioc Unox Olanda 570 ml &#8211; gata preparata<\/p>","protected":false},"featured_media":217845,"comment_status":"open","ping_status":"closed","template":"","meta":{"_acf_changed":false,"_seopress_robots_primary_cat":"none","_seopress_titles_title":"","_seopress_titles_desc":"","_seopress_robots_index":""},"product_brand":[1925],"product_cat":[1555,1683,3272,1767],"giftcard-category":[],"class_list":{"0":"post-44332","1":"product","2":"type-product","3":"status-publish","4":"has-post-thumbnail","6":"product_brand-unox","7":"product_cat-bacanie","8":"product_cat-conserve-mancare-gatita","9":"product_cat-conserve","10":"product_cat-produse-olanda","12":"first","13":"outofstock","14":"taxable","15":"shipping-taxable","16":"purchasable","17":"product-type-simple"},"acf":[],"_links":{"self":[{"href":"https:\/\/totalblue.ro\/fr\/wp-json\/wp\/v2\/product\/44332","targetHints":{"allow":["GET"]}}],"collection":[{"href":"https:\/\/totalblue.ro\/fr\/wp-json\/wp\/v2\/product"}],"about":[{"href":"https:\/\/totalblue.ro\/fr\/wp-json\/wp\/v2\/types\/product"}],"replies":[{"embeddable":true,"href":"https:\/\/totalblue.ro\/fr\/wp-json\/wp\/v2\/comments?post=44332"}],"wp:featuredmedia":[{"embeddable":true,"href":"https:\/\/totalblue.ro\/fr\/wp-json\/wp\/v2\/media\/217845"}],"wp:attachment":[{"href":"https:\/\/totalblue.ro\/fr\/wp-json\/wp\/v2\/media?parent=44332"}],"wp:term":[{"taxonomy":"product_brand","embeddable":true,"href":"https:\/\/totalblue.ro\/fr\/wp-json\/wp\/v2\/product_brand?post=44332"},{"taxonomy":"product_cat","embeddable":true,"href":"https:\/\/totalblue.ro\/fr\/wp-json\/wp\/v2\/product_cat?post=44332"},{"taxonomy":"giftcard-category","embeddable":true,"href":"https:\/\/totalblue.ro\/fr\/wp-json\/wp\/v2\/giftcard-category?post=44332"}],"curies":[{"name":"wp","href":"https:\/\/api.w.org\/{rel}","templated":true}]}}