{"id":44642,"date":"2022-02-07T16:35:58","date_gmt":"2022-02-07T14:35:58","guid":{"rendered":"https:\/\/totalblue.ro\/?post_type=product&#038;p=44642"},"modified":"2026-01-08T09:17:57","modified_gmt":"2026-01-08T07:17:57","slug":"olvarit-mancare-pentru-bebelusi-pui-orez-si-morcov-6-luni-200g","status":"publish","type":"product","link":"https:\/\/totalblue.ro\/fr\/produs\/olvarit-mancare-pentru-bebelusi-pui-orez-si-morcov-6-luni-200g\/","title":{"rendered":"Aliments pour b\u00e9b\u00e9s Olvarit Poulet, riz et carotte 6+ mois, 200g"},"content":{"rendered":"<p id=\"tw-target-text\" class=\"tw-data-text tw-text-large tw-ta\" dir=\"ltr\" data-placeholder=\"Traducere\">Olvarit cu Pui, Orez si Morcov pentru bebelusi cu ingrediente pure \u0219i naturale pentru bebelusii cu varsta peste 6 luni.<br \/>\nLes aliments pour b\u00e9b\u00e9s ont un go\u00fbt et une texture reconnaissables qui contribuent au d\u00e9veloppement du go\u00fbt.<br \/>\nUn d\u00e9licieux go\u00fbter pour b\u00e9b\u00e9 avec des ingr\u00e9dients purs et naturels.<br \/>\nContenu et poids : 200 grammes.<br \/>\n<strong>Ingr\u00e9dient :<\/strong> 50% morcov, 25,08% orez, apa, 8,5% pui, ulei de rapita.<br \/>\nEmball\u00e9 dans un bocal en verre avec couvercle \u00e0 cliquer.<br \/>\n<strong>Avant de l'ouvrir, appuyez sur le couvercle. S'il n'y a pas de d\u00e9clic, n'utilisez pas le contenu !<\/strong><br \/>\n<strong>Pr\u00e9paration<\/strong>M\u00e9langer le contenu et d\u00e9poser la quantit\u00e9 souhait\u00e9e sur une assiette. Utilisez une cuill\u00e8re en plastique pour cette op\u00e9ration.<br \/>\nConserver le reste du contenu scell\u00e9 au r\u00e9frig\u00e9rateur et l'utiliser dans les 24 heures.<br \/>\nChauffer au micro-ondes pendant environ 30 secondes \u00e0 600 W.<br \/>\nApr\u00e8s le chauffage, bien remuer \u00e0 nouveau et v\u00e9rifier la temp\u00e9rature.<br \/>\nNe pas r\u00e9utiliser les restes.<br \/>\n<strong>Valeurs nutritionnelles\/100g :<br \/>\n<\/strong>Energie 250 kJ (60 kcal)<br \/>\nGrasimi 1,3 g din care grasimi saturate 0,03 g<br \/>\nGlucide 7,7 g din care zaharuri 3 g<br \/>\nFibre alimentare 2,7 g<br \/>\nProteine \u200b\u200b2,7 g<br \/>\nSel 0,05 g<\/p>\n<p>Fabriqu\u00e9 aux Pays-Bas par Nutricia, Antwoordnummer 10061 2700 VB Zoetermeer<br \/>\nImportateur et distributeur Total Blue Impex SRL<br \/>\n<a href=\"https:\/\/totalblue.ro\/wp-content\/uploads\/2021\/03\/bcorporation.jpg\"><img loading=\"lazy\" decoding=\"async\" class=\"alignnone wp-image-43908\" src=\"https:\/\/totalblue.ro\/wp-content\/uploads\/2021\/03\/bcorporation-269x400.jpg\" alt=\"\" width=\"59\" height=\"88\" srcset=\"https:\/\/totalblue.ro\/wp-content\/uploads\/2021\/03\/bcorporation-269x400.jpg 269w, https:\/\/totalblue.ro\/wp-content\/uploads\/2021\/03\/bcorporation-100x149.jpg 100w, https:\/\/totalblue.ro\/wp-content\/uploads\/2021\/03\/bcorporation.jpg 320w\" sizes=\"auto, (max-width: 59px) 100vw, 59px\" \/><\/a><\/p>","protected":false},"excerpt":{"rendered":"<p>Olvarit cu Pui, Orez si Morcov pentru bebelusi cu ingrediente pure \u0219i naturale pentru bebelusii cu varsta peste 6 luni. Mancarea pentru copii are un gust si o textura recunoscute care contribuie la dezvoltarea gustului. O gustare delicioasa pentru bebelusi cu ingrediente pure si naturale. Con\u021binut si greutate: 200 grame. Ingrediente: 50% morcov, 25,08% orez, [&#8230;]\n","protected":false},"featured_media":44658,"comment_status":"open","ping_status":"closed","template":"","meta":{"_acf_changed":false,"_seopress_robots_primary_cat":"1767","_seopress_titles_title":"","_seopress_titles_desc":"","_seopress_robots_index":""},"product_brand":[6175],"product_cat":[1984,1520,5677,1767],"giftcard-category":[],"class_list":{"0":"post-44642","1":"product","2":"type-product","3":"status-publish","4":"has-post-thumbnail","6":"product_brand-olvarit","7":"product_cat-hrana-bebelusi","8":"product_cat-mama-copilul","9":"product_cat-mancare-si-accesorii-bebe","10":"product_cat-produse-olanda","12":"first","13":"outofstock","14":"taxable","15":"shipping-taxable","16":"purchasable","17":"product-type-simple"},"acf":[],"_links":{"self":[{"href":"https:\/\/totalblue.ro\/fr\/wp-json\/wp\/v2\/product\/44642","targetHints":{"allow":["GET"]}}],"collection":[{"href":"https:\/\/totalblue.ro\/fr\/wp-json\/wp\/v2\/product"}],"about":[{"href":"https:\/\/totalblue.ro\/fr\/wp-json\/wp\/v2\/types\/product"}],"replies":[{"embeddable":true,"href":"https:\/\/totalblue.ro\/fr\/wp-json\/wp\/v2\/comments?post=44642"}],"wp:featuredmedia":[{"embeddable":true,"href":"https:\/\/totalblue.ro\/fr\/wp-json\/wp\/v2\/media\/44658"}],"wp:attachment":[{"href":"https:\/\/totalblue.ro\/fr\/wp-json\/wp\/v2\/media?parent=44642"}],"wp:term":[{"taxonomy":"product_brand","embeddable":true,"href":"https:\/\/totalblue.ro\/fr\/wp-json\/wp\/v2\/product_brand?post=44642"},{"taxonomy":"product_cat","embeddable":true,"href":"https:\/\/totalblue.ro\/fr\/wp-json\/wp\/v2\/product_cat?post=44642"},{"taxonomy":"giftcard-category","embeddable":true,"href":"https:\/\/totalblue.ro\/fr\/wp-json\/wp\/v2\/giftcard-category?post=44642"}],"curies":[{"name":"wp","href":"https:\/\/api.w.org\/{rel}","templated":true}]}}