{"id":44700,"date":"2022-02-08T11:08:42","date_gmt":"2022-02-08T09:08:42","guid":{"rendered":"https:\/\/totalblue.ro\/?post_type=product&#038;p=44700"},"modified":"2025-08-04T11:27:53","modified_gmt":"2025-08-04T08:27:53","slug":"zonnatura-ceai-bio-ghimbir-si-lemongrass-30-g-20-pliculete-x-15g","status":"publish","type":"product","link":"https:\/\/totalblue.ro\/fr\/produs\/zonnatura-ceai-bio-ghimbir-si-lemongrass-30-g-20-pliculete-x-15g\/","title":{"rendered":"Zonnatura Ceai BIO Ghimbir si LemonGrass 30 g, 20 pliculete x 1,5g"},"content":{"rendered":"<p>1 pachet Zonnatura gember citroengras 100% contine 20 pliculete x 1,5 g = 30 g<br \/>\nOrganic \/ 100% pur<br \/>\n<strong>Pr\u00e9paration :<\/strong><br \/>\nSe toarna apa clocotita (100 \u00b0 C) intr-o ceasca. Lasati pliculetul de ceai timp de 3 pana la 5 minute in ceasca.<br \/>\nNote : La tasse peut \u00eatre chaude ! Le th\u00e9 peut \u00eatre chaud !<br \/>\nConserver dans un endroit sec, \u00e0 l'abri de la lumi\u00e8re et \u00e0 temp\u00e9rature ambiante.<br \/>\n<strong>Ingr\u00e9dient<\/strong>: radacina de ghimbir* 90%, lemongrass* 10%. *ingredient din agricultura ecologica.<br \/>\nFabricat de Wessanen Benelux B.V.<br \/>\nPostbus 12795, 1100 AT Amsterdam (NL)<br \/>\nImportateur et distributeur Total Blue Impex SRL<\/p>","protected":false},"excerpt":{"rendered":"<p>1 pachet Zonnatura gember citroengras 100% contine 20 pliculete x 1,5 g = 30 g Organic \/ 100% pur Mod de preparare: Se toarna apa clocotita (100 \u00b0 C) intr-o ceasca. Lasati pliculetul de ceai timp de 3 pana la 5 minute in ceasca. Nota: ceasca poate fi fierbinte ! Ceaiul poate fi fierbinte ! [&#8230;]\n","protected":false},"featured_media":44703,"comment_status":"open","ping_status":"closed","template":"","meta":{"_acf_changed":false,"_seopress_robots_primary_cat":"none","_seopress_titles_title":"","_seopress_titles_desc":"","_seopress_robots_index":""},"product_brand":[5640],"product_cat":[1555,1506,3320,1767],"giftcard-category":[],"class_list":{"0":"post-44700","1":"product","2":"type-product","3":"status-publish","4":"has-post-thumbnail","6":"product_brand-zonnatura","7":"product_cat-bacanie","8":"product_cat-cafea-ceai-mic-dejun","9":"product_cat-cafea-ceai-lapte","10":"product_cat-produse-olanda","12":"first","13":"outofstock","14":"taxable","15":"shipping-taxable","16":"purchasable","17":"product-type-simple"},"acf":[],"_links":{"self":[{"href":"https:\/\/totalblue.ro\/fr\/wp-json\/wp\/v2\/product\/44700","targetHints":{"allow":["GET"]}}],"collection":[{"href":"https:\/\/totalblue.ro\/fr\/wp-json\/wp\/v2\/product"}],"about":[{"href":"https:\/\/totalblue.ro\/fr\/wp-json\/wp\/v2\/types\/product"}],"replies":[{"embeddable":true,"href":"https:\/\/totalblue.ro\/fr\/wp-json\/wp\/v2\/comments?post=44700"}],"wp:featuredmedia":[{"embeddable":true,"href":"https:\/\/totalblue.ro\/fr\/wp-json\/wp\/v2\/media\/44703"}],"wp:attachment":[{"href":"https:\/\/totalblue.ro\/fr\/wp-json\/wp\/v2\/media?parent=44700"}],"wp:term":[{"taxonomy":"product_brand","embeddable":true,"href":"https:\/\/totalblue.ro\/fr\/wp-json\/wp\/v2\/product_brand?post=44700"},{"taxonomy":"product_cat","embeddable":true,"href":"https:\/\/totalblue.ro\/fr\/wp-json\/wp\/v2\/product_cat?post=44700"},{"taxonomy":"giftcard-category","embeddable":true,"href":"https:\/\/totalblue.ro\/fr\/wp-json\/wp\/v2\/giftcard-category?post=44700"}],"curies":[{"name":"wp","href":"https:\/\/api.w.org\/{rel}","templated":true}]}}