{"id":44705,"date":"2022-02-08T11:13:22","date_gmt":"2022-02-08T09:13:22","guid":{"rendered":"https:\/\/totalblue.ro\/?post_type=product&#038;p=44705"},"modified":"2025-08-04T11:27:51","modified_gmt":"2025-08-04T08:27:51","slug":"zonnatura-bio-ceai-verde-cu-ghimbir-34-g-20-pliculete-x-17g","status":"publish","type":"product","link":"https:\/\/totalblue.ro\/fr\/produs\/zonnatura-bio-ceai-verde-cu-ghimbir-34-g-20-pliculete-x-17g\/","title":{"rendered":"Zonnatura BIO Ceai Verde cu Ghimbir 34 g, 20 pliculete x 1,7g"},"content":{"rendered":"<p>1 pachet Zonnatura Groene thee gember 100% contine 20 pliculete x 1,7 g = 34 g<\/p>\n<p><strong>Pr\u00e9paration :<\/strong><br \/>\nSe toarna apa clocotita (100 \u00b0 C) intr-o ceasca. Lasati pliculetul de ceai timp de 2 pana la 4 minute in ceasca.<br \/>\nNote : La tasse peut \u00eatre chaude ! Le th\u00e9 peut \u00eatre chaud !<br \/>\nConserver dans un endroit sec, \u00e0 l'abri de la lumi\u00e8re et \u00e0 temp\u00e9rature ambiante.<br \/>\n<strong>Ingr\u00e9dient<\/strong>:Ceai verde* 51%, citroengrass*, radacina de ghimbir* 10%, radacina de lemn dulce*, scortisoara*. *Ingredient din cultura organica.<br \/>\nFabricat de Wessanen Benelux B.V.<br \/>\nPostbus 12795, 1100 AT Amsterdam (NL)<br \/>\nImportateur et distributeur Total Blue Impex SRL<\/p>","protected":false},"excerpt":{"rendered":"<p>1 pachet Zonnatura Groene thee gember 100% contine 20 pliculete x 1,7 g = 34 g Mod de preparare: Se toarna apa clocotita (100 \u00b0 C) intr-o ceasca. Lasati pliculetul de ceai timp de 2 pana la 4 minute in ceasca. Nota: ceasca poate fi fierbinte ! Ceaiul poate fi fierbinte ! Mod de depozitare: [&#8230;]\n","protected":false},"featured_media":44711,"comment_status":"open","ping_status":"closed","template":"","meta":{"_acf_changed":false,"_seopress_robots_primary_cat":"none","_seopress_titles_title":"","_seopress_titles_desc":"","_seopress_robots_index":""},"product_brand":[5640],"product_cat":[1555,1506,3320,1767],"giftcard-category":[],"class_list":{"0":"post-44705","1":"product","2":"type-product","3":"status-publish","4":"has-post-thumbnail","6":"product_brand-zonnatura","7":"product_cat-bacanie","8":"product_cat-cafea-ceai-mic-dejun","9":"product_cat-cafea-ceai-lapte","10":"product_cat-produse-olanda","12":"first","13":"outofstock","14":"taxable","15":"shipping-taxable","16":"purchasable","17":"product-type-simple"},"acf":[],"_links":{"self":[{"href":"https:\/\/totalblue.ro\/fr\/wp-json\/wp\/v2\/product\/44705","targetHints":{"allow":["GET"]}}],"collection":[{"href":"https:\/\/totalblue.ro\/fr\/wp-json\/wp\/v2\/product"}],"about":[{"href":"https:\/\/totalblue.ro\/fr\/wp-json\/wp\/v2\/types\/product"}],"replies":[{"embeddable":true,"href":"https:\/\/totalblue.ro\/fr\/wp-json\/wp\/v2\/comments?post=44705"}],"wp:featuredmedia":[{"embeddable":true,"href":"https:\/\/totalblue.ro\/fr\/wp-json\/wp\/v2\/media\/44711"}],"wp:attachment":[{"href":"https:\/\/totalblue.ro\/fr\/wp-json\/wp\/v2\/media?parent=44705"}],"wp:term":[{"taxonomy":"product_brand","embeddable":true,"href":"https:\/\/totalblue.ro\/fr\/wp-json\/wp\/v2\/product_brand?post=44705"},{"taxonomy":"product_cat","embeddable":true,"href":"https:\/\/totalblue.ro\/fr\/wp-json\/wp\/v2\/product_cat?post=44705"},{"taxonomy":"giftcard-category","embeddable":true,"href":"https:\/\/totalblue.ro\/fr\/wp-json\/wp\/v2\/giftcard-category?post=44705"}],"curies":[{"name":"wp","href":"https:\/\/api.w.org\/{rel}","templated":true}]}}