{"id":45826,"date":"2022-02-28T15:52:39","date_gmt":"2022-02-28T13:52:39","guid":{"rendered":"https:\/\/totalblue.ro\/?post_type=product&#038;p=45826"},"modified":"2025-06-04T14:39:22","modified_gmt":"2025-06-04T11:39:22","slug":"la-festa-bautura-instant-ciocolata-alba-250g-10-pliculete","status":"publish","type":"product","link":"https:\/\/totalblue.ro\/fr\/produs\/la-festa-bautura-instant-ciocolata-alba-250g-10-pliculete\/","title":{"rendered":"La Festa Bautura instant ciocolata alba 250g ( 10 pliculete )"},"content":{"rendered":"<p>La Festa Bautura instant pe baza de lapte, cu gust de ciocolata alba. Un pachet contine 10 pliculete x 25 g.<br \/>\nConserver dans un endroit sec, \u00e0 l'abri de la lumi\u00e8re et \u00e0 temp\u00e9rature ambiante.<br \/>\nAroma unica de ciocolata, regasita intr-o bautura calda. La Festa Hot Chocolatta este un produs ideal pentru clipe de relaxare!<br \/>\n<strong>Pr\u00e9paration<\/strong>: Continutul unui plic se varsa intr-o cana, se toarna 150 ml de apa fierbinte (nu clocotita) si se amesteca.<br \/>\nNota: ceasca poate fi fierbinte ! Continutul poate fi fierbinte !<br \/>\n<strong>Ingr\u00e9dient<\/strong>: Zahar, lapte praf degresat 22%, zer praf, sirop de glucoza, grasime vegetala total hidrogenata de cocos, amidon, arome, colorant: caroteni; stabilizatori: fosfati de potasiu. Produsul poate contine urme de soia.<br \/>\nValoare energetica pe 100g produs KJ 1634 kJ<br \/>\nValoare energetica pe 100g produs Kcal 385 kcal<br \/>\nGrasimi, Lipide 3.4 g<br \/>\nGrasimi, din care acizi grasi saturati 3.1 g<br \/>\nGlucide, Carbohidrati 79.9 g<br \/>\nGlucide, din care zaharuri 68.7 g<br \/>\nProteine 8.8 g<br \/>\nSare 0.58 g<br \/>\nFibre 0 g<br \/>\nA se consuma, de preferinta, inainte de data inscriptionata pe ambalaj.<\/p>","protected":false},"excerpt":{"rendered":"<p>La Festa Bautura instant pe baza de lapte, cu gust de ciocolata alba. Un pachet contine 10 pliculete x 25 g. Mod de depozitare: A se pastra la loc uscat, intunecat la temperatura camerei. Aroma unica de ciocolata, regasita intr-o bautura calda. La Festa Hot Chocolatta este un produs ideal pentru clipe de relaxare! Mod [&#8230;]\n","protected":false},"featured_media":45829,"comment_status":"open","ping_status":"closed","template":"","meta":{"_acf_changed":false,"_seopress_robots_primary_cat":"none","_seopress_titles_title":"La Festa Bautura instant ciocolata alba 250g ( 10 pliculete )","_seopress_titles_desc":"Cauti ciocolata calda alba? Cumpara acum ciocolata calda alba , ciocolata La Festa Bautura instant ciocolata alba 250g, ciocolata alba La Festa.","_seopress_robots_index":""},"product_brand":[5819],"product_cat":[1555,1506],"giftcard-category":[],"class_list":{"0":"post-45826","1":"product","2":"type-product","3":"status-publish","4":"has-post-thumbnail","6":"product_brand-la-festa","7":"product_cat-bacanie","8":"product_cat-cafea-ceai-mic-dejun","10":"first","11":"outofstock","12":"taxable","13":"shipping-taxable","14":"purchasable","15":"product-type-simple"},"acf":[],"_links":{"self":[{"href":"https:\/\/totalblue.ro\/fr\/wp-json\/wp\/v2\/product\/45826","targetHints":{"allow":["GET"]}}],"collection":[{"href":"https:\/\/totalblue.ro\/fr\/wp-json\/wp\/v2\/product"}],"about":[{"href":"https:\/\/totalblue.ro\/fr\/wp-json\/wp\/v2\/types\/product"}],"replies":[{"embeddable":true,"href":"https:\/\/totalblue.ro\/fr\/wp-json\/wp\/v2\/comments?post=45826"}],"wp:featuredmedia":[{"embeddable":true,"href":"https:\/\/totalblue.ro\/fr\/wp-json\/wp\/v2\/media\/45829"}],"wp:attachment":[{"href":"https:\/\/totalblue.ro\/fr\/wp-json\/wp\/v2\/media?parent=45826"}],"wp:term":[{"taxonomy":"product_brand","embeddable":true,"href":"https:\/\/totalblue.ro\/fr\/wp-json\/wp\/v2\/product_brand?post=45826"},{"taxonomy":"product_cat","embeddable":true,"href":"https:\/\/totalblue.ro\/fr\/wp-json\/wp\/v2\/product_cat?post=45826"},{"taxonomy":"giftcard-category","embeddable":true,"href":"https:\/\/totalblue.ro\/fr\/wp-json\/wp\/v2\/giftcard-category?post=45826"}],"curies":[{"name":"wp","href":"https:\/\/api.w.org\/{rel}","templated":true}]}}