{"id":46756,"date":"2022-03-08T13:01:23","date_gmt":"2022-03-08T11:01:23","guid":{"rendered":"https:\/\/totalblue.ro\/?post_type=product&#038;p=46756"},"modified":"2025-08-04T10:22:43","modified_gmt":"2025-08-04T07:22:43","slug":"beemster-branza-classic-18-luni-250-g-olanda","status":"publish","type":"product","link":"https:\/\/totalblue.ro\/fr\/produs\/beemster-branza-classic-18-luni-250-g-olanda\/","title":{"rendered":"Beemster Classic Cheese Classic 18 mois 250 g, Pays-Bas"},"content":{"rendered":"<p>Beemster Branza Classic Maturata ca. 18 saptamani 250 g<\/p>\n<p>Le Beemster affin\u00e9 est un fromage naturellement affin\u00e9 qui pr\u00e9sente un savoureux \u00e9quilibre entre le piquant du vieux fromage et le moelleux de la vari\u00e9t\u00e9 plus jeune.<br \/>\nBeemster est une coop\u00e9rative de petits agriculteurs de la r\u00e9gion de Beemster, aux Pays-Bas.<br \/>\nLes vaches sortent le plus souvent possible et sont tr\u00e8s bien soign\u00e9es.<br \/>\nBeemster produit du fromage de mani\u00e8re traditionnelle et durable.<\/p>\n<p>Ce produit est facile \u00e0 transformer en sandwich pr\u00eat \u00e0 d\u00e9guster.<\/p>\n<p><strong>Ingr\u00e9dient<\/strong>: lapte de vaca (pasteurizat), sare, cultura starter, cheag vegetarian, colorant natural annatto (E160b(ii)).<br \/>\n<strong>Allerg\u00e8nes<\/strong>contient du lait.<\/p>\n<p>Emball\u00e9 dans une atmosph\u00e8re prot\u00e9g\u00e9e.<br \/>\nContenu et poids : produit emball\u00e9, poids 250 grammes.<br \/>\nStockage : Stocker dans un endroit frais (max 7\u00b0C). Produit p\u00e9rissable apr\u00e8s ouverture.<br \/>\nCaract\u00e9ristiques. V\u00e9g\u00e9tarien<\/p>\n<p><strong>Valeurs nutritionnelles pour 100g :<\/strong><br \/>\nEnergie 1766 kJ (426 kcal)<br \/>\nGrasimi 35 g din care grasimi saturate 25,2 g<br \/>\nGlucides 0 g dont sucres 0 g<br \/>\nProteine \u200b\u200b27,7 g<br \/>\nSel 2,0 g<\/p>\n<p><a href=\"https:\/\/totalblue.ro\/wp-content\/uploads\/2021\/02\/vegetarian.jpeg\"><img loading=\"lazy\" decoding=\"async\" class=\"alignnone wp-image-27413\" src=\"https:\/\/totalblue.ro\/wp-content\/uploads\/2021\/02\/vegetarian.jpeg\" alt=\"\" width=\"104\" height=\"104\" srcset=\"https:\/\/totalblue.ro\/wp-content\/uploads\/2021\/02\/vegetarian.jpeg 225w, https:\/\/totalblue.ro\/wp-content\/uploads\/2021\/02\/vegetarian-100x100.jpeg 100w\" sizes=\"auto, (max-width: 104px) 100vw, 104px\" \/><\/a><a href=\"https:\/\/totalblue.ro\/wp-content\/uploads\/2021\/11\/branzeturi.jpg\"><img loading=\"lazy\" decoding=\"async\" class=\"alignnone wp-image-37210\" src=\"https:\/\/totalblue.ro\/wp-content\/uploads\/2021\/11\/branzeturi.jpg\" alt=\"\" width=\"110\" height=\"105\" srcset=\"https:\/\/totalblue.ro\/wp-content\/uploads\/2021\/11\/branzeturi.jpg 300w, https:\/\/totalblue.ro\/wp-content\/uploads\/2021\/11\/branzeturi-100x95.jpg 100w\" sizes=\"auto, (max-width: 110px) 100vw, 110px\" \/><\/a><\/p>\n<p>Producteur : CONO Kaasmakers, Postbus 1, 1462 ZG Middenbeemster, Pays-Bas<br \/>\nImportateur et distributeur : Total Blue Impex SRL, Bucarest, Roumanie<\/p>","protected":false},"excerpt":{"rendered":"<p>Beemster Branza Classic Maturata ca. 18 saptamani 250 g Beemster matured este o branza maturata natural si are un echilibru gustos intre picantul al branzei vechi si moliciunea soiului mai tanar. Beemster este o cooperativ de mici fermieri din zona Beemster, Olanda. Vacile ies afara cat mai mult posibil si sunt foarte bine ingrijite. Beemster [&#8230;]\n","protected":false},"featured_media":46763,"comment_status":"open","ping_status":"closed","template":"","meta":{"_acf_changed":false,"_seopress_robots_primary_cat":"none","_seopress_titles_title":"Beemster Branza Classic 18 luni Olanda, branzeturi olandeze.","_seopress_titles_desc":"Cumpara online Beemster Branza Classic 18 luni Olanda, branzeturi olandeze, branzeturi import Olanda, gouda Olanda, edam, maasdam, cascaval","_seopress_robots_index":""},"product_brand":[4228],"product_cat":[1555,3288,4226,1767],"giftcard-category":[],"class_list":{"0":"post-46756","1":"product","2":"type-product","3":"status-publish","4":"has-post-thumbnail","6":"product_brand-beemster","7":"product_cat-bacanie","8":"product_cat-branzeturi","9":"product_cat-branzeturi-bacanie","10":"product_cat-produse-olanda","12":"first","13":"outofstock","14":"taxable","15":"shipping-taxable","16":"purchasable","17":"product-type-simple"},"acf":[],"_links":{"self":[{"href":"https:\/\/totalblue.ro\/fr\/wp-json\/wp\/v2\/product\/46756","targetHints":{"allow":["GET"]}}],"collection":[{"href":"https:\/\/totalblue.ro\/fr\/wp-json\/wp\/v2\/product"}],"about":[{"href":"https:\/\/totalblue.ro\/fr\/wp-json\/wp\/v2\/types\/product"}],"replies":[{"embeddable":true,"href":"https:\/\/totalblue.ro\/fr\/wp-json\/wp\/v2\/comments?post=46756"}],"wp:featuredmedia":[{"embeddable":true,"href":"https:\/\/totalblue.ro\/fr\/wp-json\/wp\/v2\/media\/46763"}],"wp:attachment":[{"href":"https:\/\/totalblue.ro\/fr\/wp-json\/wp\/v2\/media?parent=46756"}],"wp:term":[{"taxonomy":"product_brand","embeddable":true,"href":"https:\/\/totalblue.ro\/fr\/wp-json\/wp\/v2\/product_brand?post=46756"},{"taxonomy":"product_cat","embeddable":true,"href":"https:\/\/totalblue.ro\/fr\/wp-json\/wp\/v2\/product_cat?post=46756"},{"taxonomy":"giftcard-category","embeddable":true,"href":"https:\/\/totalblue.ro\/fr\/wp-json\/wp\/v2\/giftcard-category?post=46756"}],"curies":[{"name":"wp","href":"https:\/\/api.w.org\/{rel}","templated":true}]}}