{"id":46799,"date":"2022-03-08T14:20:34","date_gmt":"2022-03-08T12:20:34","guid":{"rendered":"https:\/\/totalblue.ro\/?post_type=product&#038;p=46799"},"modified":"2025-08-04T10:22:39","modified_gmt":"2025-08-04T07:22:39","slug":"fromage-beemster-vieilli-x-o-26-mois-150-g-hollandaise","status":"publish","type":"product","link":"https:\/\/totalblue.ro\/fr\/produs\/beemster-branza-aged-x-o-26-luni-150-g-olanda\/","title":{"rendered":"Fromage affin\u00e9 Beemster X-O 26 mois 150 g, Pays-Bas"},"content":{"rendered":"<p>Beemster Old Cheese X-O Matured Cheese X-O Matured ca. 26 mois 150 g<\/p>\n<p>Le Beemster affin\u00e9 est un fromage naturellement affin\u00e9 qui pr\u00e9sente un savoureux \u00e9quilibre entre le piquant du vieux fromage et le moelleux de la vari\u00e9t\u00e9 plus jeune.<br \/>\nBeemster est une coop\u00e9rative de petits agriculteurs de la r\u00e9gion de Beemster, aux Pays-Bas.<br \/>\nLes vaches sortent le plus souvent possible et sont tr\u00e8s bien soign\u00e9es.<br \/>\nBeemster produit du fromage de mani\u00e8re traditionnelle et durable.<\/p>\n<p>Ce produit est facile \u00e0 transformer en sandwich pr\u00eat \u00e0 d\u00e9guster.<\/p>\n<p><strong>Ingr\u00e9dient<\/strong>Lait de vache (pasteuris\u00e9), sel, culture de d\u00e9part, nitrate de sodium E251, pr\u00e9sure v\u00e9g\u00e9tale, colorant naturel annatto (E160b(ii)).<br \/>\n<strong>Allerg\u00e8nes<\/strong>contient du lait.<\/p>\n<p>Emball\u00e9 dans une atmosph\u00e8re prot\u00e9g\u00e9e.<br \/>\nContenu et poids : produit emball\u00e9, poids 150 grammes.<br \/>\nStockage : Stocker dans un endroit frais (max 7\u00b0C). Produit p\u00e9rissable apr\u00e8s ouverture.<br \/>\nCaract\u00e9ristiques. V\u00e9g\u00e9tarien<\/p>\n<p><strong>Valeurs nutritionnelles pour 100g :<\/strong><br \/>\n\u00c9nergie 1830 kJ (441 kcal)<br \/>\nMati\u00e8res grasses 36,3 g dont 26,1 g de graisses satur\u00e9es<br \/>\nGlucides 0 g dont sucres 0 g<br \/>\nProt\u00e9ines 28,7 g<br \/>\nSel 2,0 g<\/p>\n<p><a href=\"https:\/\/totalblue.ro\/wp-content\/uploads\/2021\/02\/vegetarian.jpeg\"><img loading=\"lazy\" decoding=\"async\" class=\"alignnone wp-image-27413\" src=\"https:\/\/totalblue.ro\/wp-content\/uploads\/2021\/02\/vegetarian.jpeg\" alt=\"\" width=\"104\" height=\"104\" srcset=\"https:\/\/totalblue.ro\/wp-content\/uploads\/2021\/02\/vegetarian.jpeg 225w, https:\/\/totalblue.ro\/wp-content\/uploads\/2021\/02\/vegetarian-100x100.jpeg 100w\" sizes=\"auto, (max-width: 104px) 100vw, 104px\" \/><\/a><a href=\"https:\/\/totalblue.ro\/wp-content\/uploads\/2021\/11\/branzeturi.jpg\"><img loading=\"lazy\" decoding=\"async\" class=\"alignnone wp-image-37210\" src=\"https:\/\/totalblue.ro\/wp-content\/uploads\/2021\/11\/branzeturi.jpg\" alt=\"\" width=\"110\" height=\"105\" srcset=\"https:\/\/totalblue.ro\/wp-content\/uploads\/2021\/11\/branzeturi.jpg 300w, https:\/\/totalblue.ro\/wp-content\/uploads\/2021\/11\/branzeturi-100x95.jpg 100w\" sizes=\"auto, (max-width: 110px) 100vw, 110px\" \/><\/a><\/p>\n<p>Producteur : CONO Kaasmakers, Postbus 1, 1462 ZG Middenbeemster, Pays-Bas<br \/>\nImportateur et distributeur : Total Blue Impex SRL, Bucarest, Roumanie<\/p>","protected":false},"excerpt":{"rendered":"<p>Beemster Branza Veche X-O\u00a0 Maturata ca. 26 luni 150 g Beemster matured este o branza maturata natural si are un echilibru gustos intre picantul al branzei vechi si moliciunea soiului mai tanar. Beemster este o cooperativ de mici fermieri din zona Beemster, Olanda. Vacile ies afara cat mai mult posibil si sunt foarte bine ingrijite. [&#8230;]\n","protected":false},"featured_media":46801,"comment_status":"open","ping_status":"closed","template":"","meta":{"_acf_changed":false,"_seopress_robots_primary_cat":"none","_seopress_titles_title":"Beemster Branza Maturata X-O 26 luni 150 g, Olanda","_seopress_titles_desc":"Cumpara online Beemster Branza Maturata X-O 26 luni 150 g, Olanda. Branzeturi olandeze, branza veche olanda, cascaval, branza gouda veche","_seopress_robots_index":""},"product_brand":[4228],"product_cat":[1555,3288,4226,1767],"giftcard-category":[],"class_list":{"0":"post-46799","1":"product","2":"type-product","3":"status-publish","4":"has-post-thumbnail","6":"product_brand-beemster","7":"product_cat-bacanie","8":"product_cat-branzeturi","9":"product_cat-branzeturi-bacanie","10":"product_cat-produse-olanda","12":"first","13":"outofstock","14":"taxable","15":"shipping-taxable","16":"purchasable","17":"product-type-simple"},"acf":[],"_links":{"self":[{"href":"https:\/\/totalblue.ro\/fr\/wp-json\/wp\/v2\/product\/46799","targetHints":{"allow":["GET"]}}],"collection":[{"href":"https:\/\/totalblue.ro\/fr\/wp-json\/wp\/v2\/product"}],"about":[{"href":"https:\/\/totalblue.ro\/fr\/wp-json\/wp\/v2\/types\/product"}],"replies":[{"embeddable":true,"href":"https:\/\/totalblue.ro\/fr\/wp-json\/wp\/v2\/comments?post=46799"}],"wp:featuredmedia":[{"embeddable":true,"href":"https:\/\/totalblue.ro\/fr\/wp-json\/wp\/v2\/media\/46801"}],"wp:attachment":[{"href":"https:\/\/totalblue.ro\/fr\/wp-json\/wp\/v2\/media?parent=46799"}],"wp:term":[{"taxonomy":"product_brand","embeddable":true,"href":"https:\/\/totalblue.ro\/fr\/wp-json\/wp\/v2\/product_brand?post=46799"},{"taxonomy":"product_cat","embeddable":true,"href":"https:\/\/totalblue.ro\/fr\/wp-json\/wp\/v2\/product_cat?post=46799"},{"taxonomy":"giftcard-category","embeddable":true,"href":"https:\/\/totalblue.ro\/fr\/wp-json\/wp\/v2\/giftcard-category?post=46799"}],"curies":[{"name":"wp","href":"https:\/\/api.w.org\/{rel}","templated":true}]}}