{"id":46814,"date":"2022-03-08T14:46:58","date_gmt":"2022-03-08T12:46:58","guid":{"rendered":"https:\/\/totalblue.ro\/?post_type=product&#038;p=46814"},"modified":"2025-08-04T10:22:36","modified_gmt":"2025-08-04T07:22:36","slug":"beemster-branza-royal-grand-cru-maturata-12-luni-150g-olanda","status":"publish","type":"product","link":"https:\/\/totalblue.ro\/fr\/produs\/beemster-branza-royal-grand-cru-maturata-12-luni-150g-olanda\/","title":{"rendered":"Beemster Beemster Cheese Royal Grand Cru Affin\u00e9 12 Mois 150g, Pays-Bas"},"content":{"rendered":"<p>Beemster Branza Royal Grand Cru Maturata 12 Luni\u00a0 150 g, import Olanda<\/p>\n<p>Beemster Royal Grand Cru este o branza maturata natural 12 luni si are un echilibru gustos intre picantul al branzei vechi si moliciunea soiului mai tanar.<br \/>\nBeemster est une coop\u00e9rative de petits agriculteurs de la r\u00e9gion de Beemster, aux Pays-Bas.<br \/>\nLes vaches sortent le plus souvent possible et sont tr\u00e8s bien soign\u00e9es.<br \/>\nBeemster produit du fromage de mani\u00e8re traditionnelle et durable.<\/p>\n<p>Ce produit est facile \u00e0 transformer en sandwich pr\u00eat \u00e0 d\u00e9guster.<\/p>\n<p><strong>Ingr\u00e9dient<\/strong>: lapte de vaca (pasteurizat), sare, cultura starter, cheag vegetarian, nitrat de sodiu (E251), colorant natural annatto (E160b(ii)).<br \/>\n<strong>Allerg\u00e8nes<\/strong>contient du lait.<\/p>\n<p>Emball\u00e9 dans une atmosph\u00e8re prot\u00e9g\u00e9e.<br \/>\nContenu et poids : produit emball\u00e9, poids 150 grammes.<br \/>\nStockage : Stocker dans un endroit frais (max 7\u00b0C). Produit p\u00e9rissable apr\u00e8s ouverture.<br \/>\nCaract\u00e9ristiques. V\u00e9g\u00e9tarien<\/p>\n<p><strong>Valeurs nutritionnelles pour 100g :<\/strong><br \/>\nEnergie 1698 kJ (409 kcal)<br \/>\nGrasimi 33,6 g din care grasimi saturate 24,2 g<br \/>\nGlucides 0 g dont sucres 0 g<br \/>\nProteine \u200b\u200b26,7 g<br \/>\nSare 1,9 g<\/p>\n<p><a href=\"https:\/\/totalblue.ro\/wp-content\/uploads\/2021\/02\/vegetarian.jpeg\"><img loading=\"lazy\" decoding=\"async\" class=\"alignnone wp-image-27413\" src=\"https:\/\/totalblue.ro\/wp-content\/uploads\/2021\/02\/vegetarian.jpeg\" alt=\"\" width=\"104\" height=\"104\" srcset=\"https:\/\/totalblue.ro\/wp-content\/uploads\/2021\/02\/vegetarian.jpeg 225w, https:\/\/totalblue.ro\/wp-content\/uploads\/2021\/02\/vegetarian-100x100.jpeg 100w\" sizes=\"auto, (max-width: 104px) 100vw, 104px\" \/><\/a><a href=\"https:\/\/totalblue.ro\/wp-content\/uploads\/2021\/11\/branzeturi.jpg\"><img loading=\"lazy\" decoding=\"async\" class=\"alignnone wp-image-37210\" src=\"https:\/\/totalblue.ro\/wp-content\/uploads\/2021\/11\/branzeturi.jpg\" alt=\"\" width=\"110\" height=\"105\" srcset=\"https:\/\/totalblue.ro\/wp-content\/uploads\/2021\/11\/branzeturi.jpg 300w, https:\/\/totalblue.ro\/wp-content\/uploads\/2021\/11\/branzeturi-100x95.jpg 100w\" sizes=\"auto, (max-width: 110px) 100vw, 110px\" \/><\/a><\/p>\n<p>Producteur : CONO Kaasmakers, Postbus 1, 1462 ZG Middenbeemster, Pays-Bas<br \/>\nImportateur et distributeur : Total Blue Impex SRL, Bucarest, Roumanie<\/p>","protected":false},"excerpt":{"rendered":"<p>Beemster Branza Royal Grand Cru Maturata 12 Luni\u00a0 150 g, import Olanda Beemster Royal Grand Cru este o branza maturata natural 12 luni si are un echilibru gustos intre picantul al branzei vechi si moliciunea soiului mai tanar. Beemster este o cooperativ de mici fermieri din zona Beemster, Olanda. Vacile ies afara cat mai mult [&#8230;]\n","protected":false},"featured_media":46821,"comment_status":"open","ping_status":"closed","template":"","meta":{"_acf_changed":false,"_seopress_robots_primary_cat":"none","_seopress_titles_title":"Beemster Branza Royal Grand Cru Maturata , import Olanda","_seopress_titles_desc":"Magazin online cu branzeuri olandeze, Beemster Branza Royal Grand Cru Maturata 12 Luni\u00a0 150 g, import Olanda. Cumpara ieftin branza Beemster","_seopress_robots_index":""},"product_brand":[4228],"product_cat":[1555,3288,4226,1767],"giftcard-category":[],"class_list":{"0":"post-46814","1":"product","2":"type-product","3":"status-publish","4":"has-post-thumbnail","6":"product_brand-beemster","7":"product_cat-bacanie","8":"product_cat-branzeturi","9":"product_cat-branzeturi-bacanie","10":"product_cat-produse-olanda","12":"first","13":"outofstock","14":"taxable","15":"shipping-taxable","16":"purchasable","17":"product-type-simple"},"acf":[],"_links":{"self":[{"href":"https:\/\/totalblue.ro\/fr\/wp-json\/wp\/v2\/product\/46814","targetHints":{"allow":["GET"]}}],"collection":[{"href":"https:\/\/totalblue.ro\/fr\/wp-json\/wp\/v2\/product"}],"about":[{"href":"https:\/\/totalblue.ro\/fr\/wp-json\/wp\/v2\/types\/product"}],"replies":[{"embeddable":true,"href":"https:\/\/totalblue.ro\/fr\/wp-json\/wp\/v2\/comments?post=46814"}],"wp:featuredmedia":[{"embeddable":true,"href":"https:\/\/totalblue.ro\/fr\/wp-json\/wp\/v2\/media\/46821"}],"wp:attachment":[{"href":"https:\/\/totalblue.ro\/fr\/wp-json\/wp\/v2\/media?parent=46814"}],"wp:term":[{"taxonomy":"product_brand","embeddable":true,"href":"https:\/\/totalblue.ro\/fr\/wp-json\/wp\/v2\/product_brand?post=46814"},{"taxonomy":"product_cat","embeddable":true,"href":"https:\/\/totalblue.ro\/fr\/wp-json\/wp\/v2\/product_cat?post=46814"},{"taxonomy":"giftcard-category","embeddable":true,"href":"https:\/\/totalblue.ro\/fr\/wp-json\/wp\/v2\/giftcard-category?post=46814"}],"curies":[{"name":"wp","href":"https:\/\/api.w.org\/{rel}","templated":true}]}}