{"id":47219,"date":"2022-03-15T09:26:12","date_gmt":"2022-03-15T07:26:12","guid":{"rendered":"https:\/\/totalblue.ro\/?post_type=product&#038;p=47219"},"modified":"2026-02-26T12:15:10","modified_gmt":"2026-02-26T10:15:10","slug":"unox-cup-a-soup-supa-ungureasca-de-gulas-3-x-16-g","status":"publish","type":"product","link":"https:\/\/totalblue.ro\/fr\/produs\/unox-cup-a-soup-supa-ungureasca-de-gulas-3-x-16-g\/","title":{"rendered":"Unox Cup-a-soup Soupe Goulash Hongroise 3 x 16 g"},"content":{"rendered":"<p>Pr\u00e9paration :<br \/>\n1. Verser le contenu d'un sachet de Cup-a-Soup dans une tasse.<br \/>\n2. Ajouter 175 ml d'eau bouillie \u00e0 100\u00b0C et laisser reposer pendant 1 minute.<br \/>\n3) Pr\u00eat \u00e0 boire !<\/p>\n<p>Remarque : la tasse peut \u00eatre chaude ! La soupe peut \u00eatre chaude !<\/p>\n<p>Ingrediente:\u00a0 Amidon de cartofi, paste 11% faina de grau tare, sare), pasta de tomate 10%, cartofi, crutoane 8,4% (paine alba (faina de grau, sare, drojdie, ulei de rapita), ulei de palmier, extract antioxidant de rozmarin), arome, sare, boia de ardei pulbere 3,9%, zahar, maltodextrina, extract de drojdie, granulat de vit\u0103 2% (carne de vita, sare, maltodextrina, proteina uscat\u0103 din ou), ulei de porumb, ardei ro\u0219u 1,7%, sare iodata, zer de lapte, ceapa 1,2%, sare minerala (potasiu), extract de vita 0,9%, zahar din lapte, suc de legume concentrat\u00b9 (radacina de telina, 0,1% morcov, praz, ceapa), faina de grau, pudra de usturoi\u00b9, patrunjel\u00b9 0,2%, extract de vin alb, aroma de fum, radacina de patrunjel\u00b9. Poate contine soia, mustar. \u00b9 crescut \u00eentr-un mod durabil.<\/p>\n<p>Alergeni: Contine: cereale care contin gluten, oua, lapte, telina.<br \/>\nPoate contine: mustar, soia.<\/p>\n<p>Conserver dans un endroit sec, \u00e0 l'abri de la lumi\u00e8re et \u00e0 temp\u00e9rature ambiante.<\/p>\n<p>Valeurs nutritionnelles pour 100 ml :<br \/>\n\u00c9nergie 135 kJ (32 kcal)<br \/>\nGrasimi 0,6 g din care grasimi saturate 0,2 g<br \/>\nGlucide 5.4 g din care zaharuri 1,2 g<br \/>\nFibres alimentaires 0,5 g<br \/>\nProt\u00e9ines 1 g<br \/>\nSare 0.72 g<\/p>\n<p>Fabriqu\u00e9 par Unilever Nederland \/ Cup-a-Soup, Postbus 160, 3000 AD Rotterdam, 0800-2358669<br \/>\nImportateur et distributeur Total Blue Impex SRL<\/p>","protected":false},"excerpt":{"rendered":"<p>Mod de preparare: 1. Turnati continutul unui plic de Cup-a-Soup intr-o cana. 2. Se adauga 175 ml apa fiarta la 100\u00b0C si se lasa sa stea 1 minut. 3. Gata de baut ! Nota: cana \/ ceasca poate fi fierbinte! Supa poate fi fierbinte ! Ingrediente:\u00a0 Amidon de cartofi, paste 11% faina de grau tare, [&#8230;]\n","protected":false},"featured_media":47221,"comment_status":"open","ping_status":"closed","template":"","meta":{"_acf_changed":false,"_seopress_robots_primary_cat":"none","_seopress_titles_title":"","_seopress_titles_desc":"Cumpara online supa de legume, supe legume, ciorbe legume, supe olandeze legume. Magazin online supe si produse olandeze cu livrare rapida.","_seopress_robots_index":""},"product_brand":[1925],"product_cat":[1555,1683,3272,1362,1767],"giftcard-category":[],"class_list":{"0":"post-47219","1":"product","2":"type-product","3":"status-publish","4":"has-post-thumbnail","6":"product_brand-unox","7":"product_cat-bacanie","8":"product_cat-conserve-mancare-gatita","9":"product_cat-conserve","10":"product_cat-ulei-orez-faina-zahar","11":"product_cat-produse-olanda","13":"first","14":"instock","15":"taxable","16":"shipping-taxable","17":"purchasable","18":"product-type-simple"},"acf":[],"_links":{"self":[{"href":"https:\/\/totalblue.ro\/fr\/wp-json\/wp\/v2\/product\/47219","targetHints":{"allow":["GET"]}}],"collection":[{"href":"https:\/\/totalblue.ro\/fr\/wp-json\/wp\/v2\/product"}],"about":[{"href":"https:\/\/totalblue.ro\/fr\/wp-json\/wp\/v2\/types\/product"}],"replies":[{"embeddable":true,"href":"https:\/\/totalblue.ro\/fr\/wp-json\/wp\/v2\/comments?post=47219"}],"wp:featuredmedia":[{"embeddable":true,"href":"https:\/\/totalblue.ro\/fr\/wp-json\/wp\/v2\/media\/47221"}],"wp:attachment":[{"href":"https:\/\/totalblue.ro\/fr\/wp-json\/wp\/v2\/media?parent=47219"}],"wp:term":[{"taxonomy":"product_brand","embeddable":true,"href":"https:\/\/totalblue.ro\/fr\/wp-json\/wp\/v2\/product_brand?post=47219"},{"taxonomy":"product_cat","embeddable":true,"href":"https:\/\/totalblue.ro\/fr\/wp-json\/wp\/v2\/product_cat?post=47219"},{"taxonomy":"giftcard-category","embeddable":true,"href":"https:\/\/totalblue.ro\/fr\/wp-json\/wp\/v2\/giftcard-category?post=47219"}],"curies":[{"name":"wp","href":"https:\/\/api.w.org\/{rel}","templated":true}]}}