{"id":47223,"date":"2022-03-15T09:31:13","date_gmt":"2022-03-15T07:31:13","guid":{"rendered":"https:\/\/totalblue.ro\/?post_type=product&#038;p=47223"},"modified":"2026-03-30T11:09:01","modified_gmt":"2026-03-30T08:09:01","slug":"unox-cup-a-soup-supa-de-legume-3-x-16-g","status":"publish","type":"product","link":"https:\/\/totalblue.ro\/fr\/produs\/unox-cup-a-soup-supa-de-legume-3-x-16-g\/","title":{"rendered":"Unox Cup-a-soup Soupe de l\u00e9gumes 3 x 16 g"},"content":{"rendered":"<p>Pr\u00e9paration :<br \/>\n1. Verser le contenu d'un sachet de Cup-a-Soup dans une tasse.<br \/>\n2. Ajouter 175 ml d'eau bouillie \u00e0 100\u00b0C et laisser reposer pendant 1 minute.<br \/>\n3) Pr\u00eat \u00e0 boire !<\/p>\n<p>Remarque : la tasse peut \u00eatre chaude ! La soupe peut \u00eatre chaude !<\/p>\n<p>Ingrediente: Dextroza, amidon de cartofi, paste 17% (faina de grau, sare), legume 16% (ceapa, morcov\u00b9, mazare\u00b9, praz, telina\u00b9, ardei rosu\u00b9), crutoane 10% (paine alba (faina de grau, sare, drojdie, rapita) ulei), ulei de palmier, extract antioxidant de rozmarin), sare iodata, grasime de palmier, extract de drojdie, sare, zahar, aroma, ulei de porumb, sare minerala (potasiu), patrunjel, condimente (turmeric, piper, nucsoara). Poate contine ou, lapte, mustar, soia. \u00b9 crescut intr-un mod durabil.<\/p>\n<p>Alergeni: Contine: cereale care contin gluten, telina<br \/>\nPoate contine: soia, lapte, oua, mustar.<\/p>\n<p>Conserver dans un endroit sec, \u00e0 l'abri de la lumi\u00e8re et \u00e0 temp\u00e9rature ambiante.<\/p>\n<p>Valeurs nutritionnelles pour 100 ml :<br \/>\nEnergie 143 kJ (34 kcal)<br \/>\nGrasimi 0,8 g din care grasimi saturate 0,4 g<br \/>\nGlucide 5,8 g din care zaharuri 2,2 g<br \/>\nFibres alimentaires &lt; 0,5 g<br \/>\nProteine \u200b\u200b0,7 g<br \/>\nSare 0,72 g<\/p>\n<p>Fabriqu\u00e9 par Unilever Nederland \/ Cup-a-Soup, Postbus 160, 3000 AD Rotterdam, 0800-2358669<br \/>\nImportateur et distributeur Total Blue Impex SRL<br \/>\n<a href=\"https:\/\/totalblue.ro\/wp-content\/uploads\/2021\/02\/vegetarian.jpeg\"><img loading=\"lazy\" decoding=\"async\" class=\"alignnone wp-image-27413\" src=\"https:\/\/totalblue.ro\/wp-content\/uploads\/2021\/02\/vegetarian.jpeg\" alt=\"\" width=\"100\" height=\"100\" srcset=\"https:\/\/totalblue.ro\/wp-content\/uploads\/2021\/02\/vegetarian.jpeg 225w, https:\/\/totalblue.ro\/wp-content\/uploads\/2021\/02\/vegetarian-100x100.jpeg 100w\" sizes=\"auto, (max-width: 100px) 100vw, 100px\" \/><\/a><\/p>","protected":false},"excerpt":{"rendered":"<p>Mod de preparare: 1. Turnati continutul unui plic de Cup-a-Soup intr-o cana. 2. Se adauga 175 ml apa fiarta la 100\u00b0C si se lasa sa stea 1 minut. 3. Gata de baut ! Nota: cana \/ ceasca poate fi fierbinte! Supa poate fi fierbinte ! Ingrediente: Dextroza, amidon de cartofi, paste 17% (faina de grau, [&#8230;]\n","protected":false},"featured_media":47226,"comment_status":"open","ping_status":"closed","template":"","meta":{"_acf_changed":false,"_seopress_robots_primary_cat":"none","_seopress_titles_title":"","_seopress_titles_desc":"Cumpara online supa de legume, supe legume, ciorbe legume, supe olandeze legume. Magazin online supe si produse olandeze cu livrare rapida.","_seopress_robots_index":""},"product_brand":[1925],"product_cat":[1555,1683,3272,1362,1767],"giftcard-category":[],"class_list":{"0":"post-47223","1":"product","2":"type-product","3":"status-publish","4":"has-post-thumbnail","6":"product_brand-unox","7":"product_cat-bacanie","8":"product_cat-conserve-mancare-gatita","9":"product_cat-conserve","10":"product_cat-ulei-orez-faina-zahar","11":"product_cat-produse-olanda","13":"first","14":"instock","15":"taxable","16":"shipping-taxable","17":"purchasable","18":"product-type-simple"},"acf":[],"_links":{"self":[{"href":"https:\/\/totalblue.ro\/fr\/wp-json\/wp\/v2\/product\/47223","targetHints":{"allow":["GET"]}}],"collection":[{"href":"https:\/\/totalblue.ro\/fr\/wp-json\/wp\/v2\/product"}],"about":[{"href":"https:\/\/totalblue.ro\/fr\/wp-json\/wp\/v2\/types\/product"}],"replies":[{"embeddable":true,"href":"https:\/\/totalblue.ro\/fr\/wp-json\/wp\/v2\/comments?post=47223"}],"wp:featuredmedia":[{"embeddable":true,"href":"https:\/\/totalblue.ro\/fr\/wp-json\/wp\/v2\/media\/47226"}],"wp:attachment":[{"href":"https:\/\/totalblue.ro\/fr\/wp-json\/wp\/v2\/media?parent=47223"}],"wp:term":[{"taxonomy":"product_brand","embeddable":true,"href":"https:\/\/totalblue.ro\/fr\/wp-json\/wp\/v2\/product_brand?post=47223"},{"taxonomy":"product_cat","embeddable":true,"href":"https:\/\/totalblue.ro\/fr\/wp-json\/wp\/v2\/product_cat?post=47223"},{"taxonomy":"giftcard-category","embeddable":true,"href":"https:\/\/totalblue.ro\/fr\/wp-json\/wp\/v2\/giftcard-category?post=47223"}],"curies":[{"name":"wp","href":"https:\/\/api.w.org\/{rel}","templated":true}]}}