{"id":47240,"date":"2022-03-15T09:52:38","date_gmt":"2022-03-15T07:52:38","guid":{"rendered":"https:\/\/totalblue.ro\/?post_type=product&#038;p=47240"},"modified":"2025-11-25T11:06:29","modified_gmt":"2025-11-25T09:06:29","slug":"gwoon-36-paduri-cafea-fara-cofeina-nr-06-olanda","status":"publish","type":"product","link":"https:\/\/totalblue.ro\/fr\/produs\/gwoon-36-paduri-cafea-fara-cofeina-nr-06-olanda\/","title":{"rendered":"G'woon 36 tasses \u00e0 caf\u00e9 sans caf\u00e9ine nr. 06, Pays-Bas"},"content":{"rendered":"<p>G'woon 36 tasses \u00e0 caf\u00e9 sans caf\u00e9ine nr. 06, Pays-Bas<br \/>\nPadurile au diametrul de 62mm. Se pot folosi la aparatele de tip Philipe Senseo.<br \/>\nDupa deschidere, aroma si gustul se pastreaza timp de doua saptamani, cu conditia ca punga cu paduri s\u0103 fie bine inchisa sau padurile s\u0103 fie depozitate intr-o cutie\/borcan etans.<\/p>\n<p>Valori nutritive la 100 ml preparat<br \/>\nEnergie 5 kJ \/ 1 kcal<br \/>\nGrasimi 0,0 g din care grasimi saturate 0,0 g<br \/>\nGlucide 0,1 g din care zaharuri* 0,1 g<br \/>\nProt\u00e9ines 0,2 g<br \/>\nSare* &lt;0,01 g<\/p>\n<p>Importateur et distributeur Total Blue Impex SRL<\/p>\n<div id=\"tab-additional_information\" class=\"woocommerce-Tabs-panel woocommerce-Tabs-panel--additional_information panel entry-content\" role=\"tabpanel\" aria-labelledby=\"tab-title-additional_information\"><\/div>","protected":false},"excerpt":{"rendered":"<p>G\u2019woon 36 paduri cafea fara cofeina nr. 06, Olanda Padurile au diametrul de 62mm. Se pot folosi la aparatele de tip Philipe Senseo. Dupa deschidere, aroma si gustul se pastreaza timp de doua saptamani, cu conditia ca punga cu paduri s\u0103 fie bine inchisa sau padurile s\u0103 fie depozitate intr-o cutie\/borcan etans. Valori nutritive la [&#8230;]\n","protected":false},"featured_media":215723,"comment_status":"open","ping_status":"closed","template":"","meta":{"_acf_changed":false,"_seopress_robots_primary_cat":"none","_seopress_titles_title":"Paduri cafea fara cofeina, paduri cafea senseo, paduri Olanda","_seopress_titles_desc":"Cauti paduri cafea fara cofeina? Cumpara acum ieftin si rapid paduri cafea fara cofeina, paduri compatibile Senseo, paduri cafea fara cofeina Olanda.","_seopress_robots_index":""},"product_brand":[1971],"product_cat":[1555,1506,3320,1767],"giftcard-category":[],"class_list":{"0":"post-47240","1":"product","2":"type-product","3":"status-publish","4":"has-post-thumbnail","6":"product_brand-gwoon","7":"product_cat-bacanie","8":"product_cat-cafea-ceai-mic-dejun","9":"product_cat-cafea-ceai-lapte","10":"product_cat-produse-olanda","12":"first","13":"outofstock","14":"taxable","15":"shipping-taxable","16":"purchasable","17":"product-type-simple"},"acf":[],"_links":{"self":[{"href":"https:\/\/totalblue.ro\/fr\/wp-json\/wp\/v2\/product\/47240","targetHints":{"allow":["GET"]}}],"collection":[{"href":"https:\/\/totalblue.ro\/fr\/wp-json\/wp\/v2\/product"}],"about":[{"href":"https:\/\/totalblue.ro\/fr\/wp-json\/wp\/v2\/types\/product"}],"replies":[{"embeddable":true,"href":"https:\/\/totalblue.ro\/fr\/wp-json\/wp\/v2\/comments?post=47240"}],"wp:featuredmedia":[{"embeddable":true,"href":"https:\/\/totalblue.ro\/fr\/wp-json\/wp\/v2\/media\/215723"}],"wp:attachment":[{"href":"https:\/\/totalblue.ro\/fr\/wp-json\/wp\/v2\/media?parent=47240"}],"wp:term":[{"taxonomy":"product_brand","embeddable":true,"href":"https:\/\/totalblue.ro\/fr\/wp-json\/wp\/v2\/product_brand?post=47240"},{"taxonomy":"product_cat","embeddable":true,"href":"https:\/\/totalblue.ro\/fr\/wp-json\/wp\/v2\/product_cat?post=47240"},{"taxonomy":"giftcard-category","embeddable":true,"href":"https:\/\/totalblue.ro\/fr\/wp-json\/wp\/v2\/giftcard-category?post=47240"}],"curies":[{"name":"wp","href":"https:\/\/api.w.org\/{rel}","templated":true}]}}