{"id":47378,"date":"2022-03-15T16:42:59","date_gmt":"2022-03-15T14:42:59","guid":{"rendered":"https:\/\/totalblue.ro\/?post_type=product&#038;p=47378"},"modified":"2025-09-24T16:26:34","modified_gmt":"2025-09-24T13:26:34","slug":"marmelade-chivers-olde-english-340-g","status":"publish","type":"product","link":"https:\/\/totalblue.ro\/fr\/produs\/chivers-marmelada-olde-english-340-g\/","title":{"rendered":"Chivers Olde English Marmalade 340 g"},"content":{"rendered":"<p>Ingr\u00e9dients : sucre, oranges, acide alimentaire (acide citrique), r\u00e9gulateur d'acidit\u00e9 (citrates de sodium), g\u00e9lifiant (pectine), colorant (caramel). Pr\u00e9par\u00e9 avec 27 g de fruits pour 100 g.<br \/>\nTeneur totale en sucre : 66 g pour 100 g.<br \/>\nUn produit traditionnel anglais.<br \/>\nPas de colorants.<br \/>\nConditionnement : pot en verre avec couvercle.<br \/>\nConserver au r\u00e9frig\u00e9rateur apr\u00e8s ouverture et consommer dans les 6 semaines.<br \/>\nValeurs nutritionnelles :<br \/>\n\u00c9nergie 1145 kJ (270 kcal)<br \/>\nGraisses 0,6 g dont graisses satur\u00e9es 0,3 g<br \/>\nGlucides 65 g dont sucres 59 g<br \/>\nProt\u00e9ines 0,2 g<br \/>\nSel 0,12 g<br \/>\nLeverancier Chivers PO Box 17450, Edinburgh, EH12 1JZ, UK.<br \/>\nImportateur et distributeur Total Blue Impex SRL<\/p>\n<p>&nbsp;<\/p>","protected":false},"excerpt":{"rendered":"<p>Ingrediente: zahar, portocale, acid alimentar (acid citric), regulator de aciditate (citrati de sodiu), agent de gelifiere (pectina), colorant (caramel). Preparat cu 27 g de fructe la 100 g. Continut total de zahar: 66g la 100g. Un produs traditional englezesc. Fara coloranti. Ambalaj: borcan de sticla cu capac. Conditii de pastrare: A se pastra la frigider [&#8230;]\n","protected":false},"featured_media":47380,"comment_status":"open","ping_status":"closed","template":"","meta":{"_acf_changed":false,"_seopress_robots_primary_cat":"none","_seopress_titles_title":"","_seopress_titles_desc":"","_seopress_robots_index":""},"product_brand":[2642],"product_cat":[1555,1506,1683,3304,1767],"giftcard-category":[],"class_list":{"0":"post-47378","1":"product","2":"type-product","3":"status-publish","4":"has-post-thumbnail","6":"product_brand-chivers","7":"product_cat-bacanie","8":"product_cat-cafea-ceai-mic-dejun","9":"product_cat-conserve-mancare-gatita","10":"product_cat-mic-dejun-produse-olanda","11":"product_cat-produse-olanda","13":"first","14":"outofstock","15":"taxable","16":"shipping-taxable","17":"purchasable","18":"product-type-simple"},"acf":[],"_links":{"self":[{"href":"https:\/\/totalblue.ro\/fr\/wp-json\/wp\/v2\/product\/47378","targetHints":{"allow":["GET"]}}],"collection":[{"href":"https:\/\/totalblue.ro\/fr\/wp-json\/wp\/v2\/product"}],"about":[{"href":"https:\/\/totalblue.ro\/fr\/wp-json\/wp\/v2\/types\/product"}],"replies":[{"embeddable":true,"href":"https:\/\/totalblue.ro\/fr\/wp-json\/wp\/v2\/comments?post=47378"}],"wp:featuredmedia":[{"embeddable":true,"href":"https:\/\/totalblue.ro\/fr\/wp-json\/wp\/v2\/media\/47380"}],"wp:attachment":[{"href":"https:\/\/totalblue.ro\/fr\/wp-json\/wp\/v2\/media?parent=47378"}],"wp:term":[{"taxonomy":"product_brand","embeddable":true,"href":"https:\/\/totalblue.ro\/fr\/wp-json\/wp\/v2\/product_brand?post=47378"},{"taxonomy":"product_cat","embeddable":true,"href":"https:\/\/totalblue.ro\/fr\/wp-json\/wp\/v2\/product_cat?post=47378"},{"taxonomy":"giftcard-category","embeddable":true,"href":"https:\/\/totalblue.ro\/fr\/wp-json\/wp\/v2\/giftcard-category?post=47378"}],"curies":[{"name":"wp","href":"https:\/\/api.w.org\/{rel}","templated":true}]}}