{"id":48179,"date":"2022-03-29T16:47:07","date_gmt":"2022-03-29T13:47:07","guid":{"rendered":"https:\/\/totalblue.ro\/?post_type=product&#038;p=48179"},"modified":"2023-01-25T16:32:41","modified_gmt":"2023-01-25T14:32:41","slug":"budureasca-premium-shiraz-vin-sec-075l","status":"publish","type":"product","link":"https:\/\/totalblue.ro\/fr\/produs\/budureasca-premium-shiraz-vin-sec-075l\/","title":{"rendered":"Budureasca Premium Shiraz, Vin sec 0,75L"},"content":{"rendered":"<p>Rubiniu inchis, cu nas complex dominat de arome de mure. Shiraz Premium este corpolent, cu taninuri ferme, avand un gust puternic de fructe de padure acompaniat de accente fine de piper.<\/p>\n<p>Perfect cu preparate picante din carne tocata sau fripturi din carne de vita. Sugestia noastra \u2013 moussaka din carne de porc sau lasagna bolognese.<br \/>\nCuloare vin: Rosu<br \/>\nTip vin: Sec<\/p>\n<p>Soi de struguri: shiraz<br \/>\nVolum alcool: 14.5%<br \/>\nTreapt\u0103 de calitate: D.O.C. &#8211; C.M.D. Dealu Mare<br \/>\nContinut si ambalaj: sticla imbuteliata, 0,75L<br \/>\nSe recomanda servirea la o temperatura de 15 &#8211; 17\u00b0C. Inainte de consum, a se pastra intr-un loc \u00eentunecat si racoros, ferit de razele soarelui.<\/p>\n<p>Pentru a p\u0103stra calitatea acestui vin Shiraz de gama superioara, au fost culesi din parcelele noastre doar cei mai sanato\u0219i ciorchini. Vinul a fost filtrat u\u0219or, dupa care mustuiala a fost supusa maceratiei la rece, la temperaturi de 10\u00b0C, timp de cinci zile pentru a se putea obtine un caracter mai catifelat si mai fructat.<\/p>\n<p>La final, vinul a fost partial invechit in butoaie de stejar american timp de pana la 12 luni pentru implinirea buchetului aromatic.<\/p>\n<p>Se spune ca strugurii de Shiraz (sau Syrah) au aparut initial \u00een Valea Ronului, Franta, insa acest soi a gasit conditii foarte prielnice si \u00een alte zone geografice, una dintre ele fiind Podgoria Dealu Mare, viile Budureasca.<\/p>\n<p>Chiar daca acest tip de strugure este cultivat relativ recent \u00een viile noastre, Shiraz-ul s-a impus rapid ca un soi plin de arome intense \u0219i bogate, devenind o alternativa demna de explorat pentru traditionalul Cabernet Sauvignon.<\/p>\n<p>Mensonges l\u00e9gaux : L'alcool nuit gravement \u00e0 la sant\u00e9. \u00c0 consommer avec mod\u00e9ration. La vente aux moins de 18 ans est interdite. www.desprealcool.ro<br \/>\n<a href=\"https:\/\/totalblue.ro\/wp-content\/uploads\/2021\/04\/under-18.jpg\"><img loading=\"lazy\" decoding=\"async\" class=\"alignnone wp-image-30757\" src=\"https:\/\/totalblue.ro\/wp-content\/uploads\/2021\/04\/under-18-400x400.jpg\" alt=\"\" width=\"95\" height=\"95\" srcset=\"https:\/\/totalblue.ro\/wp-content\/uploads\/2021\/04\/under-18-400x400.jpg 400w, https:\/\/totalblue.ro\/wp-content\/uploads\/2021\/04\/under-18-100x100.jpg 100w, https:\/\/totalblue.ro\/wp-content\/uploads\/2021\/04\/under-18-510x510.jpg 510w, https:\/\/totalblue.ro\/wp-content\/uploads\/2021\/04\/under-18-280x280.jpg 280w, https:\/\/totalblue.ro\/wp-content\/uploads\/2021\/04\/under-18.jpg 600w\" sizes=\"auto, (max-width: 95px) 100vw, 95px\" \/><\/a><a href=\"https:\/\/totalblue.ro\/wp-content\/uploads\/2021\/06\/drink-drive.jpg\"><img loading=\"lazy\" decoding=\"async\" class=\"alignnone wp-image-30761\" src=\"https:\/\/totalblue.ro\/wp-content\/uploads\/2021\/06\/drink-drive.jpg\" alt=\"\" width=\"96\" height=\"94\" srcset=\"https:\/\/totalblue.ro\/wp-content\/uploads\/2021\/06\/drink-drive.jpg 344w, https:\/\/totalblue.ro\/wp-content\/uploads\/2021\/06\/drink-drive-100x98.jpg 100w\" sizes=\"auto, (max-width: 96px) 100vw, 96px\" \/><\/a><a href=\"https:\/\/totalblue.ro\/wp-content\/uploads\/2021\/06\/bere-gravide02.jpg\"><img loading=\"lazy\" decoding=\"async\" class=\"alignnone wp-image-30771\" src=\"https:\/\/totalblue.ro\/wp-content\/uploads\/2021\/06\/bere-gravide02-403x400.jpg\" alt=\"\" width=\"97\" height=\"96\" srcset=\"https:\/\/totalblue.ro\/wp-content\/uploads\/2021\/06\/bere-gravide02-403x400.jpg 403w, https:\/\/totalblue.ro\/wp-content\/uploads\/2021\/06\/bere-gravide02-100x99.jpg 100w, https:\/\/totalblue.ro\/wp-content\/uploads\/2021\/06\/bere-gravide02-510x507.jpg 510w, https:\/\/totalblue.ro\/wp-content\/uploads\/2021\/06\/bere-gravide02-805x800.jpg 805w, https:\/\/totalblue.ro\/wp-content\/uploads\/2021\/06\/bere-gravide02-280x280.jpg 280w, https:\/\/totalblue.ro\/wp-content\/uploads\/2021\/06\/bere-gravide02-768x763.jpg 768w, https:\/\/totalblue.ro\/wp-content\/uploads\/2021\/06\/bere-gravide02-600x596.jpg 600w, https:\/\/totalblue.ro\/wp-content\/uploads\/2021\/06\/bere-gravide02.jpg 895w\" sizes=\"auto, (max-width: 97px) 100vw, 97px\" \/><\/a><\/p>","protected":false},"excerpt":{"rendered":"<p>1 bax contine 6 sticle de vin. Pretul afisat este pe 1 sticla.<\/p>","protected":false},"featured_media":48180,"comment_status":"open","ping_status":"closed","template":"","meta":{"_acf_changed":false,"_seopress_robots_primary_cat":"none","_seopress_titles_title":"","_seopress_titles_desc":"","_seopress_robots_index":""},"product_brand":[6035],"product_cat":[1519],"giftcard-category":[],"class_list":{"0":"post-48179","1":"product","2":"type-product","3":"status-publish","4":"has-post-thumbnail","6":"product_brand-budureasca","7":"product_cat-bauturi-alcoolice-bere","9":"first","10":"instock","11":"taxable","12":"shipping-taxable","13":"purchasable","14":"product-type-simple"},"acf":[],"_links":{"self":[{"href":"https:\/\/totalblue.ro\/fr\/wp-json\/wp\/v2\/product\/48179","targetHints":{"allow":["GET"]}}],"collection":[{"href":"https:\/\/totalblue.ro\/fr\/wp-json\/wp\/v2\/product"}],"about":[{"href":"https:\/\/totalblue.ro\/fr\/wp-json\/wp\/v2\/types\/product"}],"replies":[{"embeddable":true,"href":"https:\/\/totalblue.ro\/fr\/wp-json\/wp\/v2\/comments?post=48179"}],"wp:featuredmedia":[{"embeddable":true,"href":"https:\/\/totalblue.ro\/fr\/wp-json\/wp\/v2\/media\/48180"}],"wp:attachment":[{"href":"https:\/\/totalblue.ro\/fr\/wp-json\/wp\/v2\/media?parent=48179"}],"wp:term":[{"taxonomy":"product_brand","embeddable":true,"href":"https:\/\/totalblue.ro\/fr\/wp-json\/wp\/v2\/product_brand?post=48179"},{"taxonomy":"product_cat","embeddable":true,"href":"https:\/\/totalblue.ro\/fr\/wp-json\/wp\/v2\/product_cat?post=48179"},{"taxonomy":"giftcard-category","embeddable":true,"href":"https:\/\/totalblue.ro\/fr\/wp-json\/wp\/v2\/giftcard-category?post=48179"}],"curies":[{"name":"wp","href":"https:\/\/api.w.org\/{rel}","templated":true}]}}