{"id":48744,"date":"2022-04-06T16:35:07","date_gmt":"2022-04-06T13:35:07","guid":{"rendered":"https:\/\/totalblue.ro\/?post_type=product&#038;p=48744"},"modified":"2025-08-01T11:58:18","modified_gmt":"2025-08-01T08:58:18","slug":"knorr-pasta-snack-gustare-paste-cu-sos-de-gulash-60-g","status":"publish","type":"product","link":"https:\/\/totalblue.ro\/fr\/produs\/knorr-pasta-snack-gustare-paste-cu-sos-de-gulash-60-g\/","title":{"rendered":"Knorr Pasta Snack, gustare paste cu sos de Gulash 60 g"},"content":{"rendered":"<p>Knorr Pasta Snack, gustare paste cu sos de Gulash 60 g<\/p>\n<p>Mod de preparare \/ Mod de utilizare:<br \/>\n1. Deschide\u021bi capacul.<br \/>\n2. Se toarn\u0103 apa clocotita pana la semn.<br \/>\n3. Se amesteca bine \u0219i se inchide din nou capacul.<br \/>\n4. Lasa pastele sa absoarba apa 5 minute.<br \/>\n5. Se amestec\u0103 din nou bine.<br \/>\n6. Gata ! Un snack rapid si delicios !<br \/>\n<strong>Ingr\u00e9dient : <\/strong>64% paste (grau dur, albus de ou), amidon, arome (cu lapte), 4% ceapa\u00b3, 3,5% granule de vita (carne de vita, sare de masa, maltodextrina, albus de ou), cartofi\u00b3, 2,5% praf de pasta de rosii\u00b3, boia\u00b3\u00b3 , usturoi\u00b3, Chimen, radacina de patrunjel\u00b3, 1,3% ardei dulce\u00b3, ulei de palmier, ulei de floarea soarelui, sare, extract de drojdie, pudra de sfecla rosie (maltodextrina, pulbere de suc de sfecla rosie, sare, acid (acid citric)), lactoza, maghiran, proteine de lapte. Poate contine urme de telina, soia si mustar. \u00b3Din cultivare durabila.<br \/>\n<strong>Allerg\u00e8nes : <\/strong>Cereale care contin gluten si produse din acestea, oua si produse din acestea, lapte si produse din acestea (inclusiv lactoza), grau si produse din acesta.<br \/>\nA se pastra intr-un loc racoros \u0219i uscat.<br \/>\n<strong>Valeurs nutritionnelles \/ 100g :<\/strong><br \/>\nEnergia 363 kJ \/86 kcal<br \/>\nGrasimi 1.1g din care acizi grasi saturati 0,3g<br \/>\nCarbohidrati 15g din care zahar 1.4g<br \/>\nFibre 0,9g<br \/>\nProteine \u200b\u200b3.2g<br \/>\nSare 0,76g<br \/>\nPays d'origine : Allemagne<br \/>\nProducator Unilever Deutschland, Postfach 570 237, 22771 Hamburg<br \/>\n*Les recettes des produits peuvent \u00eatre modifi\u00e9es. Les informations fournies ici se r\u00e9f\u00e8rent \u00e0 la gamme allemande actuellement en vigueur et sont r\u00e9guli\u00e8rement mises \u00e0 jour. En cas de changement de recette, des produits avec l'ancienne et la nouvelle recette peuvent \u00eatre trouv\u00e9s dans les magasins. Par cons\u00e9quent, l'acheteur doit toujours lire attentivement toutes les informations figurant sur l'emballage. Cela vaut en particulier pour la liste des ingr\u00e9dients, afin de tenir compte des intol\u00e9rances.<\/p>","protected":false},"excerpt":{"rendered":"<p>Knorr Pasta Snack, gustare paste cu sos de Gulash 60 g Mod de preparare \/ Mod de utilizare: 1. Deschide\u021bi capacul. 2. Se toarn\u0103 apa clocotita pana la semn. 3. Se amesteca bine \u0219i se inchide din nou capacul. 4. Lasa pastele sa absoarba apa 5 minute. 5. Se amestec\u0103 din nou bine. 6. Gata [&#8230;]\n","protected":false},"featured_media":48754,"comment_status":"open","ping_status":"closed","template":"","meta":{"_acf_changed":false,"_seopress_robots_primary_cat":"1950","_seopress_titles_title":"","_seopress_titles_desc":"","_seopress_robots_index":""},"product_brand":[1870],"product_cat":[1555,3372,3272,3428,3328,1950,1767,1954],"giftcard-category":[],"class_list":{"0":"post-48744","1":"product","2":"type-product","3":"status-publish","4":"has-post-thumbnail","6":"product_brand-knorr","7":"product_cat-bacanie","8":"product_cat-conserve-produse-germania","9":"product_cat-conserve","10":"product_cat-paste-orez-ulei-otet-produse-germania","11":"product_cat-paste-orez-ulei-otet","12":"product_cat-produse-germania","13":"product_cat-produse-olanda","14":"product_cat-semipreparate","16":"first","17":"outofstock","18":"taxable","19":"shipping-taxable","20":"purchasable","21":"product-type-simple"},"acf":[],"_links":{"self":[{"href":"https:\/\/totalblue.ro\/fr\/wp-json\/wp\/v2\/product\/48744","targetHints":{"allow":["GET"]}}],"collection":[{"href":"https:\/\/totalblue.ro\/fr\/wp-json\/wp\/v2\/product"}],"about":[{"href":"https:\/\/totalblue.ro\/fr\/wp-json\/wp\/v2\/types\/product"}],"replies":[{"embeddable":true,"href":"https:\/\/totalblue.ro\/fr\/wp-json\/wp\/v2\/comments?post=48744"}],"wp:featuredmedia":[{"embeddable":true,"href":"https:\/\/totalblue.ro\/fr\/wp-json\/wp\/v2\/media\/48754"}],"wp:attachment":[{"href":"https:\/\/totalblue.ro\/fr\/wp-json\/wp\/v2\/media?parent=48744"}],"wp:term":[{"taxonomy":"product_brand","embeddable":true,"href":"https:\/\/totalblue.ro\/fr\/wp-json\/wp\/v2\/product_brand?post=48744"},{"taxonomy":"product_cat","embeddable":true,"href":"https:\/\/totalblue.ro\/fr\/wp-json\/wp\/v2\/product_cat?post=48744"},{"taxonomy":"giftcard-category","embeddable":true,"href":"https:\/\/totalblue.ro\/fr\/wp-json\/wp\/v2\/giftcard-category?post=48744"}],"curies":[{"name":"wp","href":"https:\/\/api.w.org\/{rel}","templated":true}]}}