{"id":49743,"date":"2022-04-14T15:00:24","date_gmt":"2022-04-14T12:00:24","guid":{"rendered":"https:\/\/totalblue.ro\/?post_type=product&#038;p=49743"},"modified":"2025-08-01T11:58:15","modified_gmt":"2025-08-01T08:58:15","slug":"lintea-mullerss-muhle-pardina-500-g","status":"publish","type":"product","link":"https:\/\/totalblue.ro\/fr\/produs\/lintea-mullerss-muhle-pardina-500-g\/","title":{"rendered":"Linte M\u00fcller\u00b4s M\u00fchle Pardina Linte 500 g"},"content":{"rendered":"<p>Lintea M\u00fcllers\u00b4s M\u00fchle Pardina este o linte mica, cu o coaja gri-maronie si un interior galben. Lintea Pardina este deosebit de stabila atunci cand este gatita cu o aroma consistenta si nu trebuie s\u0103 fie inmuiata.<\/p>\n<p>Cu lintea intea M\u00fcllers\u00b4s M\u00fchle Pardina, puteti crea o varietate de mancaruri placute, cum ar fi salate, tocane si supe. Pentru tine, familia si prietenii tai &#8211; garantat delicios.<\/p>\n<p>Timpul de gatire este de aproximativ 20-40 de minute, in functie de cat de ferm doriti sa fie bobul de linte.<br \/>\nSe sareaza sau se condimenteaza numai dupa gatire, altfel timpii de gatire ar fi mai lungi.<\/p>\n<p><a href=\"https:\/\/totalblue.ro\/wp-content\/uploads\/2021\/11\/mod-preparare-linte.png\"><img loading=\"lazy\" decoding=\"async\" class=\"alignnone size-full wp-image-38205\" src=\"https:\/\/totalblue.ro\/wp-content\/uploads\/2021\/11\/mod-preparare-linte.png\" alt=\"\" width=\"532\" height=\"227\" srcset=\"https:\/\/totalblue.ro\/wp-content\/uploads\/2021\/11\/mod-preparare-linte.png 532w, https:\/\/totalblue.ro\/wp-content\/uploads\/2021\/11\/mod-preparare-linte-510x218.png 510w, https:\/\/totalblue.ro\/wp-content\/uploads\/2021\/11\/mod-preparare-linte-100x43.png 100w\" sizes=\"auto, (max-width: 532px) 100vw, 532px\" \/><\/a><br \/>\nValori nutri\u021bionale medii la 100g gatite (F=2,7)<br \/>\nEnergie 535 kJ \/ 127 kcal<br \/>\nMati\u00e8res grasses 0,6 g dont acides gras satur\u00e9s 0,1 g<br \/>\nCarbohidrati 19 g din care zahar 0,5 g<br \/>\nFibre alimentare 5,6 g<br \/>\nAlbus de ou 8,5 g<br \/>\nSare &lt;0,01 g<br \/>\nFier 21%** \/ 3,0 mg<br \/>\nAmbalaj si continut: punga. Contine 500 g linte Pardina.<br \/>\nFabriqu\u00e9 et emball\u00e9 en Allemagne, M\u00fcllers's M\u00fchle GmbH, D45801 Gelsenkirchen<br \/>\nImportateur Total Blue Impex SRL<\/p>","protected":false},"excerpt":{"rendered":"<p><a href=\"https:\/\/totalblue.ro\/wp-content\/uploads\/2021\/11\/linte-total-blue.jpg\"><img loading=\"lazy\" decoding=\"async\" class=\"alignnone wp-image-38203\" src=\"https:\/\/totalblue.ro\/wp-content\/uploads\/2021\/11\/linte-total-blue.jpg\" alt=\"\" width=\"423\" height=\"104\" srcset=\"https:\/\/totalblue.ro\/wp-content\/uploads\/2021\/11\/linte-total-blue.jpg 606w, https:\/\/totalblue.ro\/wp-content\/uploads\/2021\/11\/linte-total-blue-510x125.jpg 510w, https:\/\/totalblue.ro\/wp-content\/uploads\/2021\/11\/linte-total-blue-600x148.jpg 600w, https:\/\/totalblue.ro\/wp-content\/uploads\/2021\/11\/linte-total-blue-100x25.jpg 100w\" sizes=\"auto, (max-width: 423px) 100vw, 423px\" \/><\/a><\/p>","protected":false},"featured_media":49748,"comment_status":"open","ping_status":"closed","template":"","meta":{"_acf_changed":false,"_seopress_robots_primary_cat":"none","_seopress_titles_title":"","_seopress_titles_desc":"","_seopress_robots_index":""},"product_brand":[4399],"product_cat":[1555,3272,3372,3428,3328,1362,1950,1767],"giftcard-category":[],"class_list":{"0":"post-49743","1":"product","2":"type-product","3":"status-publish","4":"has-post-thumbnail","6":"product_brand-mullers-muhle","7":"product_cat-bacanie","8":"product_cat-conserve","9":"product_cat-conserve-produse-germania","10":"product_cat-paste-orez-ulei-otet-produse-germania","11":"product_cat-paste-orez-ulei-otet","12":"product_cat-ulei-orez-faina-zahar","13":"product_cat-produse-germania","14":"product_cat-produse-olanda","16":"first","17":"outofstock","18":"taxable","19":"shipping-taxable","20":"purchasable","21":"product-type-simple"},"acf":[],"_links":{"self":[{"href":"https:\/\/totalblue.ro\/fr\/wp-json\/wp\/v2\/product\/49743","targetHints":{"allow":["GET"]}}],"collection":[{"href":"https:\/\/totalblue.ro\/fr\/wp-json\/wp\/v2\/product"}],"about":[{"href":"https:\/\/totalblue.ro\/fr\/wp-json\/wp\/v2\/types\/product"}],"replies":[{"embeddable":true,"href":"https:\/\/totalblue.ro\/fr\/wp-json\/wp\/v2\/comments?post=49743"}],"wp:featuredmedia":[{"embeddable":true,"href":"https:\/\/totalblue.ro\/fr\/wp-json\/wp\/v2\/media\/49748"}],"wp:attachment":[{"href":"https:\/\/totalblue.ro\/fr\/wp-json\/wp\/v2\/media?parent=49743"}],"wp:term":[{"taxonomy":"product_brand","embeddable":true,"href":"https:\/\/totalblue.ro\/fr\/wp-json\/wp\/v2\/product_brand?post=49743"},{"taxonomy":"product_cat","embeddable":true,"href":"https:\/\/totalblue.ro\/fr\/wp-json\/wp\/v2\/product_cat?post=49743"},{"taxonomy":"giftcard-category","embeddable":true,"href":"https:\/\/totalblue.ro\/fr\/wp-json\/wp\/v2\/giftcard-category?post=49743"}],"curies":[{"name":"wp","href":"https:\/\/api.w.org\/{rel}","templated":true}]}}