{"id":49793,"date":"2022-04-15T13:00:49","date_gmt":"2022-04-15T10:00:49","guid":{"rendered":"https:\/\/totalblue.ro\/?post_type=product&#038;p=49793"},"modified":"2026-01-26T10:39:29","modified_gmt":"2026-01-26T08:39:29","slug":"jidvei-vinars-vsop-0-7l","status":"publish","type":"product","link":"https:\/\/totalblue.ro\/fr\/produs\/jidvei-vinars-vsop-0-7l\/","title":{"rendered":"Jidvei Vinars VSOP, 0.7L"},"content":{"rendered":"<p>Vinarsul Jidvei iti dezvaluie un intreg univers de legenda si traditie, in care truda este mereu rasplatita de natura. Salbatic si inflacarat la inceput, se domoleste pe masura ce timpul trece si respira din ce in ce mai usurat prin porii lemnului butoaielor de stejar transilvanean. Dupa ce s-a pregatit neincetat pentru a-si etala nobletea, este scos la lumina si imbuteliat intr-o sticl\u0103 sobra, simpla si eleganta de exact 700 ml, a\u0219a cum cere traditia. Vinars Jidvei este rezultatul distilarii unor vinuri exceptionale obtinute doar din struguri proaspeti.<\/p>\n<p>Vinars Jidvei VSOP te va incanta prin gustul presarat cu note de fructe, condimente exotice, adieri fine de caramel, vanilie, ciocolata si nuci. Eleganta acestuia este sporita de lemnul de stejar in a carui imbratisare protectoare s-a odihnit vreme de cel putin cinci ani. Buchetul aromat si bine structurat, textura catifelata si onctuasa sunt dezvaluite atunci cand Vinars VSOP Jidvei este turnat ritualic intr-un pahar cu pantec rotund, in forma de lalea, incalzit in causul palmelor si savurat la temperatura camerei. Ritualul se va incheia cu un postgust armonios, staruitor si greu de uitat.<br \/>\nAspect, culoare: limpede, galben \u2013 brun cu accente de chihlimbar<br \/>\nMiros: vanilie, condimente, caramel, smochine<br \/>\nGust: scortisoara, migdale, cuisoare, smochine, nuci prajite<br \/>\nTip: VSOP<br \/>\nVolum alcool: 42%<br \/>\nSoi: Feteasca Regala, Riesling<br \/>\nProces de Vinificatie: Fermentare in prezenta levurilor.<br \/>\nDistilare: in perioada noiembrie-iunie a anului urmator recoltarii.<br \/>\nMaturare: minim 5 ani in butoie de stejar.<\/p>\n<p>Mensonges l\u00e9gaux : L'alcool nuit gravement \u00e0 la sant\u00e9. \u00c0 consommer avec mod\u00e9ration. La vente aux moins de 18 ans est interdite. www.desprealcool.ro<br \/>\n<a href=\"https:\/\/totalblue.ro\/wp-content\/uploads\/2021\/04\/under-18.jpg\"><img loading=\"lazy\" decoding=\"async\" class=\"alignnone wp-image-30757\" src=\"https:\/\/totalblue.ro\/wp-content\/uploads\/2021\/04\/under-18-400x400.jpg\" alt=\"\" width=\"95\" height=\"95\" srcset=\"https:\/\/totalblue.ro\/wp-content\/uploads\/2021\/04\/under-18-400x400.jpg 400w, https:\/\/totalblue.ro\/wp-content\/uploads\/2021\/04\/under-18-100x100.jpg 100w, https:\/\/totalblue.ro\/wp-content\/uploads\/2021\/04\/under-18-510x510.jpg 510w, https:\/\/totalblue.ro\/wp-content\/uploads\/2021\/04\/under-18-280x280.jpg 280w, https:\/\/totalblue.ro\/wp-content\/uploads\/2021\/04\/under-18.jpg 600w\" sizes=\"auto, (max-width: 95px) 100vw, 95px\" \/><\/a><a href=\"https:\/\/totalblue.ro\/wp-content\/uploads\/2021\/06\/drink-drive.jpg\"><img loading=\"lazy\" decoding=\"async\" class=\"alignnone wp-image-30761\" src=\"https:\/\/totalblue.ro\/wp-content\/uploads\/2021\/06\/drink-drive.jpg\" alt=\"\" width=\"96\" height=\"94\" srcset=\"https:\/\/totalblue.ro\/wp-content\/uploads\/2021\/06\/drink-drive.jpg 344w, https:\/\/totalblue.ro\/wp-content\/uploads\/2021\/06\/drink-drive-100x98.jpg 100w\" sizes=\"auto, (max-width: 96px) 100vw, 96px\" \/><\/a><a href=\"https:\/\/totalblue.ro\/wp-content\/uploads\/2021\/06\/bere-gravide02.jpg\"><img loading=\"lazy\" decoding=\"async\" class=\"alignnone wp-image-30771\" src=\"https:\/\/totalblue.ro\/wp-content\/uploads\/2021\/06\/bere-gravide02-403x400.jpg\" alt=\"\" width=\"97\" height=\"96\" srcset=\"https:\/\/totalblue.ro\/wp-content\/uploads\/2021\/06\/bere-gravide02-403x400.jpg 403w, https:\/\/totalblue.ro\/wp-content\/uploads\/2021\/06\/bere-gravide02-100x99.jpg 100w, https:\/\/totalblue.ro\/wp-content\/uploads\/2021\/06\/bere-gravide02-510x507.jpg 510w, https:\/\/totalblue.ro\/wp-content\/uploads\/2021\/06\/bere-gravide02-805x800.jpg 805w, https:\/\/totalblue.ro\/wp-content\/uploads\/2021\/06\/bere-gravide02-280x280.jpg 280w, https:\/\/totalblue.ro\/wp-content\/uploads\/2021\/06\/bere-gravide02-768x763.jpg 768w, https:\/\/totalblue.ro\/wp-content\/uploads\/2021\/06\/bere-gravide02-600x596.jpg 600w, https:\/\/totalblue.ro\/wp-content\/uploads\/2021\/06\/bere-gravide02.jpg 895w\" sizes=\"auto, (max-width: 97px) 100vw, 97px\" \/><\/a><\/p>","protected":false},"excerpt":{"rendered":"<p>Vinarsul Jidvei iti dezvaluie un intreg univers de legenda si traditie, in care truda este mereu rasplatita de natura. Salbatic si inflacarat la inceput, se domoleste pe masura ce timpul trece si respira din ce in ce mai usurat prin porii lemnului butoaielor de stejar transilvanean. Dupa ce s-a pregatit neincetat pentru a-si etala nobletea, [&#8230;]\n","protected":false},"featured_media":49795,"comment_status":"open","ping_status":"closed","template":"","meta":{"_acf_changed":false,"_seopress_robots_primary_cat":"none","_seopress_titles_title":"","_seopress_titles_desc":"","_seopress_robots_index":""},"product_brand":[6066],"product_cat":[1519],"giftcard-category":[],"class_list":{"0":"post-49793","1":"product","2":"type-product","3":"status-publish","4":"has-post-thumbnail","6":"product_brand-jidvei","7":"product_cat-bauturi-alcoolice-bere","9":"first","10":"instock","11":"taxable","12":"shipping-taxable","13":"purchasable","14":"product-type-simple"},"acf":[],"_links":{"self":[{"href":"https:\/\/totalblue.ro\/fr\/wp-json\/wp\/v2\/product\/49793","targetHints":{"allow":["GET"]}}],"collection":[{"href":"https:\/\/totalblue.ro\/fr\/wp-json\/wp\/v2\/product"}],"about":[{"href":"https:\/\/totalblue.ro\/fr\/wp-json\/wp\/v2\/types\/product"}],"replies":[{"embeddable":true,"href":"https:\/\/totalblue.ro\/fr\/wp-json\/wp\/v2\/comments?post=49793"}],"wp:featuredmedia":[{"embeddable":true,"href":"https:\/\/totalblue.ro\/fr\/wp-json\/wp\/v2\/media\/49795"}],"wp:attachment":[{"href":"https:\/\/totalblue.ro\/fr\/wp-json\/wp\/v2\/media?parent=49793"}],"wp:term":[{"taxonomy":"product_brand","embeddable":true,"href":"https:\/\/totalblue.ro\/fr\/wp-json\/wp\/v2\/product_brand?post=49793"},{"taxonomy":"product_cat","embeddable":true,"href":"https:\/\/totalblue.ro\/fr\/wp-json\/wp\/v2\/product_cat?post=49793"},{"taxonomy":"giftcard-category","embeddable":true,"href":"https:\/\/totalblue.ro\/fr\/wp-json\/wp\/v2\/giftcard-category?post=49793"}],"curies":[{"name":"wp","href":"https:\/\/api.w.org\/{rel}","templated":true}]}}