{"id":49797,"date":"2022-04-15T15:14:14","date_gmt":"2022-04-15T12:14:14","guid":{"rendered":"https:\/\/totalblue.ro\/?post_type=product&#038;p=49797"},"modified":"2025-02-25T09:54:18","modified_gmt":"2025-02-25T07:54:18","slug":"purcari-premium-rose-vin-rose-sec-075l","status":"publish","type":"product","link":"https:\/\/totalblue.ro\/fr\/produs\/purcari-premium-rose-vin-rose-sec-075l\/","title":{"rendered":"Purcari Premium Rose, Vin rose sec 0,75L"},"content":{"rendered":"<p>Ros\u00e9 de Purcari este un vin proaspat, delicat si senzual, potrivit pentru a fi savurat in zilele calde de vara. Mariajul de soiuri Cabernet Sauvignon 60%, Merlot 30% si Rara Neagra 10% contureaza un buchet expresiv, frumos structurat si bine echilibrat. Vinul este obtinut din struguri recoltati manual si vinificati prin metoda traditionala. Rose de Purcari este un aperitiv excelent, dar se potriveste foarte bine si alaturi de preparate usoare cu specific mediteranean, branzeturi aromate sau deserturi cu branza. Temperatura optima de servire este de 10-12 \u2103.<\/p>\n<p>Notele degustarii:<\/p>\n<p>Miros: Parfum proaspat si captivant, care combina delicat aroma fructelor de livada cu cea a fructelor de padure si cu cea a fructelor exotice.<\/p>\n<p>Gust: O simfonie ludica de arome fructate, unde se remarca accente de caise, piersici zemoase si coacaze, care evolueaza intr-un final dominat de prezenta fructelor de padure.<\/p>\n<p>Culoare vin: rose<br \/>\nTip vin: sec<br \/>\nSoi de struguri : Cupaj Cabernet Sauvignon, Merlot, Rara Neagra<\/p>\n<p>Volum alcool: 12,5%<br \/>\nContinut si ambalaj: sticla imbuteliata, 0,75L<br \/>\nAspect: Limpede, Reflexe chihlimbari, Rose pal<br \/>\nTara de origine: Republica Moldova<br \/>\nRegiune: Stefan Voda<\/p>\n<p>Mensonges l\u00e9gaux : L'alcool nuit gravement \u00e0 la sant\u00e9. \u00c0 consommer avec mod\u00e9ration. La vente aux moins de 18 ans est interdite. www.desprealcool.ro<br \/>\n<a href=\"https:\/\/totalblue.ro\/wp-content\/uploads\/2021\/04\/under-18.jpg\"><img loading=\"lazy\" decoding=\"async\" class=\"alignnone wp-image-30757\" src=\"https:\/\/totalblue.ro\/wp-content\/uploads\/2021\/04\/under-18-400x400.jpg\" alt=\"\" width=\"95\" height=\"95\" srcset=\"https:\/\/totalblue.ro\/wp-content\/uploads\/2021\/04\/under-18-400x400.jpg 400w, https:\/\/totalblue.ro\/wp-content\/uploads\/2021\/04\/under-18-100x100.jpg 100w, https:\/\/totalblue.ro\/wp-content\/uploads\/2021\/04\/under-18-510x510.jpg 510w, https:\/\/totalblue.ro\/wp-content\/uploads\/2021\/04\/under-18-280x280.jpg 280w, https:\/\/totalblue.ro\/wp-content\/uploads\/2021\/04\/under-18.jpg 600w\" sizes=\"auto, (max-width: 95px) 100vw, 95px\" \/><\/a><a href=\"https:\/\/totalblue.ro\/wp-content\/uploads\/2021\/06\/drink-drive.jpg\"><img loading=\"lazy\" decoding=\"async\" class=\"alignnone wp-image-30761\" src=\"https:\/\/totalblue.ro\/wp-content\/uploads\/2021\/06\/drink-drive.jpg\" alt=\"\" width=\"96\" height=\"94\" srcset=\"https:\/\/totalblue.ro\/wp-content\/uploads\/2021\/06\/drink-drive.jpg 344w, https:\/\/totalblue.ro\/wp-content\/uploads\/2021\/06\/drink-drive-100x98.jpg 100w\" sizes=\"auto, (max-width: 96px) 100vw, 96px\" \/><\/a><a href=\"https:\/\/totalblue.ro\/wp-content\/uploads\/2021\/06\/bere-gravide02.jpg\"><img loading=\"lazy\" decoding=\"async\" class=\"alignnone wp-image-30771\" src=\"https:\/\/totalblue.ro\/wp-content\/uploads\/2021\/06\/bere-gravide02-403x400.jpg\" alt=\"\" width=\"97\" height=\"96\" srcset=\"https:\/\/totalblue.ro\/wp-content\/uploads\/2021\/06\/bere-gravide02-403x400.jpg 403w, https:\/\/totalblue.ro\/wp-content\/uploads\/2021\/06\/bere-gravide02-100x99.jpg 100w, https:\/\/totalblue.ro\/wp-content\/uploads\/2021\/06\/bere-gravide02-510x507.jpg 510w, https:\/\/totalblue.ro\/wp-content\/uploads\/2021\/06\/bere-gravide02-805x800.jpg 805w, https:\/\/totalblue.ro\/wp-content\/uploads\/2021\/06\/bere-gravide02-280x280.jpg 280w, https:\/\/totalblue.ro\/wp-content\/uploads\/2021\/06\/bere-gravide02-768x763.jpg 768w, https:\/\/totalblue.ro\/wp-content\/uploads\/2021\/06\/bere-gravide02-600x596.jpg 600w, https:\/\/totalblue.ro\/wp-content\/uploads\/2021\/06\/bere-gravide02.jpg 895w\" sizes=\"auto, (max-width: 97px) 100vw, 97px\" \/><\/a><\/p>","protected":false},"excerpt":{"rendered":"<p>Ros\u00e9 de Purcari este un vin proaspat, delicat si senzual, potrivit pentru a fi savurat in zilele calde de vara. Mariajul de soiuri Cabernet Sauvignon 60%, Merlot 30% si Rara Neagra 10% contureaza un buchet expresiv, frumos structurat si bine echilibrat. Vinul este obtinut din struguri recoltati manual si vinificati prin metoda traditionala. Rose de [&#8230;]\n","protected":false},"featured_media":49798,"comment_status":"open","ping_status":"closed","template":"","meta":{"_acf_changed":false,"_seopress_robots_primary_cat":"none","_seopress_titles_title":"","_seopress_titles_desc":"","_seopress_robots_index":""},"product_brand":[6231],"product_cat":[1519],"giftcard-category":[],"class_list":{"0":"post-49797","1":"product","2":"type-product","3":"status-publish","4":"has-post-thumbnail","6":"product_brand-purcari","7":"product_cat-bauturi-alcoolice-bere","9":"first","10":"instock","11":"taxable","12":"shipping-taxable","13":"purchasable","14":"product-type-simple"},"acf":[],"_links":{"self":[{"href":"https:\/\/totalblue.ro\/fr\/wp-json\/wp\/v2\/product\/49797","targetHints":{"allow":["GET"]}}],"collection":[{"href":"https:\/\/totalblue.ro\/fr\/wp-json\/wp\/v2\/product"}],"about":[{"href":"https:\/\/totalblue.ro\/fr\/wp-json\/wp\/v2\/types\/product"}],"replies":[{"embeddable":true,"href":"https:\/\/totalblue.ro\/fr\/wp-json\/wp\/v2\/comments?post=49797"}],"wp:featuredmedia":[{"embeddable":true,"href":"https:\/\/totalblue.ro\/fr\/wp-json\/wp\/v2\/media\/49798"}],"wp:attachment":[{"href":"https:\/\/totalblue.ro\/fr\/wp-json\/wp\/v2\/media?parent=49797"}],"wp:term":[{"taxonomy":"product_brand","embeddable":true,"href":"https:\/\/totalblue.ro\/fr\/wp-json\/wp\/v2\/product_brand?post=49797"},{"taxonomy":"product_cat","embeddable":true,"href":"https:\/\/totalblue.ro\/fr\/wp-json\/wp\/v2\/product_cat?post=49797"},{"taxonomy":"giftcard-category","embeddable":true,"href":"https:\/\/totalblue.ro\/fr\/wp-json\/wp\/v2\/giftcard-category?post=49797"}],"curies":[{"name":"wp","href":"https:\/\/api.w.org\/{rel}","templated":true}]}}