{"id":49802,"date":"2022-04-15T15:27:54","date_gmt":"2022-04-15T12:27:54","guid":{"rendered":"https:\/\/totalblue.ro\/?post_type=product&#038;p=49802"},"modified":"2025-02-25T09:53:49","modified_gmt":"2025-02-25T07:53:49","slug":"purcari-premium-rara-neagra-vin-rosu-sec-075l","status":"publish","type":"product","link":"https:\/\/totalblue.ro\/fr\/produs\/purcari-premium-rara-neagra-vin-rosu-sec-075l\/","title":{"rendered":"Purcari Premium Rara Neagra, Vin rosu sec 0,75L"},"content":{"rendered":"<p>Purcari Rara Neagra este un vin sec obtinut din struguri recoltati manual, vinificati prin metoda traditionala, maturat timp de 6 luni in barrique de stejar.<br \/>\nVIN ROSU SEC. Fondat in 1827 Chateau Purcari reprezinta unul dintre cele mai valoroase si renumite domenii ale Europei de Est. Vinurile din Purcari au fost servite la Curtile Regale din Europa inca de acum 150 de ani.<br \/>\nPrima medalie de Aur a fost acordata vinurilor din Purcari in 1878, la Expozitia Mondiala de la Paris, cand expertii francezi au fost profund impresionati de aroma bogata si culoarea intensa a sortimentului Negru de Purcari, care a depasit chiar si vinurile din Bordeaux.<br \/>\nDe-a lungul timpului, vinurile Purcari au castigat peste 300 de medalii si distinctii la cele mai prestigioase concursuri internationale (Decanter, Concours Mondial de Bruxelles, Challenge International du Vin), precum si recunoasterea Casei Regale a Marii Britanii.<\/p>\n<p>Rar\u0103 Neagr\u0103 de Purcari este o evadare din cotidian \u2013 o explozie de gra\u0163ie \u015fi elegan\u0163\u0103 \u00eentruchipat\u0103 \u00een vin.<\/p>\n<p>Culoarea rubinie, cu tent\u0103 de rodie, e acompaniat\u0103 de o arom\u0103 complex\u0103, cu accente de ciocolat\u0103 \u015fi prune. Gustul plin, catifelat, cu note de fructe uscate \u015fi vanilie trece lin \u00eentr-un postgust cu nuan\u0163e fine de stejar.<\/p>\n<p>Temperatura recomandat\u0103 de servire: 18-20 grade Celsius.<\/p>\n<p>Culoarea vinului este rubinie, cu tenta de rodie, fiind acompaniata de o aroma complexa, cu accente de ciocolata si prune.<\/p>\n<p>Se serveste alaturi de alaturi de preparate la cuptor sau la gratar din carne de porc sau vitel.<br \/>\nGust: plin, catifelat, cu note de fructe uscate si vanilie.<br \/>\nMiros: complexa, cu accente de ciocolata si prune.<\/p>\n<p>Culoare vin: rosu<br \/>\nTip vin: sec<br \/>\nSoi de struguri : Rara Neagra<\/p>\n<p>Volum alcool: 13,5%<br \/>\nContinut si ambalaj: sticla imbuteliata, 0,75L<\/p>\n<p>Mensonges l\u00e9gaux : L'alcool nuit gravement \u00e0 la sant\u00e9. \u00c0 consommer avec mod\u00e9ration. La vente aux moins de 18 ans est interdite. www.desprealcool.ro<br \/>\n<a href=\"https:\/\/totalblue.ro\/wp-content\/uploads\/2021\/04\/under-18.jpg\"><img loading=\"lazy\" decoding=\"async\" class=\"alignnone wp-image-30757\" src=\"https:\/\/totalblue.ro\/wp-content\/uploads\/2021\/04\/under-18-400x400.jpg\" alt=\"\" width=\"95\" height=\"95\" srcset=\"https:\/\/totalblue.ro\/wp-content\/uploads\/2021\/04\/under-18-400x400.jpg 400w, https:\/\/totalblue.ro\/wp-content\/uploads\/2021\/04\/under-18-100x100.jpg 100w, https:\/\/totalblue.ro\/wp-content\/uploads\/2021\/04\/under-18-510x510.jpg 510w, https:\/\/totalblue.ro\/wp-content\/uploads\/2021\/04\/under-18-280x280.jpg 280w, https:\/\/totalblue.ro\/wp-content\/uploads\/2021\/04\/under-18.jpg 600w\" sizes=\"auto, (max-width: 95px) 100vw, 95px\" \/><\/a><a href=\"https:\/\/totalblue.ro\/wp-content\/uploads\/2021\/06\/drink-drive.jpg\"><img loading=\"lazy\" decoding=\"async\" class=\"alignnone wp-image-30761\" src=\"https:\/\/totalblue.ro\/wp-content\/uploads\/2021\/06\/drink-drive.jpg\" alt=\"\" width=\"96\" height=\"94\" srcset=\"https:\/\/totalblue.ro\/wp-content\/uploads\/2021\/06\/drink-drive.jpg 344w, https:\/\/totalblue.ro\/wp-content\/uploads\/2021\/06\/drink-drive-100x98.jpg 100w\" sizes=\"auto, (max-width: 96px) 100vw, 96px\" \/><\/a><a href=\"https:\/\/totalblue.ro\/wp-content\/uploads\/2021\/06\/bere-gravide02.jpg\"><img loading=\"lazy\" decoding=\"async\" class=\"alignnone wp-image-30771\" src=\"https:\/\/totalblue.ro\/wp-content\/uploads\/2021\/06\/bere-gravide02-403x400.jpg\" alt=\"\" width=\"97\" height=\"96\" srcset=\"https:\/\/totalblue.ro\/wp-content\/uploads\/2021\/06\/bere-gravide02-403x400.jpg 403w, https:\/\/totalblue.ro\/wp-content\/uploads\/2021\/06\/bere-gravide02-100x99.jpg 100w, https:\/\/totalblue.ro\/wp-content\/uploads\/2021\/06\/bere-gravide02-510x507.jpg 510w, https:\/\/totalblue.ro\/wp-content\/uploads\/2021\/06\/bere-gravide02-805x800.jpg 805w, https:\/\/totalblue.ro\/wp-content\/uploads\/2021\/06\/bere-gravide02-280x280.jpg 280w, https:\/\/totalblue.ro\/wp-content\/uploads\/2021\/06\/bere-gravide02-768x763.jpg 768w, https:\/\/totalblue.ro\/wp-content\/uploads\/2021\/06\/bere-gravide02-600x596.jpg 600w, https:\/\/totalblue.ro\/wp-content\/uploads\/2021\/06\/bere-gravide02.jpg 895w\" sizes=\"auto, (max-width: 97px) 100vw, 97px\" \/><\/a><\/p>","protected":false},"excerpt":{"rendered":"<p>Purcari Rara Neagra este un vin sec obtinut din struguri recoltati manual, vinificati prin metoda traditionala, maturat timp de 6 luni in barrique de stejar. VIN ROSU SEC. Fondat in 1827 Chateau Purcari reprezinta unul dintre cele mai valoroase si renumite domenii ale Europei de Est. Vinurile din Purcari au fost servite la Curtile Regale [&#8230;]\n","protected":false},"featured_media":49804,"comment_status":"open","ping_status":"closed","template":"","meta":{"_acf_changed":false,"_seopress_robots_primary_cat":"none","_seopress_titles_title":"","_seopress_titles_desc":"","_seopress_robots_index":""},"product_brand":[6231],"product_cat":[1519],"giftcard-category":[],"class_list":{"0":"post-49802","1":"product","2":"type-product","3":"status-publish","4":"has-post-thumbnail","6":"product_brand-purcari","7":"product_cat-bauturi-alcoolice-bere","9":"first","10":"instock","11":"taxable","12":"shipping-taxable","13":"purchasable","14":"product-type-simple"},"acf":[],"_links":{"self":[{"href":"https:\/\/totalblue.ro\/fr\/wp-json\/wp\/v2\/product\/49802","targetHints":{"allow":["GET"]}}],"collection":[{"href":"https:\/\/totalblue.ro\/fr\/wp-json\/wp\/v2\/product"}],"about":[{"href":"https:\/\/totalblue.ro\/fr\/wp-json\/wp\/v2\/types\/product"}],"replies":[{"embeddable":true,"href":"https:\/\/totalblue.ro\/fr\/wp-json\/wp\/v2\/comments?post=49802"}],"wp:featuredmedia":[{"embeddable":true,"href":"https:\/\/totalblue.ro\/fr\/wp-json\/wp\/v2\/media\/49804"}],"wp:attachment":[{"href":"https:\/\/totalblue.ro\/fr\/wp-json\/wp\/v2\/media?parent=49802"}],"wp:term":[{"taxonomy":"product_brand","embeddable":true,"href":"https:\/\/totalblue.ro\/fr\/wp-json\/wp\/v2\/product_brand?post=49802"},{"taxonomy":"product_cat","embeddable":true,"href":"https:\/\/totalblue.ro\/fr\/wp-json\/wp\/v2\/product_cat?post=49802"},{"taxonomy":"giftcard-category","embeddable":true,"href":"https:\/\/totalblue.ro\/fr\/wp-json\/wp\/v2\/giftcard-category?post=49802"}],"curies":[{"name":"wp","href":"https:\/\/api.w.org\/{rel}","templated":true}]}}