{"id":50279,"date":"2022-04-21T15:03:06","date_gmt":"2022-04-21T12:03:06","guid":{"rendered":"https:\/\/totalblue.ro\/?post_type=product&#038;p=50279"},"modified":"2025-08-06T13:29:38","modified_gmt":"2025-08-06T10:29:38","slug":"knorr-bouillon-baza-mancare-carne-de-vita-65-litri-borcan-130-g","status":"publish","type":"product","link":"https:\/\/totalblue.ro\/fr\/produs\/knorr-bouillon-baza-mancare-carne-de-vita-65-litri-borcan-130-g\/","title":{"rendered":"Knorr Bouillon baza mancare &#8211; carne de vita, 6,5 litri, Borcan 130 g"},"content":{"rendered":"<p>Ingrediente: sare de masa iodata, zahar, arome, amidon, inlocuitor de sare de masa, 2% pudra de vita, 1,7% grasime de vita, 1,4% ceapa, morcovi, patrunjel, suc de morcovi, sare de masa, usturoi, piper, \u200b\u200bulei de porumb ED, \u200b\u200bextract antioxidant de rozmarin. Poate contine cereale care contin gluten, lapte, ou, soia si mustar. Ingredientele naturale sunt marcate cu un asterisc. Din cultivare durabila. Derivat din minerale naturale de potasiu.<br \/>\nValeurs nutritionnelles \/ 100 g :<br \/>\nEnergie 18 kJ (4 kcal)<br \/>\nGrasimi &lt; 0.5 g din care grasimi saturate &lt; 0.1 g<br \/>\nGlucide 0,7 g din care zaharuri 0.5 g<br \/>\nFibre alimentare &lt; 0.5 g<br \/>\nProteine \u200b\u200b&lt; 0,5 g<br \/>\nSare 0,91 g<br \/>\nAlergeni: Contine telina. Poate contine urme de gluten, lapte, oua, soia, mustar.<br \/>\nProt\u00e9ger de la lumi\u00e8re directe du soleil.<br \/>\nConditionnement : pot avec couvercle<\/p>\n<p>Mod de preparare: Se toarna apa clocotita sau se adauga in timpul gatitului. O lingurita plina in 1\/4 litri de apa. Continutul unui borcan ajunge pentru 6,5 litri de bouillon de carne de vita. Ciorbe si tocanite, sosuri, mancaruri din carne, peste sau legume: bulioanele Knorr constituie baza gustativa ideala pentru numeroase idei de retete. Puteti obtine un bulion delicios instantaneu, comod si fara fierbere indelungata.<br \/>\nLes ingr\u00e9dients l\u00e9g\u00e8rement s\u00e9ch\u00e9s offrent une saveur fine non seulement comme base mais aussi comme \u00e9pice, ce qui les rend id\u00e9aux pour l'assaisonnement rapide ou l'affinage des plats.<br \/>\nCompozitia ingredientelor selectate de inalta calitate face ca fiecare produs Knorr sa fie special. Knorr prelucreaza numai ingredientele care sunt uscate cu atentie, deoarece uscarea este una dintre cele mai vechi metode de a face alimentele durabile in mod natural.<br \/>\nDeoarece gustul si substantele nutritive ale ingredientelor proaspete sunt pastrate in mare parte, alimentele fabricate din ingrediente uscate se incadreaza perfect in viata noastra cotidiana.<br \/>\nMancarea cu Knorr este simpla si, de asemenea, te face sa te simti bine: peste 90 la suta din ingrediente provin deja din surse durabile.<br \/>\nLa Knorr, credem ca utilizarea ingredientelor cultivate si obtinute in mod durabil face o diferenta uriasa in gustul produselor noastre, bunastarea fermierilor si viitorul planetei. Knorr \u2013 gust cu o senzatie desavarsita!<br \/>\nFabriqu\u00e9 par Unilever Deutschland GmbH, Konsumentenservice, Am Strandkai 1, 20457 Hamburg, Allemagne.<br \/>\nImportateur et distributeur Total Blue Impex SRL<\/p>\n<div class=\"wrapper-table-responsive m-t-3\"><\/div>","protected":false},"excerpt":{"rendered":"<p>Ingrediente: sare de masa iodata, zahar, arome, amidon, inlocuitor de sare de masa, 2% pudra de vita, 1,7% grasime de vita, 1,4% ceapa, morcovi, patrunjel, suc de morcovi, sare de masa, usturoi, piper, \u200b\u200bulei de porumb ED, \u200b\u200bextract antioxidant de rozmarin. Poate contine cereale care contin gluten, lapte, ou, soia si mustar. Ingredientele naturale sunt [&#8230;]\n","protected":false},"featured_media":50282,"comment_status":"open","ping_status":"closed","template":"","meta":{"_acf_changed":false,"_seopress_robots_primary_cat":"1451","_seopress_titles_title":"","_seopress_titles_desc":"","_seopress_robots_index":""},"product_brand":[1870],"product_cat":[1555,3380,1451,3280,1950,1767],"giftcard-category":[],"class_list":{"0":"post-50279","1":"product","2":"type-product","3":"status-publish","4":"has-post-thumbnail","6":"product_brand-knorr","7":"product_cat-bacanie","8":"product_cat-condimente-sosuri-produse-germania","9":"product_cat-condimente-produse-instant","10":"product_cat-condimente-sosuri","11":"product_cat-produse-germania","12":"product_cat-produse-olanda","14":"first","15":"outofstock","16":"taxable","17":"shipping-taxable","18":"purchasable","19":"product-type-simple"},"acf":[],"_links":{"self":[{"href":"https:\/\/totalblue.ro\/fr\/wp-json\/wp\/v2\/product\/50279","targetHints":{"allow":["GET"]}}],"collection":[{"href":"https:\/\/totalblue.ro\/fr\/wp-json\/wp\/v2\/product"}],"about":[{"href":"https:\/\/totalblue.ro\/fr\/wp-json\/wp\/v2\/types\/product"}],"replies":[{"embeddable":true,"href":"https:\/\/totalblue.ro\/fr\/wp-json\/wp\/v2\/comments?post=50279"}],"wp:featuredmedia":[{"embeddable":true,"href":"https:\/\/totalblue.ro\/fr\/wp-json\/wp\/v2\/media\/50282"}],"wp:attachment":[{"href":"https:\/\/totalblue.ro\/fr\/wp-json\/wp\/v2\/media?parent=50279"}],"wp:term":[{"taxonomy":"product_brand","embeddable":true,"href":"https:\/\/totalblue.ro\/fr\/wp-json\/wp\/v2\/product_brand?post=50279"},{"taxonomy":"product_cat","embeddable":true,"href":"https:\/\/totalblue.ro\/fr\/wp-json\/wp\/v2\/product_cat?post=50279"},{"taxonomy":"giftcard-category","embeddable":true,"href":"https:\/\/totalblue.ro\/fr\/wp-json\/wp\/v2\/giftcard-category?post=50279"}],"curies":[{"name":"wp","href":"https:\/\/api.w.org\/{rel}","templated":true}]}}