{"id":50491,"date":"2022-04-26T10:37:16","date_gmt":"2022-04-26T07:37:16","guid":{"rendered":"https:\/\/totalblue.ro\/?post_type=product&#038;p=50491"},"modified":"2025-08-05T12:02:44","modified_gmt":"2025-08-05T09:02:44","slug":"appel-file-de-hering-delicat-in-crema-piri-si-mango-fructata-si-picanta-200-g","status":"publish","type":"product","link":"https:\/\/totalblue.ro\/fr\/produs\/appel-file-de-hering-delicat-in-crema-piri-si-mango-fructata-si-picanta-200-g\/","title":{"rendered":"Appel Filets de harengs d\u00e9licats \u00e0 la cr\u00e8me \u00e9pic\u00e9e et fruit\u00e9e au piri et \u00e0 la mangue 200 g"},"content":{"rendered":"<p>Ingrediente: File de hering (Clupea harengus) (60%), apa, ulei de rapita, pasta de rosii, zahar, chutney de mango (zahar, mango, otet, sare, condimente), mustar (apa, otet, seminte de mustar, sare, zahar, condimente), otet, sare de masa, amidon modificat, condimente (contin mustar), ceapa prajita (ceapa, ulei de floarea soarelui), agenti de ingrosare (guma guar, guma de roscove), arome, extracte de condimente.<br \/>\nAlergeni:Contine mustar si produse derivate din acesta. Peste si produse derivate.<\/p>\n<p>Informations nutritionnelles pour 100g<br \/>\nEnergie 941 kJ \/ Energie 227 kcal<br \/>\nGrasimi 17,1 g din care grasimi saturate 2,9 g<br \/>\nCarbohidrati 6,4 g<br \/>\nZahar 6 g<br \/>\nAlbus de ou 10,9 g<br \/>\nSare 1,28 g<br \/>\nEmballage et contenu : bo\u00eete m\u00e9tallique avec cl\u00e9 pour faciliter l'ouverture.<br \/>\nConditii de pastrare: A se pastra la loc uscat si racoros ferit de actiunea directa a razelor solare.A se consuma imediat dupa deschidere<\/p>\n<p>Certificat : Marine Stewardship Council (label MSC pour les produits de la mer certifi\u00e9s)<br \/>\nPays d'origine : Allemagne<br \/>\nFabricat in Germania de Appel Feinkost GmbH &amp; Co. KG, D-27472 Cuxhaven<br \/>\nImportateur et distributeur Total Blue Impex SRL<\/p>","protected":false},"excerpt":{"rendered":"<p>Ingrediente: File de hering (Clupea harengus) (60%), apa, ulei de rapita, pasta de rosii, zahar, chutney de mango (zahar, mango, otet, sare, condimente), mustar (apa, otet, seminte de mustar, sare, zahar, condimente), otet, sare de masa, amidon modificat, condimente (contin mustar), ceapa prajita (ceapa, ulei de floarea soarelui), agenti de ingrosare (guma guar, guma de [&#8230;]\n","protected":false},"featured_media":50493,"comment_status":"open","ping_status":"closed","template":"","meta":{"_acf_changed":false,"_seopress_robots_primary_cat":"none","_seopress_titles_title":"","_seopress_titles_desc":"","_seopress_robots_index":""},"product_brand":[1987],"product_cat":[1555,1683,3272,3372,1950,1767],"giftcard-category":[],"class_list":{"0":"post-50491","1":"product","2":"type-product","3":"status-publish","4":"has-post-thumbnail","6":"product_brand-appel","7":"product_cat-bacanie","8":"product_cat-conserve-mancare-gatita","9":"product_cat-conserve","10":"product_cat-conserve-produse-germania","11":"product_cat-produse-germania","12":"product_cat-produse-olanda","14":"first","15":"outofstock","16":"taxable","17":"shipping-taxable","18":"purchasable","19":"product-type-simple"},"acf":[],"_links":{"self":[{"href":"https:\/\/totalblue.ro\/fr\/wp-json\/wp\/v2\/product\/50491","targetHints":{"allow":["GET"]}}],"collection":[{"href":"https:\/\/totalblue.ro\/fr\/wp-json\/wp\/v2\/product"}],"about":[{"href":"https:\/\/totalblue.ro\/fr\/wp-json\/wp\/v2\/types\/product"}],"replies":[{"embeddable":true,"href":"https:\/\/totalblue.ro\/fr\/wp-json\/wp\/v2\/comments?post=50491"}],"wp:featuredmedia":[{"embeddable":true,"href":"https:\/\/totalblue.ro\/fr\/wp-json\/wp\/v2\/media\/50493"}],"wp:attachment":[{"href":"https:\/\/totalblue.ro\/fr\/wp-json\/wp\/v2\/media?parent=50491"}],"wp:term":[{"taxonomy":"product_brand","embeddable":true,"href":"https:\/\/totalblue.ro\/fr\/wp-json\/wp\/v2\/product_brand?post=50491"},{"taxonomy":"product_cat","embeddable":true,"href":"https:\/\/totalblue.ro\/fr\/wp-json\/wp\/v2\/product_cat?post=50491"},{"taxonomy":"giftcard-category","embeddable":true,"href":"https:\/\/totalblue.ro\/fr\/wp-json\/wp\/v2\/giftcard-category?post=50491"}],"curies":[{"name":"wp","href":"https:\/\/api.w.org\/{rel}","templated":true}]}}