{"id":50553,"date":"2022-04-26T15:32:41","date_gmt":"2022-04-26T12:32:41","guid":{"rendered":"https:\/\/totalblue.ro\/?post_type=product&#038;p=50553"},"modified":"2025-08-04T11:18:15","modified_gmt":"2025-08-04T08:18:15","slug":"maggi-egg-pasta-soup-sachet-pour-1000-ml","status":"publish","type":"product","link":"https:\/\/totalblue.ro\/fr\/produs\/maggi-supa-cu-paste-cu-oua-plic-pentru-1000-ml\/","title":{"rendered":"Maggi Soupe de p\u00e2tes aux \u0153ufs (sachet) par 1000 ml"},"content":{"rendered":"<p><strong>Ingr\u00e9dient<\/strong>P\u00e2te aux \u0153ufs 65,7% (bl\u00e9 dur, \u0153ufs), sel iod\u00e9, sucre, sel min\u00e9ral de potassium, extrait de levure, poireau, 1,6% carottes, c\u00e9leri, herbes (persil, liv\u00e8che), \u00e9pices (curcuma, coriandre, poivre). ), c\u00e9leri en poudre, f\u00e9cule de pomme de terre, huile de tournesol, sel, ar\u00f4mes (de bl\u00e9), \u00e9pices (de bl\u00e9). Peut contenir : lait, moutarde et soja Ingr\u00e9dients naturels.<br \/>\nInformations sur les allerg\u00e8nes : gluten, c\u00e9leri, bl\u00e9, \u0153ufs et ovoproduits.<\/p>\n<p>Valeurs nutritionnelles pour 100 g\/ml<br \/>\n\u00c9nergie (kJ\/kcal) 65kJ\/15kcal<br \/>\nMati\u00e8res grasses 0,1 g dont acides gras satur\u00e9s 0,1 g<br \/>\nGlucides 2,8 g dont sucre 0,6 g<br \/>\nFibres alimentaires 0,2 g<br \/>\nAlbus de ou 0,6 g<br \/>\nSel 0,76 g<\/p>\n<p><strong>Pr\u00e9paration :<br \/>\nM\u00e9langer le contenu du sac dans 1 litre d'eau bouillante \u00e0 l'aide d'une cuill\u00e8re en bois. Cuire \u00e0 feu moyen pendant 10 minutes. Remuer de temps en temps.<br \/>\n<\/strong><\/p>","protected":false},"excerpt":{"rendered":"<p>Ingrediente: 65,7% paste cu ou (grau dur, oua), sare iodata, zahar, sare minerala de potasiu, extract de drojdie, praz, 1,6% morcovi, telina, ierburi (patrunjel, leustean), condimente (turmeric, coriandru, piper). ) , pudra de telina, amidon de cartofi, ulei de floarea soarelui, sare, arome (cu grau), condimente (din grau). Poate contine: lapte, mustar si soia Din [&#8230;]\n","protected":false},"featured_media":50555,"comment_status":"open","ping_status":"closed","template":"","meta":{"_acf_changed":false,"_seopress_robots_primary_cat":"none","_seopress_titles_title":"","_seopress_titles_desc":"","_seopress_robots_index":""},"product_brand":[1869],"product_cat":[1555,3380,1683,3272,1950,1767,3364],"giftcard-category":[],"class_list":{"0":"post-50553","1":"product","2":"type-product","3":"status-publish","4":"has-post-thumbnail","6":"product_brand-maggi","7":"product_cat-bacanie","8":"product_cat-condimente-sosuri-produse-germania","9":"product_cat-conserve-mancare-gatita","10":"product_cat-conserve","11":"product_cat-produse-germania","12":"product_cat-produse-olanda","13":"product_cat-supe-produse-germania","15":"first","16":"outofstock","17":"taxable","18":"shipping-taxable","19":"purchasable","20":"product-type-simple"},"acf":[],"_links":{"self":[{"href":"https:\/\/totalblue.ro\/fr\/wp-json\/wp\/v2\/product\/50553","targetHints":{"allow":["GET"]}}],"collection":[{"href":"https:\/\/totalblue.ro\/fr\/wp-json\/wp\/v2\/product"}],"about":[{"href":"https:\/\/totalblue.ro\/fr\/wp-json\/wp\/v2\/types\/product"}],"replies":[{"embeddable":true,"href":"https:\/\/totalblue.ro\/fr\/wp-json\/wp\/v2\/comments?post=50553"}],"wp:featuredmedia":[{"embeddable":true,"href":"https:\/\/totalblue.ro\/fr\/wp-json\/wp\/v2\/media\/50555"}],"wp:attachment":[{"href":"https:\/\/totalblue.ro\/fr\/wp-json\/wp\/v2\/media?parent=50553"}],"wp:term":[{"taxonomy":"product_brand","embeddable":true,"href":"https:\/\/totalblue.ro\/fr\/wp-json\/wp\/v2\/product_brand?post=50553"},{"taxonomy":"product_cat","embeddable":true,"href":"https:\/\/totalblue.ro\/fr\/wp-json\/wp\/v2\/product_cat?post=50553"},{"taxonomy":"giftcard-category","embeddable":true,"href":"https:\/\/totalblue.ro\/fr\/wp-json\/wp\/v2\/giftcard-category?post=50553"}],"curies":[{"name":"wp","href":"https:\/\/api.w.org\/{rel}","templated":true}]}}