{"id":50563,"date":"2022-04-26T16:05:53","date_gmt":"2022-04-26T13:05:53","guid":{"rendered":"https:\/\/totalblue.ro\/?post_type=product&#038;p=50563"},"modified":"2025-08-04T11:18:11","modified_gmt":"2025-08-04T08:18:11","slug":"maggi-pofta-buna-cu-galuste-din-gris-1000-ml-import-germania","status":"publish","type":"product","link":"https:\/\/totalblue.ro\/fr\/produs\/maggi-pofta-buna-cu-galuste-din-gris-1000-ml-import-germania\/","title":{"rendered":"Maggi Good Appetite Soup avec chapelure grise 1000 ml, import\u00e9 d'Allemagne"},"content":{"rendered":"<p><strong>Ingr\u00e9dient<\/strong>: galuste de gris 60% (sealom, grasime de palmier, albus de oua, galbenus de oua, lactoza, sare iodata, faina de grau, nucsoara), sare iodata, zahar, amidon de cartofi, arome (cu grau, ulei telina), extract de drojdie, sare minerala potasiu, praz, morcovi 0,8%, ceapa, telina, rosiia, condimente (nucsoara, turmeric), patrunjel, sarea, ulei de floarea soareluia, grasime de palmier, condimente (din grau). Poate contine: lapte, mustar si soia.<\/p>\n<p>Alergeni: gluten, grau, lapte, oua si produse din oua.<\/p>\n<p>Valeurs nutritionnelles pour 100 g\/ml<br \/>\nEnergie (kJ\/kcal) 73 kJ\/17 kcal<br \/>\nGrasimi 0,5 g din care acizi grasi saturati 031 g<br \/>\nCarbohidrati 2,2 g din care zahar 0,6 g<br \/>\nFibre alimentare 0,1 g<br \/>\nAlbus de ou 0,7 g<br \/>\nSel 0,75 g<\/p>\n<p><strong>Pr\u00e9paration :<br \/>\nM\u00e9langer le contenu du sac dans 1 litre d'eau bouillante \u00e0 l'aide d'une cuill\u00e8re en bois. Cuire \u00e0 feu moyen pendant 10 minutes. Remuer de temps en temps.<br \/>\n<\/strong><\/p>","protected":false},"excerpt":{"rendered":"<p>Ingrediente: galuste de gris 60% (sealom, grasime de palmier, albus de oua, galbenus de oua, lactoza, sare iodata, faina de grau, nucsoara), sare iodata, zahar, amidon de cartofi, arome (cu grau, ulei telina), extract de drojdie, sare minerala potasiu, praz, morcovi 0,8%, ceapa, telina, rosiia, condimente (nucsoara, turmeric), patrunjel, sarea, ulei de floarea soareluia, grasime [&#8230;]\n","protected":false},"featured_media":50565,"comment_status":"open","ping_status":"closed","template":"","meta":{"_acf_changed":false,"_seopress_robots_primary_cat":"none","_seopress_titles_title":"","_seopress_titles_desc":"","_seopress_robots_index":""},"product_brand":[1869],"product_cat":[1555,3380,1683,3272,1950,1767,3364],"giftcard-category":[],"class_list":{"0":"post-50563","1":"product","2":"type-product","3":"status-publish","4":"has-post-thumbnail","6":"product_brand-maggi","7":"product_cat-bacanie","8":"product_cat-condimente-sosuri-produse-germania","9":"product_cat-conserve-mancare-gatita","10":"product_cat-conserve","11":"product_cat-produse-germania","12":"product_cat-produse-olanda","13":"product_cat-supe-produse-germania","15":"first","16":"outofstock","17":"taxable","18":"shipping-taxable","19":"purchasable","20":"product-type-simple"},"acf":[],"_links":{"self":[{"href":"https:\/\/totalblue.ro\/fr\/wp-json\/wp\/v2\/product\/50563","targetHints":{"allow":["GET"]}}],"collection":[{"href":"https:\/\/totalblue.ro\/fr\/wp-json\/wp\/v2\/product"}],"about":[{"href":"https:\/\/totalblue.ro\/fr\/wp-json\/wp\/v2\/types\/product"}],"replies":[{"embeddable":true,"href":"https:\/\/totalblue.ro\/fr\/wp-json\/wp\/v2\/comments?post=50563"}],"wp:featuredmedia":[{"embeddable":true,"href":"https:\/\/totalblue.ro\/fr\/wp-json\/wp\/v2\/media\/50565"}],"wp:attachment":[{"href":"https:\/\/totalblue.ro\/fr\/wp-json\/wp\/v2\/media?parent=50563"}],"wp:term":[{"taxonomy":"product_brand","embeddable":true,"href":"https:\/\/totalblue.ro\/fr\/wp-json\/wp\/v2\/product_brand?post=50563"},{"taxonomy":"product_cat","embeddable":true,"href":"https:\/\/totalblue.ro\/fr\/wp-json\/wp\/v2\/product_cat?post=50563"},{"taxonomy":"giftcard-category","embeddable":true,"href":"https:\/\/totalblue.ro\/fr\/wp-json\/wp\/v2\/giftcard-category?post=50563"}],"curies":[{"name":"wp","href":"https:\/\/api.w.org\/{rel}","templated":true}]}}