{"id":53009,"date":"2022-05-25T13:59:23","date_gmt":"2022-05-25T10:59:23","guid":{"rendered":"https:\/\/totalblue.ro\/?post_type=product&#038;p=53009"},"modified":"2025-08-04T11:27:46","modified_gmt":"2025-08-04T08:27:46","slug":"douwe-egberts-aroma-rood-54-paduri-cafea-import-olanda","status":"publish","type":"product","link":"https:\/\/totalblue.ro\/fr\/produs\/douwe-egberts-aroma-rood-54-paduri-cafea-import-olanda\/","title":{"rendered":"Douwe Egberts Flavour rood 54 grains de caf\u00e9 importation caf\u00e9 Pays-Bas"},"content":{"rendered":"<p>Douwe Egberts Flavour rood 54 grains de caf\u00e9 importation caf\u00e9 Pays-Bas<\/p>\n<p>Pachet de cafea portionata si ambalata individual sub forma de paduri cu diametrul de 62mm. Se poate folosi la aparatele de tip Philips Senseo.<\/p>\n<p>Dupa deschidere, aroma si gustul se pastreaza timp de doua saptamani, cu conditia ca punga cu paduri sa fie bine inchisa sau padurile sa fie depozitate intr-o cutie\/borcan etans.<br \/>\nNota: ceasca de cafea poate fi fierbinte ! Douwe Egberts Aroma Rood poate fi fierbinte !<br \/>\nA nu se lasa la indemana copiilor.<br \/>\nAmbalaj: 1 pachet contine 54 de paduri de cafea Douwe Aroma Rood.<\/p>\n<p>Recommandations :<br \/>\nPreincalzeste ceasca de cafea cu apa fierbinte.<br \/>\nFoloseste intordeauna apa proaspata pentru rezervorul de apa.<br \/>\nCuratati aparatul de cafea in mod regulat.<\/p>\n<p>Producteur : JACOBS DOUWE EGBERTS B.V., Oosterdoksstraat 80, 1011 DK Amsterdam, Pays-Bas<br \/>\nImportateur et distributeur : Total Blue Impex SRL, Bucarest, Roumanie.<\/p>\n<div id=\"tab-additional_information\" class=\"woocommerce-Tabs-panel woocommerce-Tabs-panel--additional_information panel entry-content\" role=\"tabpanel\" aria-labelledby=\"tab-title-additional_information\"><\/div>","protected":false},"excerpt":{"rendered":"<p>Douwe Egberts Aroma rood 54 paduri cafea import Olanda Pachet de cafea portionata si ambalata individual sub forma de paduri cu diametrul de 62mm. Se poate folosi la aparatele de tip Philips Senseo. Dupa deschidere, aroma si gustul se pastreaza timp de doua saptamani, cu conditia ca punga cu paduri sa fie bine inchisa sau [&#8230;]\n","protected":false},"featured_media":53011,"comment_status":"open","ping_status":"closed","template":"","meta":{"_acf_changed":false,"_seopress_robots_primary_cat":"none","_seopress_titles_title":"Douwe Egberts paduri cafea compatibile Senseo, paduri cafea","_seopress_titles_desc":"Cauti paduri cafea compatibile Senseo? Cumpara acum ieftin Douwe Egberts paduri cafea compatibile Senseo, paduri cafea import Olanda, paduri.","_seopress_robots_index":""},"product_brand":[2079],"product_cat":[1555,1506,3320,1767],"giftcard-category":[],"class_list":{"0":"post-53009","1":"product","2":"type-product","3":"status-publish","4":"has-post-thumbnail","6":"product_brand-douwe-egberts","7":"product_cat-bacanie","8":"product_cat-cafea-ceai-mic-dejun","9":"product_cat-cafea-ceai-lapte","10":"product_cat-produse-olanda","12":"first","13":"outofstock","14":"taxable","15":"shipping-taxable","16":"purchasable","17":"product-type-simple"},"acf":[],"_links":{"self":[{"href":"https:\/\/totalblue.ro\/fr\/wp-json\/wp\/v2\/product\/53009","targetHints":{"allow":["GET"]}}],"collection":[{"href":"https:\/\/totalblue.ro\/fr\/wp-json\/wp\/v2\/product"}],"about":[{"href":"https:\/\/totalblue.ro\/fr\/wp-json\/wp\/v2\/types\/product"}],"replies":[{"embeddable":true,"href":"https:\/\/totalblue.ro\/fr\/wp-json\/wp\/v2\/comments?post=53009"}],"wp:featuredmedia":[{"embeddable":true,"href":"https:\/\/totalblue.ro\/fr\/wp-json\/wp\/v2\/media\/53011"}],"wp:attachment":[{"href":"https:\/\/totalblue.ro\/fr\/wp-json\/wp\/v2\/media?parent=53009"}],"wp:term":[{"taxonomy":"product_brand","embeddable":true,"href":"https:\/\/totalblue.ro\/fr\/wp-json\/wp\/v2\/product_brand?post=53009"},{"taxonomy":"product_cat","embeddable":true,"href":"https:\/\/totalblue.ro\/fr\/wp-json\/wp\/v2\/product_cat?post=53009"},{"taxonomy":"giftcard-category","embeddable":true,"href":"https:\/\/totalblue.ro\/fr\/wp-json\/wp\/v2\/giftcard-category?post=53009"}],"curies":[{"name":"wp","href":"https:\/\/api.w.org\/{rel}","templated":true}]}}