{"id":53043,"date":"2022-05-25T15:45:01","date_gmt":"2022-05-25T12:45:01","guid":{"rendered":"https:\/\/totalblue.ro\/?post_type=product&#038;p=53043"},"modified":"2023-11-16T18:21:18","modified_gmt":"2023-11-16T16:21:18","slug":"red-band-original-mix-jeleuri-de-fructe-cu-lemn-dulce-280-g-import-olanda","status":"publish","type":"product","link":"https:\/\/totalblue.ro\/fr\/produs\/red-band-original-mix-jeleuri-de-fructe-cu-lemn-dulce-280-g-import-olanda\/","title":{"rendered":"Red Band Original mix p\u00e2tes de fruits \u00e0 la r\u00e9glisse 280 g, import\u00e9 des Pays-Bas"},"content":{"rendered":"<p>Contine arome naturale<br \/>\nFara coloranti artificiali<br \/>\nSans gluten<br \/>\n100% reciclabil<br \/>\n<strong>Ingr\u00e9dient : <\/strong>Sirop de glucoza, zahar, amidon, gelatina, extract de radacina de lemn dulce, clorura de amoniu, acid (acid lactic), zahar caramelizat, uleiuri vegetale (nuca de cocos, rapita), arome naturale, concentrat de (morcov, coacaze negre), agent de glazurare (ceara de albine) , coloranti (extract de boia, curcumina).<br \/>\nConditii de pastrare: A se pastra intr-un loc intunecat si uscat. Protejati de caldura, maxim 25\u00b0C . Tineti punga inchisa dupa deschidere.<br \/>\n<strong>Valeurs nutritionnelles\/100g :<br \/>\n<\/strong>Energie 1412 kJ (334 kcal)<br \/>\nGrasimi 0.2 g din care grasimi saturate 0.2 g<br \/>\nGlucide 79 g din care zaharuri 46 g<br \/>\nProteine \u200b\u200b5.1 g<br \/>\nSel 0,03 g<\/p>\n<p>Red Band \/ Cloetta Holland BV Postbus 72, NL 4900 AB Oosterhout<br \/>\nImportateur et distributeur Total Blue Impex SRL<\/p>\n<p>&nbsp;<\/p>","protected":false},"excerpt":{"rendered":"<p>Contine arome naturale Fara coloranti artificiali Fara gluten 100% reciclabil Ingrediente: Sirop de glucoza, zahar, amidon, gelatina, extract de radacina de lemn dulce, clorura de amoniu, acid (acid lactic), zahar caramelizat, uleiuri vegetale (nuca de cocos, rapita), arome naturale, concentrat de (morcov, coacaze negre), agent de glazurare (ceara de albine) , coloranti (extract de boia, [&#8230;]\n","protected":false},"featured_media":53045,"comment_status":"open","ping_status":"closed","template":"","meta":{"_acf_changed":false,"_seopress_robots_primary_cat":"none","_seopress_titles_title":"","_seopress_titles_desc":"","_seopress_robots_index":""},"product_brand":[3722],"product_cat":[1555,3338,7021,1767],"giftcard-category":[],"class_list":{"0":"post-53043","1":"product","2":"type-product","3":"status-publish","4":"has-post-thumbnail","6":"product_brand-red-band","7":"product_cat-bacanie","8":"product_cat-dulciuri-snacksuri","9":"product_cat-dulciuri-snacks","10":"product_cat-produse-olanda","12":"first","13":"outofstock","14":"taxable","15":"shipping-taxable","16":"purchasable","17":"product-type-simple"},"acf":[],"_links":{"self":[{"href":"https:\/\/totalblue.ro\/fr\/wp-json\/wp\/v2\/product\/53043","targetHints":{"allow":["GET"]}}],"collection":[{"href":"https:\/\/totalblue.ro\/fr\/wp-json\/wp\/v2\/product"}],"about":[{"href":"https:\/\/totalblue.ro\/fr\/wp-json\/wp\/v2\/types\/product"}],"replies":[{"embeddable":true,"href":"https:\/\/totalblue.ro\/fr\/wp-json\/wp\/v2\/comments?post=53043"}],"wp:featuredmedia":[{"embeddable":true,"href":"https:\/\/totalblue.ro\/fr\/wp-json\/wp\/v2\/media\/53045"}],"wp:attachment":[{"href":"https:\/\/totalblue.ro\/fr\/wp-json\/wp\/v2\/media?parent=53043"}],"wp:term":[{"taxonomy":"product_brand","embeddable":true,"href":"https:\/\/totalblue.ro\/fr\/wp-json\/wp\/v2\/product_brand?post=53043"},{"taxonomy":"product_cat","embeddable":true,"href":"https:\/\/totalblue.ro\/fr\/wp-json\/wp\/v2\/product_cat?post=53043"},{"taxonomy":"giftcard-category","embeddable":true,"href":"https:\/\/totalblue.ro\/fr\/wp-json\/wp\/v2\/giftcard-category?post=53043"}],"curies":[{"name":"wp","href":"https:\/\/api.w.org\/{rel}","templated":true}]}}