{"id":53205,"date":"2022-05-26T12:39:04","date_gmt":"2022-05-26T09:39:04","guid":{"rendered":"https:\/\/totalblue.ro\/?post_type=product&#038;p=53205"},"modified":"2025-08-01T10:29:06","modified_gmt":"2025-08-01T07:29:06","slug":"piure-bio-bon-bebe-piersica-mar-banana-kiwi-12-luni-200g","status":"publish","type":"product","link":"https:\/\/totalblue.ro\/fr\/produs\/piure-bio-bon-bebe-piersica-mar-banana-kiwi-12-luni-200g\/","title":{"rendered":"Bon Bebe Organic Puree P\u00eache, Pomme, Banane, Kiwi 12+ mois, 200g"},"content":{"rendered":"<p>Chez Bonb\u00e9b\u00e9, nous comprenons que vous voulez ce qu'il y a de mieux pour votre b\u00e9b\u00e9. C'est pourquoi nous utilisons des ingr\u00e9dients soigneusement s\u00e9lectionn\u00e9s et dont la qualit\u00e9 est contr\u00f4l\u00e9e dans tous nos produits.<br \/>\nFormul\u00e9s par des nutritionnistes. En outre, nos produits ne contiennent que des sucres et des sels naturels.<br \/>\nNous proposons ainsi de bons produits afin que vous puissiez accorder toute votre attention \u00e0 votre enfant.<\/p>\n<p><strong>Bio<\/strong><br \/>\n<strong>\u2713 Piure<br \/>\n\u2713 V\u00e9g\u00e9tarien<br \/>\n<\/strong><\/p>\n<p>Piure BIO Bon Bebe cu piersici, mere, banane si kiwi pentru bebelusii cu varsta peste 12 luni.<br \/>\nUn d\u00e9licieux go\u00fbter pour b\u00e9b\u00e9 avec des ingr\u00e9dients purs et naturels.<br \/>\nContenu et poids : 200 grammes.<br \/>\n<strong>Ingr\u00e9dient<\/strong>: 32% piersici*, 27% mere*, apa, 13% banane*, 5% kiwi*, faina de orez*, vitamina C, *de origine BIO.<br \/>\nEmball\u00e9 dans un bocal en verre avec couvercle \u00e0 cliquer.<br \/>\nAvant de l'ouvrir, appuyez sur le couvercle. S'il n'y a pas de d\u00e9clic, n'utilisez pas le contenu !<br \/>\n<strong>Pr\u00e9paration<\/strong>M\u00e9langer le contenu et d\u00e9poser la quantit\u00e9 souhait\u00e9e sur une assiette. Utilisez une cuill\u00e8re en plastique pour cette op\u00e9ration.<br \/>\nConserver le reste du contenu scell\u00e9 au r\u00e9frig\u00e9rateur et l'utiliser dans les 24 heures.<br \/>\nNe pas r\u00e9utiliser les restes.<br \/>\n<strong>Valeurs nutritionnelles\/100g :<\/strong><br \/>\nEnergie 239 kJ (56 kcal)<br \/>\nGrasimi 0.2 g din care saturate 0.0 g<br \/>\nGlucide 11.9 g din care zaharuri 8.2 g<br \/>\nProt\u00e9ines 0,8 g<br \/>\nSare &lt;0.01 g<br \/>\nVitamina C 15 mg<\/p>\n<p>Fabriqu\u00e9 en Hollande par Bonb\u00e9b\u00e9, Num\u00e9ro de s\u00e9rie 3500, 4140 VH Beesd<br \/>\nImportateur et distributeur Total Blue Impex SRL<\/p>","protected":false},"excerpt":{"rendered":"<p>La Bonb\u00e9b\u00e9 intelegem ca iti doresti tot ce este mai bun pentru copilul tau. De aceea folosim ingrediente atent selectate si controlate de buna calitate in toate produsele noastre. Formulat de nutritionisti. In plus, produsele noastre contin numai zaharuri si saruri naturale. In acest fel oferim produse bune, astfel incat sa puteti acorda toata atentia [&#8230;]\n","protected":false},"featured_media":53207,"comment_status":"open","ping_status":"closed","template":"","meta":{"_acf_changed":false,"_seopress_robots_primary_cat":"1767","_seopress_titles_title":"Piure BIO pentru bebelusi Bon Bebe Morcov 4+ luni, 125g","_seopress_titles_desc":"Piure BIO Bon Bebe cu Morcovi pentru bebelusi cu varsta peste 4 luni. Mancarea are o savoare si textura ce contribuie la dezvoltarea gustului.","_seopress_robots_index":""},"product_brand":[7974],"product_cat":[1984,1520,5677,1767],"giftcard-category":[],"class_list":{"0":"post-53205","1":"product","2":"type-product","3":"status-publish","4":"has-post-thumbnail","6":"product_brand-bon-bebe","7":"product_cat-hrana-bebelusi","8":"product_cat-mama-copilul","9":"product_cat-mancare-si-accesorii-bebe","10":"product_cat-produse-olanda","12":"first","13":"outofstock","14":"taxable","15":"shipping-taxable","16":"purchasable","17":"product-type-simple"},"acf":[],"_links":{"self":[{"href":"https:\/\/totalblue.ro\/fr\/wp-json\/wp\/v2\/product\/53205","targetHints":{"allow":["GET"]}}],"collection":[{"href":"https:\/\/totalblue.ro\/fr\/wp-json\/wp\/v2\/product"}],"about":[{"href":"https:\/\/totalblue.ro\/fr\/wp-json\/wp\/v2\/types\/product"}],"replies":[{"embeddable":true,"href":"https:\/\/totalblue.ro\/fr\/wp-json\/wp\/v2\/comments?post=53205"}],"wp:featuredmedia":[{"embeddable":true,"href":"https:\/\/totalblue.ro\/fr\/wp-json\/wp\/v2\/media\/53207"}],"wp:attachment":[{"href":"https:\/\/totalblue.ro\/fr\/wp-json\/wp\/v2\/media?parent=53205"}],"wp:term":[{"taxonomy":"product_brand","embeddable":true,"href":"https:\/\/totalblue.ro\/fr\/wp-json\/wp\/v2\/product_brand?post=53205"},{"taxonomy":"product_cat","embeddable":true,"href":"https:\/\/totalblue.ro\/fr\/wp-json\/wp\/v2\/product_cat?post=53205"},{"taxonomy":"giftcard-category","embeddable":true,"href":"https:\/\/totalblue.ro\/fr\/wp-json\/wp\/v2\/giftcard-category?post=53205"}],"curies":[{"name":"wp","href":"https:\/\/api.w.org\/{rel}","templated":true}]}}