{"id":53225,"date":"2022-05-26T12:58:39","date_gmt":"2022-05-26T09:58:39","guid":{"rendered":"https:\/\/totalblue.ro\/?post_type=product&#038;p=53225"},"modified":"2025-08-01T10:28:57","modified_gmt":"2025-08-01T07:28:57","slug":"piure-bio-bon-bebe-cu-banane-mere-si-biscuiti-8-luni-200g","status":"publish","type":"product","link":"https:\/\/totalblue.ro\/fr\/produs\/piure-bio-bon-bebe-cu-banane-mere-si-biscuiti-8-luni-200g\/","title":{"rendered":"Piure BIO Bon Bebe cu banane, mere si biscuiti 8+ luni, 200g"},"content":{"rendered":"<p>Chez Bonb\u00e9b\u00e9, nous comprenons que vous voulez ce qu'il y a de mieux pour votre b\u00e9b\u00e9. C'est pourquoi nous utilisons des ingr\u00e9dients soigneusement s\u00e9lectionn\u00e9s et dont la qualit\u00e9 est contr\u00f4l\u00e9e dans tous nos produits.<br \/>\nFormul\u00e9s par des nutritionnistes. En outre, nos produits ne contiennent que des sucres et des sels naturels.<br \/>\nNous proposons ainsi de bons produits afin que vous puissiez accorder toute votre attention \u00e0 votre enfant.<\/p>\n<p><strong>Bio<\/strong><br \/>\n<strong>\u2713 Piure<\/strong><\/p>\n<p>Piure BIO Bon Bebe cu banane, mere si biscuiti pentru bebelusii cu varsta peste 8 luni.<br \/>\nUn d\u00e9licieux go\u00fbter pour b\u00e9b\u00e9 avec des ingr\u00e9dients purs et naturels.<br \/>\nContenu et poids : 200 grammes.<br \/>\n<strong>Ingr\u00e9dient<\/strong>: apa, 42% banane*, 5,5% mere*, 4,5% biscuiti (faina de GRAU*, zahar*, ulei de floarea soarelui*, unt (LAPTE)*, lapte praf degresat (LAPTE)*, extract de malt de ORZ*, agent de fermentare : E503 \/E500\/E336, emulgator: lecitin\u0103 de floarea soarelui*, arom\u0103 natural\u0103, vitamina B1*), f\u0103in\u0103 de orez*, suc concentrat de l\u0103m\u00e2ie*, vitamina C, *de origine BIO.<br \/>\n<strong>Allerg\u00e8nes<\/strong>: Lapte si produse pe baza de lapte, Cereale care contin gluten, Orz si produse din orz (cereale care contin gluten), Lactoza, Grau si produse pe baza de grau.<br \/>\nEmball\u00e9 dans un bocal en verre avec couvercle \u00e0 cliquer.<br \/>\nAvant de l'ouvrir, appuyez sur le couvercle. S'il n'y a pas de d\u00e9clic, n'utilisez pas le contenu !<br \/>\nMod de preparare: Amestecati continutul si puneti cantitatea dorita pe o farfurie. Folositi o lingura de plastic pentru aceasta operatie.<br \/>\nConserver le reste du contenu scell\u00e9 au r\u00e9frig\u00e9rateur et l'utiliser dans les 24 heures.<br \/>\nNe pas r\u00e9utiliser les restes.<br \/>\n<strong>Valeurs nutritionnelles\/100g :<\/strong><br \/>\nEnergie 286 kJ (68 kcal)<br \/>\nGrasimi 0.5 g din care saturate 0.1 g<br \/>\nGlucide 14 g din care zaharuri 8.9 g<br \/>\nProt\u00e9ines 1 g<br \/>\nSare 0.01 g<br \/>\nVitamina C 15 mg<\/p>\n<p>Fabriqu\u00e9 en Hollande par Bonb\u00e9b\u00e9, Num\u00e9ro de s\u00e9rie 3500, 4140 VH Beesd<br \/>\nImportateur et distributeur Total Blue Impex SRL<\/p>","protected":false},"excerpt":{"rendered":"<p>La Bonb\u00e9b\u00e9 intelegem ca iti doresti tot ce este mai bun pentru copilul tau. De aceea folosim ingrediente atent selectate si controlate de buna calitate in toate produsele noastre. Formulat de nutritionisti. In plus, produsele noastre contin numai zaharuri si saruri naturale. In acest fel oferim produse bune, astfel incat sa puteti acorda toata atentia [&#8230;]\n","protected":false},"featured_media":53227,"comment_status":"open","ping_status":"closed","template":"","meta":{"_acf_changed":false,"_seopress_robots_primary_cat":"1767","_seopress_titles_title":"Piure BIO Bon Bebe cu banane, mere si biscuiti 8+ luni, 200g","_seopress_titles_desc":"Piure BIO Bon Bebe cu banane, mere si biscuiti pentru bebelusii cu varsta peste 8 luni.\r\nO gustare delicioasa pentru bebelusi cu ingrediente pure si naturale.","_seopress_robots_index":""},"product_brand":[7974],"product_cat":[1984,1520,5677,1767],"giftcard-category":[],"class_list":{"0":"post-53225","1":"product","2":"type-product","3":"status-publish","4":"has-post-thumbnail","6":"product_brand-bon-bebe","7":"product_cat-hrana-bebelusi","8":"product_cat-mama-copilul","9":"product_cat-mancare-si-accesorii-bebe","10":"product_cat-produse-olanda","12":"first","13":"outofstock","14":"taxable","15":"shipping-taxable","16":"purchasable","17":"product-type-simple"},"acf":[],"_links":{"self":[{"href":"https:\/\/totalblue.ro\/fr\/wp-json\/wp\/v2\/product\/53225","targetHints":{"allow":["GET"]}}],"collection":[{"href":"https:\/\/totalblue.ro\/fr\/wp-json\/wp\/v2\/product"}],"about":[{"href":"https:\/\/totalblue.ro\/fr\/wp-json\/wp\/v2\/types\/product"}],"replies":[{"embeddable":true,"href":"https:\/\/totalblue.ro\/fr\/wp-json\/wp\/v2\/comments?post=53225"}],"wp:featuredmedia":[{"embeddable":true,"href":"https:\/\/totalblue.ro\/fr\/wp-json\/wp\/v2\/media\/53227"}],"wp:attachment":[{"href":"https:\/\/totalblue.ro\/fr\/wp-json\/wp\/v2\/media?parent=53225"}],"wp:term":[{"taxonomy":"product_brand","embeddable":true,"href":"https:\/\/totalblue.ro\/fr\/wp-json\/wp\/v2\/product_brand?post=53225"},{"taxonomy":"product_cat","embeddable":true,"href":"https:\/\/totalblue.ro\/fr\/wp-json\/wp\/v2\/product_cat?post=53225"},{"taxonomy":"giftcard-category","embeddable":true,"href":"https:\/\/totalblue.ro\/fr\/wp-json\/wp\/v2\/giftcard-category?post=53225"}],"curies":[{"name":"wp","href":"https:\/\/api.w.org\/{rel}","templated":true}]}}