{"id":53327,"date":"2022-05-26T16:50:12","date_gmt":"2022-05-26T13:50:12","guid":{"rendered":"https:\/\/totalblue.ro\/?post_type=product&#038;p=53327"},"modified":"2025-08-14T13:04:21","modified_gmt":"2025-08-14T10:04:21","slug":"sesame-blanc-grille-du-jardin-de-bambou","status":"publish","type":"product","link":"https:\/\/totalblue.ro\/fr\/produs\/bamboo-garden-susan-alb-prajit\/","title":{"rendered":"S\u00e9same blanc grill\u00e9 de Bamboo Garden, 200 g"},"content":{"rendered":"<p>Ingr\u00e9dients : Susan blanche<br \/>\nLe Susan est l'une des plus anciennes cultures du monde et occupe une place particuli\u00e8re dans la cuisine asiatique traditionnelle.<br \/>\nApr\u00e8s la r\u00e9colte, les graines de s\u00e9same sont nettoy\u00e9es et torr\u00e9fi\u00e9es, ce qui donne au s\u00e9same sa saveur l\u00e9g\u00e8rement noiset\u00e9e.<br \/>\nLes graines de s\u00e9same grill\u00e9es peuvent \u00eatre utilis\u00e9es de multiples fa\u00e7ons comme assaisonnement pour le riz, les l\u00e9gumes, les nouilles saut\u00e9es et les plats au wok.<br \/>\nD\u00e9coratives et d\u00e9licieuses, les graines de s\u00e9same grill\u00e9es sont id\u00e9ales pour la pr\u00e9paration des sushis.<br \/>\nValeurs nutritionnelles pour 100 g :<br \/>\n\u00c9nergie 2598 kJ (629 kcal)<br \/>\nGraisses 55 g dont 8,1 g de graisses satur\u00e9es<br \/>\nGlucides 9,3 g dont sucres 0,2 g<br \/>\nProt\u00e9ines 19 g<br \/>\nSel 0,10 g<\/p>","protected":false},"excerpt":{"rendered":"<p>Ingrediente: Susan alb Susanul este una dintre cele mai vechi culturi din lume si are un loc special in bucataria traditionala asiatica Dupa recoltare, semintele de susan sunt curatate si prajite, ceea ce confera susanului aroma sa usor de nuca. Semintele de susan prajite pot fi folosite in multe feluri ca un condiment delicios pentru [&#8230;]\n","protected":false},"featured_media":133158,"comment_status":"open","ping_status":"closed","template":"","meta":{"_acf_changed":false,"_seopress_robots_primary_cat":"none","_seopress_titles_title":"","_seopress_titles_desc":"","_seopress_robots_index":""},"product_brand":[23527],"product_cat":[1555,3380,1451,21674,17494,1950],"giftcard-category":[],"class_list":{"0":"post-53327","1":"product","2":"type-product","3":"status-publish","4":"has-post-thumbnail","6":"product_brand-bamboo-garden","7":"product_cat-bacanie","8":"product_cat-condimente-sosuri-produse-germania","9":"product_cat-condimente-produse-instant","10":"product_cat-condimente-sosuri-influente-asiatice","11":"product_cat-influente-asiatice","12":"product_cat-produse-germania","14":"first","15":"instock","16":"taxable","17":"shipping-taxable","18":"purchasable","19":"product-type-simple"},"acf":[],"_links":{"self":[{"href":"https:\/\/totalblue.ro\/fr\/wp-json\/wp\/v2\/product\/53327","targetHints":{"allow":["GET"]}}],"collection":[{"href":"https:\/\/totalblue.ro\/fr\/wp-json\/wp\/v2\/product"}],"about":[{"href":"https:\/\/totalblue.ro\/fr\/wp-json\/wp\/v2\/types\/product"}],"replies":[{"embeddable":true,"href":"https:\/\/totalblue.ro\/fr\/wp-json\/wp\/v2\/comments?post=53327"}],"wp:featuredmedia":[{"embeddable":true,"href":"https:\/\/totalblue.ro\/fr\/wp-json\/wp\/v2\/media\/133158"}],"wp:attachment":[{"href":"https:\/\/totalblue.ro\/fr\/wp-json\/wp\/v2\/media?parent=53327"}],"wp:term":[{"taxonomy":"product_brand","embeddable":true,"href":"https:\/\/totalblue.ro\/fr\/wp-json\/wp\/v2\/product_brand?post=53327"},{"taxonomy":"product_cat","embeddable":true,"href":"https:\/\/totalblue.ro\/fr\/wp-json\/wp\/v2\/product_cat?post=53327"},{"taxonomy":"giftcard-category","embeddable":true,"href":"https:\/\/totalblue.ro\/fr\/wp-json\/wp\/v2\/giftcard-category?post=53327"}],"curies":[{"name":"wp","href":"https:\/\/api.w.org\/{rel}","templated":true}]}}