{"id":54304,"date":"2022-06-06T15:36:36","date_gmt":"2022-06-06T12:36:36","guid":{"rendered":"https:\/\/totalblue.ro\/?post_type=product&#038;p=54304"},"modified":"2026-03-17T13:04:11","modified_gmt":"2026-03-17T11:04:11","slug":"calve-partysaus-whiskey-cocktail-320ml-sos-cremos-import-olanda","status":"publish","type":"product","link":"https:\/\/totalblue.ro\/fr\/produs\/calve-partysaus-whiskey-cocktail-320ml-sos-cremos-import-olanda\/","title":{"rendered":"Cocktail de whisky Calv\u00e9 Partysaus Partysaus 320ml, sauce \u00e0 la cr\u00e8me import\u00e9e de Hollande"},"content":{"rendered":"<p>Calv\u00e9 este un sos delicios si cremos, ideal pentru gratare reusite.<\/p>\n<p>Ingrediente Rosii 31%, apa, ulei de rapita, otet, zahar, amidon de porumb modificat, sirop de glucoza, mustar 2% (apa, deminte de mustar, otet, sare, aroma, condimente), galbenus de ou (free-range), sare, worcestershire sos (apa, sirop de glucoza, zahar, otet de malt (orz), sare, arome, ceapa, ansoa, suc concentrat de lamaie, condimente, ierburi, ulei de floarea soarelui, pudra de usturoi), whisky 0,5%, praf de boia de ardei, antioxidant E385, conservant E200 , aroma naturala (contine orz, lapte).<br \/>\nAlergeni: Ou, Peste, Lapte, Gluten, mustar.<\/p>\n<p>Valeurs nutritionnelles \/ 100 g :<br \/>\nEnergie 765 kJ (183 kcal)<br \/>\nGrasimi 14 g din care grasimi saturate 1.2 g<br \/>\nGlucide 13 g din care zaharuri 7 g<br \/>\nProteine 0,7 g<br \/>\nSare 1.3 g<\/p>\n<p>Producator: Calv\u00e9 Consumentenservice Unilever Nederland<br \/>\nAddressinformation: PO Box 160, Zip Code: 3000 AD, Location: Rotterdam, Country: the Netherlands<br \/>\nImportateur : Total Blue Impex SRL<\/p>","protected":false},"excerpt":{"rendered":"<p>Calv\u00e9 este un sos delicios si cremos, ideal pentru gratare reusite. Ingrediente Rosii 31%, apa, ulei de rapita, otet, zahar, amidon de porumb modificat, sirop de glucoza, mustar 2% (apa, deminte de mustar, otet, sare, aroma, condimente), galbenus de ou (free-range), sare, worcestershire sos (apa, sirop de glucoza, zahar, otet de malt (orz), sare, arome, [&#8230;]\n","protected":false},"featured_media":54307,"comment_status":"open","ping_status":"closed","template":"","meta":{"_acf_changed":false,"_seopress_robots_primary_cat":"none","_seopress_titles_title":"","_seopress_titles_desc":"","_seopress_robots_index":""},"product_brand":[2004],"product_cat":[1555,3280,1767],"giftcard-category":[],"class_list":{"0":"post-54304","1":"product","2":"type-product","3":"status-publish","4":"has-post-thumbnail","6":"product_brand-calve","7":"product_cat-bacanie","8":"product_cat-condimente-sosuri","9":"product_cat-produse-olanda","11":"first","12":"instock","13":"taxable","14":"shipping-taxable","15":"purchasable","16":"product-type-simple"},"acf":[],"_links":{"self":[{"href":"https:\/\/totalblue.ro\/fr\/wp-json\/wp\/v2\/product\/54304","targetHints":{"allow":["GET"]}}],"collection":[{"href":"https:\/\/totalblue.ro\/fr\/wp-json\/wp\/v2\/product"}],"about":[{"href":"https:\/\/totalblue.ro\/fr\/wp-json\/wp\/v2\/types\/product"}],"replies":[{"embeddable":true,"href":"https:\/\/totalblue.ro\/fr\/wp-json\/wp\/v2\/comments?post=54304"}],"wp:featuredmedia":[{"embeddable":true,"href":"https:\/\/totalblue.ro\/fr\/wp-json\/wp\/v2\/media\/54307"}],"wp:attachment":[{"href":"https:\/\/totalblue.ro\/fr\/wp-json\/wp\/v2\/media?parent=54304"}],"wp:term":[{"taxonomy":"product_brand","embeddable":true,"href":"https:\/\/totalblue.ro\/fr\/wp-json\/wp\/v2\/product_brand?post=54304"},{"taxonomy":"product_cat","embeddable":true,"href":"https:\/\/totalblue.ro\/fr\/wp-json\/wp\/v2\/product_cat?post=54304"},{"taxonomy":"giftcard-category","embeddable":true,"href":"https:\/\/totalblue.ro\/fr\/wp-json\/wp\/v2\/giftcard-category?post=54304"}],"curies":[{"name":"wp","href":"https:\/\/api.w.org\/{rel}","templated":true}]}}