{"id":54476,"date":"2022-06-07T13:42:30","date_gmt":"2022-06-07T10:42:30","guid":{"rendered":"https:\/\/totalblue.ro\/?post_type=product&#038;p=54476"},"modified":"2026-02-27T13:33:29","modified_gmt":"2026-02-27T11:33:29","slug":"fulgi-de-ciocolata-de-ruijter-specials-hagelslag-intens-puur-olanda-200g","status":"publish","type":"product","link":"https:\/\/totalblue.ro\/fr\/produs\/fulgi-de-ciocolata-de-ruijter-specials-hagelslag-intens-puur-olanda-200g\/","title":{"rendered":"Paillettes de chocolat De Ruijter Specials hagelslag intense puur - Pays-Bas 200g"},"content":{"rendered":"<p>De Ruijter Specials hagelslag intens puur contine cu 60% mai multa cacao decat De Ruijter Puur.<br \/>\n<strong>Ingr\u00e9dient :<\/strong> pudra de cacao degresata, zahar, unt de cacao, grasime din lapte fractionat (fractiune tare), emulgator (lecitina de soia), Rainforest Alliance Certified\u2122.<br \/>\n<strong>Cacao certificat\u0103 Rainforest Alliance<br \/>\n<\/strong>Peut contenir des traces de prot\u00e9ines de lait et de lactose.<br \/>\n<strong>Allerg\u00e8nes :<\/strong> lapte, soia.Poate contine lactoza.<br \/>\nStockage : Conserver dans un endroit sec \u00e0 temp\u00e9rature ambiante. Ne pas consommer avant la date indiqu\u00e9e sur l'emballage.<br \/>\n<strong>Nutrition\/100g :<\/strong><br \/>\nCes valeurs s'appliquent au produit non pr\u00e9par\u00e9.<br \/>\nValeurs nutritionnelles pour 100 g :<br \/>\nEnergie 1775 kJ (420 kcal)<br \/>\nGr\u0103sime 20 g din care satura\u021bi 12 g<br \/>\nCarbohidra\u021bi 48 g din care zaharuri 43 g<br \/>\nProteine \u200b\u200b8.9 g<br \/>\nSel 0 g<\/p>\n<p>Fabriqu\u00e9 aux Pays-Bas par De Ruijter Consumentenservice<br \/>\nGustav Mahlerlaan 1228 1081 LA Amsterdam Postbus 87118 1080 JC Amsterdam<br \/>\n1080 JC Amsterdam<br \/>\nImportateur et distributeur Total Blue Impex SRL<br \/>\n<a href=\"https:\/\/totalblue.ro\/wp-content\/uploads\/2020\/12\/Rainforest-Alliance.jpeg\"><img loading=\"lazy\" decoding=\"async\" class=\"alignnone wp-image-27609\" src=\"https:\/\/totalblue.ro\/wp-content\/uploads\/2020\/12\/Rainforest-Alliance-699x400.jpeg\" alt=\"\" width=\"252\" height=\"144\" srcset=\"https:\/\/totalblue.ro\/wp-content\/uploads\/2020\/12\/Rainforest-Alliance-699x400.jpeg 699w, https:\/\/totalblue.ro\/wp-content\/uploads\/2020\/12\/Rainforest-Alliance-510x292.jpeg 510w, https:\/\/totalblue.ro\/wp-content\/uploads\/2020\/12\/Rainforest-Alliance-768x440.jpeg 768w, https:\/\/totalblue.ro\/wp-content\/uploads\/2020\/12\/Rainforest-Alliance-600x343.jpeg 600w, https:\/\/totalblue.ro\/wp-content\/uploads\/2020\/12\/Rainforest-Alliance-100x57.jpeg 100w, https:\/\/totalblue.ro\/wp-content\/uploads\/2020\/12\/Rainforest-Alliance.jpeg 959w\" sizes=\"auto, (max-width: 252px) 100vw, 252px\" \/><\/a><\/p>","protected":false},"excerpt":{"rendered":"<p>De Ruijter Specials hagelslag intens puur contine cu 60% mai multa cacao decat De Ruijter Puur. Ingrediente: pudra de cacao degresata, zahar, unt de cacao, grasime din lapte fractionat (fractiune tare), emulgator (lecitina de soia), Rainforest Alliance Certified\u2122. Cacao certificat\u0103 Rainforest Alliance Poate contine urme de proteine \u200b\u200bdin lapte si lactoza. Alergeni: lapte, soia.Poate contine [&#8230;]\n","protected":false},"featured_media":217408,"comment_status":"open","ping_status":"closed","template":"","meta":{"_acf_changed":false,"_seopress_robots_primary_cat":"none","_seopress_titles_title":"","_seopress_titles_desc":"","_seopress_robots_index":""},"product_brand":[1823],"product_cat":[1555,1506,3338,3304,1767],"giftcard-category":[],"class_list":{"0":"post-54476","1":"product","2":"type-product","3":"status-publish","4":"has-post-thumbnail","6":"product_brand-de-ruijter","7":"product_cat-bacanie","8":"product_cat-cafea-ceai-mic-dejun","9":"product_cat-dulciuri-snacksuri","10":"product_cat-mic-dejun-produse-olanda","11":"product_cat-produse-olanda","13":"first","14":"outofstock","15":"taxable","16":"shipping-taxable","17":"purchasable","18":"product-type-simple"},"acf":[],"_links":{"self":[{"href":"https:\/\/totalblue.ro\/fr\/wp-json\/wp\/v2\/product\/54476","targetHints":{"allow":["GET"]}}],"collection":[{"href":"https:\/\/totalblue.ro\/fr\/wp-json\/wp\/v2\/product"}],"about":[{"href":"https:\/\/totalblue.ro\/fr\/wp-json\/wp\/v2\/types\/product"}],"replies":[{"embeddable":true,"href":"https:\/\/totalblue.ro\/fr\/wp-json\/wp\/v2\/comments?post=54476"}],"wp:featuredmedia":[{"embeddable":true,"href":"https:\/\/totalblue.ro\/fr\/wp-json\/wp\/v2\/media\/217408"}],"wp:attachment":[{"href":"https:\/\/totalblue.ro\/fr\/wp-json\/wp\/v2\/media?parent=54476"}],"wp:term":[{"taxonomy":"product_brand","embeddable":true,"href":"https:\/\/totalblue.ro\/fr\/wp-json\/wp\/v2\/product_brand?post=54476"},{"taxonomy":"product_cat","embeddable":true,"href":"https:\/\/totalblue.ro\/fr\/wp-json\/wp\/v2\/product_cat?post=54476"},{"taxonomy":"giftcard-category","embeddable":true,"href":"https:\/\/totalblue.ro\/fr\/wp-json\/wp\/v2\/giftcard-category?post=54476"}],"curies":[{"name":"wp","href":"https:\/\/api.w.org\/{rel}","templated":true}]}}