{"id":54489,"date":"2022-06-07T14:19:11","date_gmt":"2022-06-07T11:19:11","guid":{"rendered":"https:\/\/totalblue.ro\/?post_type=product&#038;p=54489"},"modified":"2026-03-07T00:15:24","modified_gmt":"2026-03-06T22:15:24","slug":"de-ruijter-hagelfeest-390-g-import-olanda","status":"publish","type":"product","link":"https:\/\/totalblue.ro\/fr\/produs\/de-ruijter-hagelfeest-390-g-import-olanda\/","title":{"rendered":"De Ruijter Hagelfeest 390 g, import Olanda"},"content":{"rendered":"<p><strong>Ingr\u00e9dient :<\/strong> zahar, pudra de cacao degresata*, grasime de samburi de palmier complet hidrogenata, unt de cacao*, amidon de grau, zer praf (lapte), emulgator (lecitina de soia), grasime de lapte fractionat (fractiune tare), aroma (contine lapte), *Rainforest Alliance Certified\u1d40\u1d39.<br \/>\n<strong>Cacao certificat\u0103 Rainforest Alliance<\/strong><br \/>\n<strong>Allerg\u00e8nes :<\/strong> Contine: lapte, soia, grau, cereale care contin gluten.<br \/>\nStockage : Conserver dans un endroit sec \u00e0 temp\u00e9rature ambiante. Ne pas consommer avant la date indiqu\u00e9e sur l'emballage.<br \/>\nContenu et poids : 390 grammes, emball\u00e9 dans une bo\u00eete en carton.<br \/>\nTaille des portions : 20 g par portion. Nombre de portions : 19.<br \/>\n<strong>Nutrition\/100g :<\/strong><br \/>\nCes valeurs s'appliquent au produit non pr\u00e9par\u00e9.<br \/>\nEnergie 1868 kJ \/ 442 kcal<br \/>\nGrasimi 14 g din care grasimi saturate 10 g<br \/>\nGlucide 76 g din care zaharuri 72 g<br \/>\nProteine \u200b\u200b2,8 g<br \/>\nSel 0,01 g<\/p>\n<p>Fabriqu\u00e9 aux Pays-Bas par De Ruijter Consumentenservice<br \/>\nGustav Mahlerlaan 1228 1081 LA Amsterdam Postbus 87118 1080 JC Amsterdam<br \/>\n1080 JC Amsterdam<br \/>\nImportateur et distributeur Total Blue Impex SRL<br \/>\n<a href=\"https:\/\/totalblue.ro\/wp-content\/uploads\/2020\/12\/Rainforest-Alliance.jpeg\"><img loading=\"lazy\" decoding=\"async\" class=\"alignnone wp-image-27609\" src=\"https:\/\/totalblue.ro\/wp-content\/uploads\/2020\/12\/Rainforest-Alliance-699x400.jpeg\" alt=\"\" width=\"252\" height=\"144\" srcset=\"https:\/\/totalblue.ro\/wp-content\/uploads\/2020\/12\/Rainforest-Alliance-699x400.jpeg 699w, https:\/\/totalblue.ro\/wp-content\/uploads\/2020\/12\/Rainforest-Alliance-510x292.jpeg 510w, https:\/\/totalblue.ro\/wp-content\/uploads\/2020\/12\/Rainforest-Alliance-768x440.jpeg 768w, https:\/\/totalblue.ro\/wp-content\/uploads\/2020\/12\/Rainforest-Alliance-600x343.jpeg 600w, https:\/\/totalblue.ro\/wp-content\/uploads\/2020\/12\/Rainforest-Alliance-100x57.jpeg 100w, https:\/\/totalblue.ro\/wp-content\/uploads\/2020\/12\/Rainforest-Alliance.jpeg 959w\" sizes=\"auto, (max-width: 252px) 100vw, 252px\" \/><\/a><\/p>","protected":false},"excerpt":{"rendered":"<p>&nbsp;<\/p>\n<div id=\"simple-translate\">\n<div>\n<div class=\"simple-translate-button isShow\" style=\"height: 22px;width: 22px\"><\/div>\n<div class=\"simple-translate-panel\" style=\"width: 300px;height: 200px;font-size: 13px;background-color: #ffffff\">\n<div class=\"simple-translate-result-wrapper\" style=\"overflow: hidden\">\n<div class=\"simple-translate-move\"><\/div>\n<div class=\"simple-translate-result-contents\">\n<p class=\"simple-translate-candidate\" dir=\"auto\" style=\"color: #737373\">\n<\/div>\n<\/div>\n<\/div>\n<\/div>\n<\/div>","protected":false},"featured_media":54492,"comment_status":"open","ping_status":"closed","template":"","meta":{"_acf_changed":false,"_seopress_robots_primary_cat":"none","_seopress_titles_title":"","_seopress_titles_desc":"","_seopress_robots_index":""},"product_brand":[1823],"product_cat":[1555,1506,3338,3304,1767],"giftcard-category":[],"class_list":{"0":"post-54489","1":"product","2":"type-product","3":"status-publish","4":"has-post-thumbnail","6":"product_brand-de-ruijter","7":"product_cat-bacanie","8":"product_cat-cafea-ceai-mic-dejun","9":"product_cat-dulciuri-snacksuri","10":"product_cat-mic-dejun-produse-olanda","11":"product_cat-produse-olanda","13":"first","14":"outofstock","15":"taxable","16":"shipping-taxable","17":"purchasable","18":"product-type-simple"},"acf":[],"_links":{"self":[{"href":"https:\/\/totalblue.ro\/fr\/wp-json\/wp\/v2\/product\/54489","targetHints":{"allow":["GET"]}}],"collection":[{"href":"https:\/\/totalblue.ro\/fr\/wp-json\/wp\/v2\/product"}],"about":[{"href":"https:\/\/totalblue.ro\/fr\/wp-json\/wp\/v2\/types\/product"}],"replies":[{"embeddable":true,"href":"https:\/\/totalblue.ro\/fr\/wp-json\/wp\/v2\/comments?post=54489"}],"wp:featuredmedia":[{"embeddable":true,"href":"https:\/\/totalblue.ro\/fr\/wp-json\/wp\/v2\/media\/54492"}],"wp:attachment":[{"href":"https:\/\/totalblue.ro\/fr\/wp-json\/wp\/v2\/media?parent=54489"}],"wp:term":[{"taxonomy":"product_brand","embeddable":true,"href":"https:\/\/totalblue.ro\/fr\/wp-json\/wp\/v2\/product_brand?post=54489"},{"taxonomy":"product_cat","embeddable":true,"href":"https:\/\/totalblue.ro\/fr\/wp-json\/wp\/v2\/product_cat?post=54489"},{"taxonomy":"giftcard-category","embeddable":true,"href":"https:\/\/totalblue.ro\/fr\/wp-json\/wp\/v2\/giftcard-category?post=54489"}],"curies":[{"name":"wp","href":"https:\/\/api.w.org\/{rel}","templated":true}]}}