{"id":54513,"date":"2022-06-07T15:54:00","date_gmt":"2022-06-07T12:54:00","guid":{"rendered":"https:\/\/totalblue.ro\/?post_type=product&#038;p=54513"},"modified":"2026-02-05T09:47:24","modified_gmt":"2026-02-05T07:47:24","slug":"maggi-sos-mix-sunca-si-branza-39g-instant-import-olanda","status":"publish","type":"product","link":"https:\/\/totalblue.ro\/fr\/produs\/maggi-sos-mix-sunca-si-branza-39g-instant-import-olanda\/","title":{"rendered":"Maggi sos mix sunca si branza 39g, instant import Olanda"},"content":{"rendered":"<div id=\"content_tab_description\" class=\"tab-content tab-description\">\n<div class=\"tab-content-inner\">Ingrediente: Amidon (mazare, porumb), ulei de floarea soarelui, branza 16%, arome (con\u021bine lapte, gluten), sare iodata, sirop de glucoza, proteine \u200b\u200bdin lapte, extract de drojdie, arpagic 1,4%, ceapa 1,3%, zer praf, turmeric, fum aromatizare. Poate contine telina, ou, mustar, soia.<br \/>\nAlergeni : contine: cereale care contin gluten, lapte.<br \/>\nPoate contine: telina, oua, mustar, soia<\/div>\n<\/div>\n<div><\/div>\n<div>Pr\u00e9paration en 5 minutes :<br \/>\n1) Mettre 250 ml d'eau froide dans une casserole.<br \/>\n2) Ajouter le contenu du sachet. Porter \u00e0 \u00e9bullition en remuant \u00e0 l'aide d'un fouet.<\/div>\n<div>Il n'est pas n\u00e9cessaire d'ajouter du sel.<\/div>\n<div id=\"content_tab_description\" class=\"tab-content tab-description\">\n<div><\/div>\n<div>Valeurs nutritionnelles pour 100g :<br \/>\nCes valeurs s'appliquent au produit non pr\u00e9par\u00e9.<\/div>\n<div>Energie 1971 kJ (471 kcal)<br \/>\nGrasimi 26 g din care grasimi saturate 14.5 g<br \/>\nGlucide 49.1 g din care zaharuri 6.4 g<br \/>\nFibre alimentare 0.7 g<br \/>\nProt\u00e9ines 10 g<br \/>\nSare 7.8 g<\/div>\n<\/div>\n<div><\/div>\n<div>Fabriqu\u00e9 par Nestl\u00e9 Nederland, Postbus 134, 1180 AC Amstelveen, Pays-Bas.<br \/>\nImportateur et distributeur Total Blue Impex SRL<\/div>\n<div><\/div>","protected":false},"excerpt":{"rendered":"<p>Ingrediente: Amidon (mazare, porumb), ulei de floarea soarelui, branza 16%, arome (con\u021bine lapte, gluten), sare iodata, sirop de glucoza, proteine \u200b\u200bdin lapte, extract de drojdie, arpagic 1,4%, ceapa 1,3%, zer praf, turmeric, fum aromatizare. Poate contine telina, ou, mustar, soia. Alergeni : contine: cereale care contin gluten, lapte. Poate contine: telina, oua, mustar, soia Mod [&#8230;]\n","protected":false},"featured_media":54517,"comment_status":"open","ping_status":"closed","template":"","meta":{"_acf_changed":false,"_seopress_robots_primary_cat":"none","_seopress_titles_title":"","_seopress_titles_desc":"","_seopress_robots_index":""},"product_brand":[1869],"product_cat":[1555,1451,3280,1767],"giftcard-category":[],"class_list":{"0":"post-54513","1":"product","2":"type-product","3":"status-publish","4":"has-post-thumbnail","6":"product_brand-maggi","7":"product_cat-bacanie","8":"product_cat-condimente-produse-instant","9":"product_cat-condimente-sosuri","10":"product_cat-produse-olanda","12":"first","13":"instock","14":"taxable","15":"shipping-taxable","16":"purchasable","17":"product-type-simple"},"acf":[],"_links":{"self":[{"href":"https:\/\/totalblue.ro\/fr\/wp-json\/wp\/v2\/product\/54513","targetHints":{"allow":["GET"]}}],"collection":[{"href":"https:\/\/totalblue.ro\/fr\/wp-json\/wp\/v2\/product"}],"about":[{"href":"https:\/\/totalblue.ro\/fr\/wp-json\/wp\/v2\/types\/product"}],"replies":[{"embeddable":true,"href":"https:\/\/totalblue.ro\/fr\/wp-json\/wp\/v2\/comments?post=54513"}],"wp:featuredmedia":[{"embeddable":true,"href":"https:\/\/totalblue.ro\/fr\/wp-json\/wp\/v2\/media\/54517"}],"wp:attachment":[{"href":"https:\/\/totalblue.ro\/fr\/wp-json\/wp\/v2\/media?parent=54513"}],"wp:term":[{"taxonomy":"product_brand","embeddable":true,"href":"https:\/\/totalblue.ro\/fr\/wp-json\/wp\/v2\/product_brand?post=54513"},{"taxonomy":"product_cat","embeddable":true,"href":"https:\/\/totalblue.ro\/fr\/wp-json\/wp\/v2\/product_cat?post=54513"},{"taxonomy":"giftcard-category","embeddable":true,"href":"https:\/\/totalblue.ro\/fr\/wp-json\/wp\/v2\/giftcard-category?post=54513"}],"curies":[{"name":"wp","href":"https:\/\/api.w.org\/{rel}","templated":true}]}}