{"id":54574,"date":"2022-06-08T12:57:09","date_gmt":"2022-06-08T09:57:09","guid":{"rendered":"https:\/\/totalblue.ro\/?post_type=product&#038;p=54574"},"modified":"2025-08-05T11:07:15","modified_gmt":"2025-08-05T08:07:15","slug":"mazare-maro-tip-capuchins-710-g-hak-import-olanda","status":"publish","type":"product","link":"https:\/\/totalblue.ro\/fr\/produs\/mazare-maro-tip-capuchins-710-g-hak-import-olanda\/","title":{"rendered":"Mazare maro tip Kapucijners 710 g, Hak, import Olanda"},"content":{"rendered":"<p>Le pois chiche est une l\u00e9gumineuse n\u00e9erlandaise classique en raison de sa saveur unique et de son go\u00fbt d\u00e9licieux.<br \/>\nD\u00e9licieux pour les salades ou les soupes.<br \/>\nNaturellement riche en fibres alimentaires.<br \/>\nUn bon substitut de viande.<br \/>\nDescriere: mazare maro tip Capuchins<br \/>\nLes sucres sont pr\u00e9sents \u00e0 l'\u00e9tat naturel.<br \/>\nSans gluten.<\/p>\n<p>Ne pas cuire le produit ! Les jeunes courges brunes de type capucins se r\u00e9chauffent simplement.<\/p>\n<p>Cand scoateti mazare maro tip Capuchins din borcan, folositi o lingura de lemn sau plastic. Nu utilizati continutul cand capacul este umflat.<\/p>\n<p>Continut si greutate:<br \/>\n715 de grame<br \/>\nGreutate fara lichid:<br \/>\n430 de grame<br \/>\nCaracteristici: Produs vegetarian, Fara gluten<br \/>\nIngrediente: mazare maro tip Capuchins, apa, sare de mare, antioxidant (EDTA calciu disodic).<\/p>\n<p>Informa\u021bii suplimentare:<br \/>\nSe prajesc 2 cepe tocate cu 1 catel de usturoi, se adauga cubulete de bacon si rondele de praz, se prajesc bine, se adauga capucinii scursi la final. Pofta buna ! Ideal si cu sos Piccalilly.<\/p>\n<p>Apr\u00e8s ouverture, conserver au r\u00e9frig\u00e9rateur (max. 7\u00b0C). Prot\u00e9ger de la lumi\u00e8re directe du soleil.<\/p>\n<p>Valeurs nutritionnelles\/100g :<br \/>\nEnergie 531 kJ (126 kcal)<br \/>\nGrasimi 0,9 g din care grasimi saturate 0,1 g<br \/>\nGlucide 15,6 g din care zaharuri1 0,6 g<br \/>\nFibre alimentare 8,9 g<br \/>\nProteine \u200b\u200b9,5 g<br \/>\nSel 0,3 g<\/p>\n<p>Fabriqu\u00e9 aux Pays-Bas par HAK B.V.<br \/>\nPostbus 2, 4283 ZG Giessen, Pays-Bas<br \/>\nImportateur et distributeur Total Blue Impex SRL<\/p>","protected":false},"excerpt":{"rendered":"<p>Hak mazare este o leguminoasa clasica olandeza datorita aromei sale unice si a gustului delicios. Delicioas pentru salate sau supe. Bogat natural in fibre dietetice. Un bun inlocuitor al carnii. Descriere: mazare maro tip Capuchins Zaharurile sunt prezente in mod natural. Fara Gluten. Nu gatiti produsul! Mazarea tanara maro tip Capuchins doar se incalzeste. Cand [&#8230;]\n","protected":false},"featured_media":54576,"comment_status":"open","ping_status":"closed","template":"","meta":{"_acf_changed":false,"_seopress_robots_primary_cat":"none","_seopress_titles_title":"","_seopress_titles_desc":"","_seopress_robots_index":""},"product_brand":[2014],"product_cat":[1555,1683,3272,1767],"giftcard-category":[],"class_list":{"0":"post-54574","1":"product","2":"type-product","3":"status-publish","4":"has-post-thumbnail","6":"product_brand-hak","7":"product_cat-bacanie","8":"product_cat-conserve-mancare-gatita","9":"product_cat-conserve","10":"product_cat-produse-olanda","12":"first","13":"outofstock","14":"taxable","15":"shipping-taxable","16":"purchasable","17":"product-type-simple"},"acf":[],"_links":{"self":[{"href":"https:\/\/totalblue.ro\/fr\/wp-json\/wp\/v2\/product\/54574","targetHints":{"allow":["GET"]}}],"collection":[{"href":"https:\/\/totalblue.ro\/fr\/wp-json\/wp\/v2\/product"}],"about":[{"href":"https:\/\/totalblue.ro\/fr\/wp-json\/wp\/v2\/types\/product"}],"replies":[{"embeddable":true,"href":"https:\/\/totalblue.ro\/fr\/wp-json\/wp\/v2\/comments?post=54574"}],"wp:featuredmedia":[{"embeddable":true,"href":"https:\/\/totalblue.ro\/fr\/wp-json\/wp\/v2\/media\/54576"}],"wp:attachment":[{"href":"https:\/\/totalblue.ro\/fr\/wp-json\/wp\/v2\/media?parent=54574"}],"wp:term":[{"taxonomy":"product_brand","embeddable":true,"href":"https:\/\/totalblue.ro\/fr\/wp-json\/wp\/v2\/product_brand?post=54574"},{"taxonomy":"product_cat","embeddable":true,"href":"https:\/\/totalblue.ro\/fr\/wp-json\/wp\/v2\/product_cat?post=54574"},{"taxonomy":"giftcard-category","embeddable":true,"href":"https:\/\/totalblue.ro\/fr\/wp-json\/wp\/v2\/giftcard-category?post=54574"}],"curies":[{"name":"wp","href":"https:\/\/api.w.org\/{rel}","templated":true}]}}